{"id":996,"date":"2023-02-27T14:40:57","date_gmt":"2023-02-27T13:40:57","guid":{"rendered":"https:\/\/vtsracing.de\/produkt\/tableau-de-bord-pour-lotus-elan-gts\/"},"modified":"2023-05-05T11:38:13","modified_gmt":"2023-05-05T09:38:13","slug":"tableau-de-bord-pour-lotus-elan-gts","status":"publish","type":"product","link":"https:\/\/vtsracing.de\/fr\/produkt\/tableau-de-bord-pour-lotus-elan-gts\/","title":{"rendered":"Tableau de bord pour Lotus Elan GTS"},"content":{"rendered":"<p>Nous fournissons les tableaux de bord pour l&rsquo;Elan GTS dans leur forme de base. Note toutefois que la forme doit \u00eatre l\u00e9g\u00e8rement diff\u00e9rente en raison de variations dans la carrosserie. Pour pouvoir ajuster le tableau de bord avec pr\u00e9cision, nous le fabriquons volontiers en surdimensionn\u00e9 sur demande.<br \/>\nDe m\u00eame, nous pouvons r\u00e9aliser d&rsquo;autres fraisages en fonction de tes indications, en ce qui concerne le nombre et la taille des instruments n\u00e9cessaires.<\/p>\n<p>Les co\u00fbts sont plus \u00e9lev\u00e9s et nous devons les calculer individuellement pour toi.<\/p>\n<p>Le mat\u00e9riau de base des tableaux de bord est un panneau multiplex en bouleau coll\u00e9 de mani\u00e8re imperm\u00e9able, l&rsquo;\u00e9paisseur totale y compris le placage est d&rsquo;environ 10 mm<\/p>\n<p><span style=\"color: #ff0000;\">ATTENTION <span class=\"w-text-h\"><span class=\"w-text-value\">Les pi\u00e8ces que nous proposons \u00e0 la vente ici sont destin\u00e9es aux pistes et aux circuits. Ils ne sont pas homologu\u00e9s pour la route !<\/span><\/span><\/span><\/p>\n","protected":false},"excerpt":{"rendered":"<p>Le tableau de bord peut \u00eatre fabriqu\u00e9 diff\u00e9remment selon tes sp\u00e9cifications et est disponible en diff\u00e9rentes essences de bois.<\/p>\n","protected":false},"featured_media":2383,"template":"","meta":[],"product_brand":[],"product_cat":[171],"product_tag":[],"class_list":{"0":"post-996","1":"product","2":"type-product","3":"status-publish","4":"has-post-thumbnail","6":"product_cat-oldtimer-dashboards-aus-holz-fr","8":"first","9":"onbackorder","10":"taxable","11":"shipping-taxable","12":"purchasable","13":"product-type-variable","14":"has-default-attributes"},"_links":{"self":[{"href":"https:\/\/vtsracing.de\/fr\/wp-json\/wp\/v2\/product\/996","targetHints":{"allow":["GET"]}}],"collection":[{"href":"https:\/\/vtsracing.de\/fr\/wp-json\/wp\/v2\/product"}],"about":[{"href":"https:\/\/vtsracing.de\/fr\/wp-json\/wp\/v2\/types\/product"}],"wp:featuredmedia":[{"embeddable":true,"href":"https:\/\/vtsracing.de\/fr\/wp-json\/wp\/v2\/media\/2383"}],"wp:attachment":[{"href":"https:\/\/vtsracing.de\/fr\/wp-json\/wp\/v2\/media?parent=996"}],"wp:term":[{"taxonomy":"product_brand","embeddable":true,"href":"https:\/\/vtsracing.de\/fr\/wp-json\/wp\/v2\/product_brand?post=996"},{"taxonomy":"product_cat","embeddable":true,"href":"https:\/\/vtsracing.de\/fr\/wp-json\/wp\/v2\/product_cat?post=996"},{"taxonomy":"product_tag","embeddable":true,"href":"https:\/\/vtsracing.de\/fr\/wp-json\/wp\/v2\/product_tag?post=996"}],"curies":[{"name":"wp","href":"https:\/\/api.w.org\/{rel}","templated":true}]}}