{"id":614,"date":"2022-12-08T14:24:59","date_gmt":"2022-12-08T13:24:59","guid":{"rendered":"https:\/\/vtsracing.de\/produkt\/pare-chocs-avant-lotus-exige-v6\/"},"modified":"2023-04-07T09:22:12","modified_gmt":"2023-04-07T07:22:12","slug":"frontsplitter-lotus-exige-v6-en-alu-dibond-3mm-metal-anodise-et-brule","status":"publish","type":"product","link":"https:\/\/vtsracing.de\/fr\/produkt\/frontsplitter-lotus-exige-v6-en-alu-dibond-3mm-metal-anodise-et-brule\/","title":{"rendered":"Pare-chocs avant Lotus Exige V6"},"content":{"rendered":"<p>Pare-chocs avant Lotus Exige V6 disponible en diff\u00e9rentes versions.<\/p>\n<p>Mat\u00e9riau Panneau composite Alu Dibond 3mm<\/p>\n<p>Informations sur le produit, la qualit\u00e9 et les propri\u00e9t\u00e9s de la surface, voir le lien :<br \/>\n<a href=\"https:\/\/www.thyssenkrupp-plastics.de\/de\/viskom\/display-und-schilder\/dibond\">Panneaux composites aluminium DIBOND\u00ae (thyssenkrupp-plastics.de)<\/a><\/p>\n<p>Particuli\u00e8rement l\u00e9ger avec une tr\u00e8s bonne stabilit\u00e9 et r\u00e9sistant aux intemp\u00e9ries (selon la surface, voir lien)<br \/>\nLes trous doivent \u00eatre adapt\u00e9s individuellement car les v\u00e9hicules sont en partie diff\u00e9rents.<br \/>\nLa colle de montage et les vis ne sont pas incluses.<br \/>\n(Sur demande, il est \u00e9galement possible de convenir d&rsquo;une date de montage dans nos ateliers).<\/p>\n<p><span style=\"color: #ff0000;\">ATTENTION <span class=\"w-text-h\"><span class=\"w-text-value\">Les pi\u00e8ces que nous proposons \u00e0 la vente ici sont destin\u00e9es aux pistes et aux circuits. Ils ne sont pas homologu\u00e9s pour la route !<\/span><\/span><\/span><\/p>\n","protected":false},"excerpt":{"rendered":"<p>Pare-chocs avant Lotus Exige V6<\/p>\n<p><span style=\"color: #ff0000;\">ATTENTION <span class=\"w-text-h\"><span class=\"w-text-value\">Les pi\u00e8ces que nous proposons \u00e0 la vente ici sont destin\u00e9es aux pistes et aux circuits. Ils ne sont pas homologu\u00e9s pour la route !<\/span><\/span><\/span><\/p>\n","protected":false},"featured_media":393,"template":"","meta":[],"product_brand":[],"product_cat":[158],"product_tag":[],"class_list":{"0":"post-614","1":"product","2":"type-product","3":"status-publish","4":"has-post-thumbnail","6":"product_cat-lotus-exige-fr","8":"first","9":"instock","10":"featured","11":"taxable","12":"shipping-taxable","13":"purchasable","14":"product-type-variable","15":"has-default-attributes"},"_links":{"self":[{"href":"https:\/\/vtsracing.de\/fr\/wp-json\/wp\/v2\/product\/614","targetHints":{"allow":["GET"]}}],"collection":[{"href":"https:\/\/vtsracing.de\/fr\/wp-json\/wp\/v2\/product"}],"about":[{"href":"https:\/\/vtsracing.de\/fr\/wp-json\/wp\/v2\/types\/product"}],"wp:featuredmedia":[{"embeddable":true,"href":"https:\/\/vtsracing.de\/fr\/wp-json\/wp\/v2\/media\/393"}],"wp:attachment":[{"href":"https:\/\/vtsracing.de\/fr\/wp-json\/wp\/v2\/media?parent=614"}],"wp:term":[{"taxonomy":"product_brand","embeddable":true,"href":"https:\/\/vtsracing.de\/fr\/wp-json\/wp\/v2\/product_brand?post=614"},{"taxonomy":"product_cat","embeddable":true,"href":"https:\/\/vtsracing.de\/fr\/wp-json\/wp\/v2\/product_cat?post=614"},{"taxonomy":"product_tag","embeddable":true,"href":"https:\/\/vtsracing.de\/fr\/wp-json\/wp\/v2\/product_tag?post=614"}],"curies":[{"name":"wp","href":"https:\/\/api.w.org\/{rel}","templated":true}]}}