{"id":2492,"date":"2023-05-05T12:44:19","date_gmt":"2023-05-05T10:44:19","guid":{"rendered":"https:\/\/vtsracing.de\/produkt\/plaquette-de-chute-lotus\/"},"modified":"2023-05-05T12:44:19","modified_gmt":"2023-05-05T10:44:19","slug":"sturzplaettchen-lotus","status":"publish","type":"product","link":"https:\/\/vtsracing.de\/fr\/produkt\/sturzplaettchen-lotus\/","title":{"rendered":"Plaquette de chute Lotus"},"content":{"rendered":"<p>Plaquettes de carrossage pour ajuster les valeurs de carrossage sur les voitures Lotus.<\/p>\n<p>&nbsp;<\/p>\n<p>Gr\u00e2ce \u00e0 la conception bien pens\u00e9e des plaquettes, il n&rsquo;est pas n\u00e9cessaire de desserrer compl\u00e8tement les vis,<br \/>\ndonc moins d&rsquo;efforts et un travail plus facile et plus rapide lors de la modification ou de la correction des valeurs de linteau.<\/p>\n<p>En raison de leur conception, les plaquettes peuvent \u00eatre utilis\u00e9es aussi bien sur l&rsquo;essieu avant que sur l&rsquo;essieu arri\u00e8re,<br \/>\nPour une utilisation sur l&rsquo;essieu arri\u00e8re, il suffit de plier ou de couper la plaquette au niveau des encoches.<\/p>\n<p>Version acier inoxydable en diff\u00e9rentes \u00e9paisseurs (0,5mm &#8211; 1,0mm &#8211; 2,0mm).<\/p>\n<p>Pour les v\u00e9hicules suivants :<\/p>\n<p>&#8211; Lotus Elise Mk1 \u00e0 Mk3<br \/>\n&#8211; Lotus Exige Mk1 \u00e0 Mk2<br \/>\n&#8211; Lotus 2-Eleven<br \/>\n&#8211; Lotus Europa S<br \/>\n&#8211; Lotus Exige S V6\/410 etc. (essieu avant uniquement)<br \/>\n&#8211; Lotus 3-Eleven (essieu avant uniquement)<br \/>\n&#8211; Opel Speedster<\/p>\n","protected":false},"excerpt":{"rendered":"<p>Plaquettes de carrossage pour ajuster les valeurs de carrossage sur les voitures Lotus.<br \/>\nVersion acier inoxydable en diff\u00e9rentes \u00e9paisseurs (0,5mm &#8211; 1,0mm &#8211; 2,0mm).<\/p>\n<p><span style=\"color: #ff0000;\">ATTENTION <span class=\"w-text-h\"><span class=\"w-text-value\">Les pi\u00e8ces que nous proposons \u00e0 la vente ici sont destin\u00e9es aux pistes et aux circuits. Ils ne sont pas homologu\u00e9s pour la route !<\/span><\/span><\/span><\/p>\n","protected":false},"featured_media":2483,"template":"","meta":[],"product_brand":[],"product_cat":[151],"product_tag":[],"class_list":{"0":"post-2492","1":"product","2":"type-product","3":"status-publish","4":"has-post-thumbnail","6":"product_cat-pieces-de-suspension-speciales-course-piste","8":"first","9":"instock","10":"taxable","11":"shipping-taxable","12":"purchasable","13":"product-type-variable"},"_links":{"self":[{"href":"https:\/\/vtsracing.de\/fr\/wp-json\/wp\/v2\/product\/2492","targetHints":{"allow":["GET"]}}],"collection":[{"href":"https:\/\/vtsracing.de\/fr\/wp-json\/wp\/v2\/product"}],"about":[{"href":"https:\/\/vtsracing.de\/fr\/wp-json\/wp\/v2\/types\/product"}],"wp:featuredmedia":[{"embeddable":true,"href":"https:\/\/vtsracing.de\/fr\/wp-json\/wp\/v2\/media\/2483"}],"wp:attachment":[{"href":"https:\/\/vtsracing.de\/fr\/wp-json\/wp\/v2\/media?parent=2492"}],"wp:term":[{"taxonomy":"product_brand","embeddable":true,"href":"https:\/\/vtsracing.de\/fr\/wp-json\/wp\/v2\/product_brand?post=2492"},{"taxonomy":"product_cat","embeddable":true,"href":"https:\/\/vtsracing.de\/fr\/wp-json\/wp\/v2\/product_cat?post=2492"},{"taxonomy":"product_tag","embeddable":true,"href":"https:\/\/vtsracing.de\/fr\/wp-json\/wp\/v2\/product_tag?post=2492"}],"curies":[{"name":"wp","href":"https:\/\/api.w.org\/{rel}","templated":true}]}}