{"id":1763,"date":"2023-03-14T15:11:25","date_gmt":"2023-03-14T14:11:25","guid":{"rendered":"https:\/\/vtsracing.de\/produkt\/reglage-de-la-geometrie-des-essieux-chasse\/"},"modified":"2024-01-01T00:32:33","modified_gmt":"2023-12-31T23:32:33","slug":"setup-geometrie-essieu-suivi","status":"publish","type":"product","link":"https:\/\/vtsracing.de\/fr\/produkt\/setup-geometrie-essieu-suivi\/","title":{"rendered":"R\u00e9glage de la g\u00e9om\u00e9trie des essieux &#8211; chasse"},"content":{"rendered":"<p>Ce forfait comprend les services suivants :<\/p>\n<p>&#8211; Documentation et r\u00e9glage de la chasse sur l&rsquo;essieu avant *.<\/p>\n<p>Petit mat\u00e9riel inclus.<\/p>\n<p><strong>Les pi\u00e8ces de rechange et de remplacement n\u00e9cessaires ne sont pas comprises et sont factur\u00e9es s\u00e9par\u00e9ment.<\/strong><\/p>\n<p><em>* le prix n&rsquo;est valable que pour les v\u00e9hicules Lotus \u00e0 partir de l&rsquo;ann\u00e9e de construction 1995, pour les autres v\u00e9hicules, la facturation se fait en fonction du travail effectu\u00e9.<\/em><strong><br \/>\n<\/strong><\/p>\n<p><span style=\"color: #ff0000;\">ATTENTION : La concertation se fait en accord avec le client. Nous attirons express\u00e9ment votre attention sur le fait qu&rsquo;il ne doit pas \u00eatre utilis\u00e9 dans le cadre du code de la route et qu&rsquo;il ne doit \u00eatre utilis\u00e9 que pour les pistes de course.<span class=\"w-text-h\"><br \/>\n  <span class=\"w-text-value\">Il ne doit \u00eatre utilis\u00e9 que sur des pistes et des circuits de course !<\/span><br \/>\n<\/span><\/span><\/p>\n","protected":false},"excerpt":{"rendered":"<p>Ce pack comprend les prestations suivantes et ne peut \u00eatre command\u00e9 qu&rsquo;en combinaison avec le pack de base G\u00e9om\u00e9trie des essieux :<br \/>\n&#8211; Documentation et r\u00e9glage de la chasse sur l&rsquo;essieu avant<\/p>\n","protected":false},"featured_media":1014,"template":"","meta":[],"product_brand":[],"product_cat":[198],"product_tag":[],"class_list":{"0":"post-1763","1":"product","2":"type-product","3":"status-publish","4":"has-post-thumbnail","6":"product_cat-reglage-de-la-geometrie-de-la-suspension","8":"first","9":"instock","10":"taxable","11":"shipping-taxable","12":"purchasable","13":"product-type-simple"},"_links":{"self":[{"href":"https:\/\/vtsracing.de\/fr\/wp-json\/wp\/v2\/product\/1763","targetHints":{"allow":["GET"]}}],"collection":[{"href":"https:\/\/vtsracing.de\/fr\/wp-json\/wp\/v2\/product"}],"about":[{"href":"https:\/\/vtsracing.de\/fr\/wp-json\/wp\/v2\/types\/product"}],"wp:featuredmedia":[{"embeddable":true,"href":"https:\/\/vtsracing.de\/fr\/wp-json\/wp\/v2\/media\/1014"}],"wp:attachment":[{"href":"https:\/\/vtsracing.de\/fr\/wp-json\/wp\/v2\/media?parent=1763"}],"wp:term":[{"taxonomy":"product_brand","embeddable":true,"href":"https:\/\/vtsracing.de\/fr\/wp-json\/wp\/v2\/product_brand?post=1763"},{"taxonomy":"product_cat","embeddable":true,"href":"https:\/\/vtsracing.de\/fr\/wp-json\/wp\/v2\/product_cat?post=1763"},{"taxonomy":"product_tag","embeddable":true,"href":"https:\/\/vtsracing.de\/fr\/wp-json\/wp\/v2\/product_tag?post=1763"}],"curies":[{"name":"wp","href":"https:\/\/api.w.org\/{rel}","templated":true}]}}