{"id":1761,"date":"2023-03-14T15:19:38","date_gmt":"2023-03-14T14:19:38","guid":{"rendered":"https:\/\/vtsracing.de\/produkt\/setup-geometrie-de-laxe-paquet-complet\/"},"modified":"2024-01-01T00:32:33","modified_gmt":"2023-12-31T23:32:33","slug":"package-global-configuration-geometrie-des-essieux","status":"publish","type":"product","link":"https:\/\/vtsracing.de\/fr\/produkt\/package-global-configuration-geometrie-des-essieux\/","title":{"rendered":"Setup g\u00e9om\u00e9trie de l&rsquo;axe &#8211; paquet complet"},"content":{"rendered":"<p>Ce forfait comprend les services suivants :<\/p>\n<ol>\n<li>Contr\u00f4le et documentation du v\u00e9hicule en g\u00e9n\u00e9ral :<br \/>\n&#8211; Type de v\u00e9hicule<br \/>\n&#8211; Type de pneu<br \/>\n&#8211; Pression atmosph\u00e9rique<br \/>\n&#8211; Type de ch\u00e2ssis<br \/>\n&#8211; R\u00e9glage de l&rsquo;amortisseur<br \/>\n&#8211; R\u00e9glage du stabilisateur<br \/>\n&#8211; Mesure de la largeur de voie pour l&rsquo;alignement des roues<\/li>\n<li>Mesure d&rsquo;entr\u00e9e &#8211; documentation des valeurs g\u00e9om\u00e9triques des axes donn\u00e9es :<br \/>\n&#8211; Carrossage des roues<br \/>\n&#8211; Piste individuelle \/ Piste totale<\/li>\n<li>Mesure de sortie &#8211; documentation et r\u00e9glage des valeurs de g\u00e9om\u00e9trie d&rsquo;axe souhait\u00e9es :<br \/>\n&#8211; Piste individuelle \/ Piste totale<\/li>\n<li>Documentation, optimisation et r\u00e9glage de la g\u00e9om\u00e9trie du carrossage sur les essieux avant et arri\u00e8re<\/li>\n<li>Documentation et r\u00e9glage de la chasse sur l&rsquo;essieu avant *.<\/li>\n<li>Documentation du poids du v\u00e9hicule et des charges par roue, r\u00e9glage des charges par roue<br \/>\n&#8211; R\u00e9glage des charges de roue<br \/>\n&#8211; Documentation des charges diagonales (Crossweight)<br \/>\n&#8211; Documentation de la r\u00e9partition du poids de l&rsquo;avant vers l&rsquo;arri\u00e8re<br \/>\n&#8211; Documentation de la hauteur du v\u00e9hicule \u00e0 l&rsquo;avant et \u00e0 l&rsquo;arri\u00e8re et de la pente (rake)<\/li>\n<\/ol>\n<p>Petit mat\u00e9riel inclus.<\/p>\n<p><strong>Les pi\u00e8ces de rechange et de remplacement n\u00e9cessaires ne sont pas comprises et sont factur\u00e9es s\u00e9par\u00e9ment.<\/strong><\/p>\n<p><em>* le prix n&rsquo;est valable que pour les v\u00e9hicules Lotus \u00e0 partir de l&rsquo;ann\u00e9e de construction 1996, pour les autres v\u00e9hicules, la facturation se fait en fonction du travail effectu\u00e9.<\/em><strong><br \/>\n<\/strong><\/p>\n<p><span style=\"color: #ff0000;\">ATTENTION : La concertation se fait en accord avec le client. Nous attirons express\u00e9ment votre attention sur le fait qu&rsquo;il ne doit pas \u00eatre utilis\u00e9 dans le cadre du code de la route et qu&rsquo;il ne doit \u00eatre utilis\u00e9 que pour les pistes de course.<span class=\"w-text-h\"><br \/>\n  <span class=\"w-text-value\">Il ne doit \u00eatre utilis\u00e9 que sur des pistes et des circuits de course !<\/span><br \/>\n<\/span><\/span><\/p>\n","protected":false},"excerpt":{"rendered":"<p>Ce paquet comprend le paquet 3 de la g\u00e9om\u00e9trie des essieux et les services suppl\u00e9mentaires suivants :<br \/>\n&#8211; Documentation du poids du v\u00e9hicule et des charges par roue, r\u00e9glage des charges par roue<\/p>\n","protected":false},"featured_media":1014,"template":"","meta":[],"product_brand":[],"product_cat":[198],"product_tag":[],"class_list":{"0":"post-1761","1":"product","2":"type-product","3":"status-publish","4":"has-post-thumbnail","6":"product_cat-reglage-de-la-geometrie-de-la-suspension","8":"first","9":"instock","10":"taxable","11":"shipping-taxable","12":"purchasable","13":"product-type-simple"},"_links":{"self":[{"href":"https:\/\/vtsracing.de\/fr\/wp-json\/wp\/v2\/product\/1761","targetHints":{"allow":["GET"]}}],"collection":[{"href":"https:\/\/vtsracing.de\/fr\/wp-json\/wp\/v2\/product"}],"about":[{"href":"https:\/\/vtsracing.de\/fr\/wp-json\/wp\/v2\/types\/product"}],"wp:featuredmedia":[{"embeddable":true,"href":"https:\/\/vtsracing.de\/fr\/wp-json\/wp\/v2\/media\/1014"}],"wp:attachment":[{"href":"https:\/\/vtsracing.de\/fr\/wp-json\/wp\/v2\/media?parent=1761"}],"wp:term":[{"taxonomy":"product_brand","embeddable":true,"href":"https:\/\/vtsracing.de\/fr\/wp-json\/wp\/v2\/product_brand?post=1761"},{"taxonomy":"product_cat","embeddable":true,"href":"https:\/\/vtsracing.de\/fr\/wp-json\/wp\/v2\/product_cat?post=1761"},{"taxonomy":"product_tag","embeddable":true,"href":"https:\/\/vtsracing.de\/fr\/wp-json\/wp\/v2\/product_tag?post=1761"}],"curies":[{"name":"wp","href":"https:\/\/api.w.org\/{rel}","templated":true}]}}