{"id":2691,"date":"2023-04-14T09:56:40","date_gmt":"2023-04-14T07:56:40","guid":{"rendered":"https:\/\/vtsracing.de\/elva-mk7s\/"},"modified":"2023-09-18T12:37:30","modified_gmt":"2023-09-18T10:37:30","slug":"elva-mk7s","status":"publish","type":"page","link":"https:\/\/vtsracing.de\/fr\/elva-mk7s\/","title":{"rendered":"Elva Mk7s"},"content":{"rendered":"<section class=\"l-section wpb_row height_medium\"><div class=\"l-section-h i-cf\"><div class=\"g-cols vc_row via_grid cols_2 laptops-cols_inherit tablets-cols_inherit mobiles-cols_1 valign_top type_default stacking_default\"><div class=\"wpb_column vc_column_container\"><div class=\"vc_column-inner\"><div class=\"w-image align_center\"><div class=\"w-image-h\"><img decoding=\"async\" width=\"600\" height=\"450\" src=\"https:\/\/vtsracing.de\/wp-content\/uploads\/2023\/09\/Elva-Mk7s-06-600x450.jpg\" class=\"attachment-woocommerce_single size-woocommerce_single\" alt=\"VTS Racing by Vali - Elva Mk7s\" loading=\"lazy\" srcset=\"https:\/\/vtsracing.de\/wp-content\/uploads\/2023\/09\/Elva-Mk7s-06-600x450.jpg 600w, https:\/\/vtsracing.de\/wp-content\/uploads\/2023\/09\/Elva-Mk7s-06-300x225.jpg 300w, https:\/\/vtsracing.de\/wp-content\/uploads\/2023\/09\/Elva-Mk7s-06.jpg 1000w\" sizes=\"auto, (max-width: 600px) 100vw, 600px\" \/><\/div><\/div><\/div><\/div><div class=\"wpb_column vc_column_container\"><div class=\"vc_column-inner\"><div class=\"wpb_text_column\"><div class=\"wpb_wrapper\"><h2><span style=\"text-decoration: underline;\">Elva Mk7s<\/span><\/h2>\n<p>Ann\u00e9e de construction : 1964<br \/>\nPS : 220<br \/>\nPoids du v\u00e9hicule : 485 kg<\/p>\n<p>Cette Elva Mk7s, portant le num\u00e9ro 70\/049, a \u00e9t\u00e9 construite en janvier 1964 et import\u00e9e par Carl Haas, l&rsquo;importateur g\u00e9n\u00e9ral \u00e0 Chicago\/USA. L\u00e0, la voiture de course \u00e9tait la propri\u00e9t\u00e9 de Messr Parker (1964-1970), Lynch (1971-1985) et Rudd (1986-1989). Elle est ensuite revenue en Europe, en Italie et en France, pour finalement retourner en Grande-Bretagne. Une r\u00e9vision du ch\u00e2ssis, de la carrosserie et du moteur y a \u00e9t\u00e9 effectu\u00e9e. En 2014, cette MK7 a \u00e9t\u00e9 conduite en course par Chris Rea, le c\u00e9l\u00e8bre chanteur, lors de la Silverstone Classic. Cependant, il y a eu une collision avec une Lola T70. Chris Rea est ensuite rentr\u00e9 au box et a abandonn\u00e9 la course.<\/p>\n<p>En 2022, Valentin Schuhmann a repris l&rsquo;Elva Mk7s. La voiture a \u00e9t\u00e9 r\u00e9nov\u00e9e en ce qui concerne le syst\u00e8me \u00e9lectrique, les conduites d&rsquo;huile et d&rsquo;essence, la protection contre la chaleur, etc. Pour ce faire, la carrosserie, d\u00e9chir\u00e9e par endroits, a \u00e9t\u00e9 r\u00e9par\u00e9e et repeinte. Dans l&rsquo;imm\u00e9diat, il s&rsquo;agit de r\u00e9gler le ch\u00e2ssis et la g\u00e9om\u00e9trie des essieux de mani\u00e8re ad\u00e9quate.<\/p>\n<\/div><\/div><\/div><\/div><\/div><\/div><\/section><section class=\"l-section wpb_row us_custom_e4eb24e1 height_small\"><div class=\"l-section-h i-cf\"><div class=\"g-cols vc_row via_grid cols_1 laptops-cols_inherit tablets-cols_inherit mobiles-cols_1 valign_top type_default stacking_default\"><div class=\"wpb_column vc_column_container\"><div class=\"vc_column-inner\"><div class=\"w-grid type_masonry layout_gallery_default cols_4 with_isotope with_css_animation\" id=\"us_grid_1\" style=\"--columns:4;--gap:1.5rem;\" data-filterable=\"true\"><style>@media (max-width:1280px){#us_grid_1{--columns:3!important}}@media (max-width:1024px){#us_grid_1{--columns:2!important}}@media (max-width:600px){#us_grid_1{--columns:1!important}}.layout_gallery_default .w-grid-item-h{}<\/style><div class=\"w-grid-list\">\t<article class=\"w-grid-item us_animate_afc off_autostart size_1x1 post-2571 attachment type-attachment status-inherit hentry\" data-id=\"2571\" style=\"animation-delay:0s\">\r\n\t\t<div class=\"w-grid-item-h\">\r\n\t\t\t\t\t\t\t<a ref=\"magnificPopupGrid\" href=\"https:\/\/vtsracing.de\/wp-content\/uploads\/2023\/09\/Elva-Mk7s-05.jpg\" class=\"w-grid-item-anchor\" aria-label=\"VTS Racing by Vali - Elva Mk7s\"><\/a>\r\n\t\t\t\t\t\t<div class=\"w-post-elm post_image usg_post_image_1 stretched\"><img loading=\"lazy\" decoding=\"async\" width=\"1000\" height=\"750\" src=\"https:\/\/vtsracing.de\/wp-content\/uploads\/2023\/09\/Elva-Mk7s-05.jpg\" class=\"attachment-large size-large\" alt=\"VTS Racing by Vali - Elva Mk7s\" srcset=\"https:\/\/vtsracing.de\/wp-content\/uploads\/2023\/09\/Elva-Mk7s-05.jpg 1000w, https:\/\/vtsracing.de\/wp-content\/uploads\/2023\/09\/Elva-Mk7s-05-300x225.jpg 300w, https:\/\/vtsracing.de\/wp-content\/uploads\/2023\/09\/Elva-Mk7s-05-600x450.jpg 600w\" sizes=\"auto, (max-width: 1000px) 100vw, 1000px\" \/><\/div>\t\t<\/div>\r\n\t\t\t<\/article>\r\n\t<article class=\"w-grid-item us_animate_afc off_autostart size_1x1 post-2568 attachment type-attachment status-inherit hentry\" data-id=\"2568\" style=\"animation-delay:0.1s\">\r\n\t\t<div class=\"w-grid-item-h\">\r\n\t\t\t\t\t\t\t<a ref=\"magnificPopupGrid\" href=\"https:\/\/vtsracing.de\/wp-content\/uploads\/2023\/09\/Elva-Mk7s-04.jpg\" class=\"w-grid-item-anchor\" aria-label=\"VTS Racing by Vali - Elva Mk7s\"><\/a>\r\n\t\t\t\t\t\t<div class=\"w-post-elm post_image usg_post_image_1 stretched\"><img loading=\"lazy\" decoding=\"async\" width=\"1000\" height=\"750\" src=\"https:\/\/vtsracing.de\/wp-content\/uploads\/2023\/09\/Elva-Mk7s-04.jpg\" class=\"attachment-large size-large\" alt=\"VTS Racing by Vali - Elva Mk7s\" srcset=\"https:\/\/vtsracing.de\/wp-content\/uploads\/2023\/09\/Elva-Mk7s-04.jpg 1000w, https:\/\/vtsracing.de\/wp-content\/uploads\/2023\/09\/Elva-Mk7s-04-300x225.jpg 300w, https:\/\/vtsracing.de\/wp-content\/uploads\/2023\/09\/Elva-Mk7s-04-600x450.jpg 600w\" sizes=\"auto, (max-width: 1000px) 100vw, 1000px\" \/><\/div>\t\t<\/div>\r\n\t\t\t<\/article>\r\n\t<article class=\"w-grid-item us_animate_afc off_autostart size_1x1 post-2565 attachment type-attachment status-inherit hentry\" data-id=\"2565\" style=\"animation-delay:0.2s\">\r\n\t\t<div class=\"w-grid-item-h\">\r\n\t\t\t\t\t\t\t<a ref=\"magnificPopupGrid\" href=\"https:\/\/vtsracing.de\/wp-content\/uploads\/2023\/09\/Elva-Mk7s-03.jpg\" class=\"w-grid-item-anchor\" aria-label=\"VTS Racing by Vali - Elva Mk7s\"><\/a>\r\n\t\t\t\t\t\t<div class=\"w-post-elm post_image usg_post_image_1 stretched\"><img loading=\"lazy\" decoding=\"async\" width=\"1000\" height=\"668\" src=\"https:\/\/vtsracing.de\/wp-content\/uploads\/2023\/09\/Elva-Mk7s-03.jpg\" class=\"attachment-large size-large\" alt=\"VTS Racing by Vali - Elva Mk7s\" srcset=\"https:\/\/vtsracing.de\/wp-content\/uploads\/2023\/09\/Elva-Mk7s-03.jpg 1000w, https:\/\/vtsracing.de\/wp-content\/uploads\/2023\/09\/Elva-Mk7s-03-300x200.jpg 300w, https:\/\/vtsracing.de\/wp-content\/uploads\/2023\/09\/Elva-Mk7s-03-600x401.jpg 600w\" sizes=\"auto, (max-width: 1000px) 100vw, 1000px\" \/><\/div>\t\t<\/div>\r\n\t\t\t<\/article>\r\n\t<article class=\"w-grid-item us_animate_afc off_autostart size_1x1 post-2584 attachment type-attachment status-inherit hentry\" data-id=\"2584\" style=\"animation-delay:0.3s\">\r\n\t\t<div class=\"w-grid-item-h\">\r\n\t\t\t\t\t\t\t<a ref=\"magnificPopupGrid\" href=\"https:\/\/vtsracing.de\/wp-content\/uploads\/2023\/09\/Elva-Mk7s-08.jpg\" class=\"w-grid-item-anchor\" aria-label=\"VTS Racing by Vali - Elva Mk7s\"><\/a>\r\n\t\t\t\t\t\t<div class=\"w-post-elm post_image usg_post_image_1 stretched\"><img loading=\"lazy\" decoding=\"async\" width=\"750\" height=\"1000\" src=\"https:\/\/vtsracing.de\/wp-content\/uploads\/2023\/09\/Elva-Mk7s-08.jpg\" class=\"attachment-large size-large\" alt=\"VTS Racing by Vali - Elva Mk7s\" srcset=\"https:\/\/vtsracing.de\/wp-content\/uploads\/2023\/09\/Elva-Mk7s-08.jpg 750w, https:\/\/vtsracing.de\/wp-content\/uploads\/2023\/09\/Elva-Mk7s-08-225x300.jpg 225w, https:\/\/vtsracing.de\/wp-content\/uploads\/2023\/09\/Elva-Mk7s-08-600x800.jpg 600w\" sizes=\"auto, (max-width: 750px) 100vw, 750px\" \/><\/div>\t\t<\/div>\r\n\t\t\t<\/article>\r\n\t<article class=\"w-grid-item us_animate_afc off_autostart size_1x1 post-2581 attachment type-attachment status-inherit hentry\" data-id=\"2581\" style=\"animation-delay:0.4s\">\r\n\t\t<div class=\"w-grid-item-h\">\r\n\t\t\t\t\t\t\t<a ref=\"magnificPopupGrid\" href=\"https:\/\/vtsracing.de\/wp-content\/uploads\/2023\/09\/Elva-Mk7s-07.jpg\" class=\"w-grid-item-anchor\" aria-label=\"VTS Racing by Vali - Elva Mk7s\"><\/a>\r\n\t\t\t\t\t\t<div class=\"w-post-elm post_image usg_post_image_1 stretched\"><img loading=\"lazy\" decoding=\"async\" width=\"1000\" height=\"669\" src=\"https:\/\/vtsracing.de\/wp-content\/uploads\/2023\/09\/Elva-Mk7s-07.jpg\" class=\"attachment-large size-large\" alt=\"VTS Racing by Vali - Elva Mk7s\" srcset=\"https:\/\/vtsracing.de\/wp-content\/uploads\/2023\/09\/Elva-Mk7s-07.jpg 1000w, https:\/\/vtsracing.de\/wp-content\/uploads\/2023\/09\/Elva-Mk7s-07-300x201.jpg 300w, https:\/\/vtsracing.de\/wp-content\/uploads\/2023\/09\/Elva-Mk7s-07-600x401.jpg 600w\" sizes=\"auto, (max-width: 1000px) 100vw, 1000px\" \/><\/div>\t\t<\/div>\r\n\t\t\t<\/article>\r\n\t<article class=\"w-grid-item us_animate_afc off_autostart size_1x1 post-2562 attachment type-attachment status-inherit hentry\" data-id=\"2562\" style=\"animation-delay:0.5s\">\r\n\t\t<div class=\"w-grid-item-h\">\r\n\t\t\t\t\t\t\t<a ref=\"magnificPopupGrid\" href=\"https:\/\/vtsracing.de\/wp-content\/uploads\/2023\/09\/Elva-Mk7s-02.jpg\" class=\"w-grid-item-anchor\" aria-label=\"VTS Racing by Vali - Elva Mk7s\"><\/a>\r\n\t\t\t\t\t\t<div class=\"w-post-elm post_image usg_post_image_1 stretched\"><img loading=\"lazy\" decoding=\"async\" width=\"1000\" height=\"667\" src=\"https:\/\/vtsracing.de\/wp-content\/uploads\/2023\/09\/Elva-Mk7s-02.jpg\" class=\"attachment-large size-large\" alt=\"VTS Racing by Vali - Elva Mk7s\" srcset=\"https:\/\/vtsracing.de\/wp-content\/uploads\/2023\/09\/Elva-Mk7s-02.jpg 1000w, https:\/\/vtsracing.de\/wp-content\/uploads\/2023\/09\/Elva-Mk7s-02-300x200.jpg 300w, https:\/\/vtsracing.de\/wp-content\/uploads\/2023\/09\/Elva-Mk7s-02-600x400.jpg 600w\" sizes=\"auto, (max-width: 1000px) 100vw, 1000px\" \/><\/div>\t\t<\/div>\r\n\t\t\t<\/article>\r\n\t<article class=\"w-grid-item us_animate_afc off_autostart size_1x1 post-2559 attachment type-attachment status-inherit hentry\" data-id=\"2559\" style=\"animation-delay:0.6s\">\r\n\t\t<div class=\"w-grid-item-h\">\r\n\t\t\t\t\t\t\t<a ref=\"magnificPopupGrid\" href=\"https:\/\/vtsracing.de\/wp-content\/uploads\/2023\/09\/Elva-Mk7s-01.jpg\" class=\"w-grid-item-anchor\" aria-label=\"VTS Racing by Vali - Elva Mk7s\"><\/a>\r\n\t\t\t\t\t\t<div class=\"w-post-elm post_image usg_post_image_1 stretched\"><img loading=\"lazy\" decoding=\"async\" width=\"1000\" height=\"667\" src=\"https:\/\/vtsracing.de\/wp-content\/uploads\/2023\/09\/Elva-Mk7s-01.jpg\" class=\"attachment-large size-large\" alt=\"VTS Racing by Vali - Elva Mk7s\" srcset=\"https:\/\/vtsracing.de\/wp-content\/uploads\/2023\/09\/Elva-Mk7s-01.jpg 1000w, https:\/\/vtsracing.de\/wp-content\/uploads\/2023\/09\/Elva-Mk7s-01-300x200.jpg 300w, https:\/\/vtsracing.de\/wp-content\/uploads\/2023\/09\/Elva-Mk7s-01-600x400.jpg 600w\" sizes=\"auto, (max-width: 1000px) 100vw, 1000px\" \/><\/div>\t\t<\/div>\r\n\t\t\t<\/article>\r\n\t<article class=\"w-grid-item us_animate_afc off_autostart size_1x1 post-2552 attachment type-attachment status-inherit hentry\" data-id=\"2552\" style=\"animation-delay:0.7s\">\r\n\t\t<div class=\"w-grid-item-h\">\r\n\t\t\t\t\t\t\t<a ref=\"magnificPopupGrid\" href=\"https:\/\/vtsracing.de\/wp-content\/uploads\/2023\/09\/Elva-Mk7s-Spa03.jpg\" class=\"w-grid-item-anchor\" aria-label=\"VTS Racing by Vali - Elva Mk7s\"><\/a>\r\n\t\t\t\t\t\t<div class=\"w-post-elm post_image usg_post_image_1 stretched\"><img loading=\"lazy\" decoding=\"async\" width=\"1000\" height=\"667\" src=\"https:\/\/vtsracing.de\/wp-content\/uploads\/2023\/09\/Elva-Mk7s-Spa03.jpg\" class=\"attachment-large size-large\" alt=\"VTS Racing by Vali - Elva Mk7s\" srcset=\"https:\/\/vtsracing.de\/wp-content\/uploads\/2023\/09\/Elva-Mk7s-Spa03.jpg 1000w, https:\/\/vtsracing.de\/wp-content\/uploads\/2023\/09\/Elva-Mk7s-Spa03-300x200.jpg 300w, https:\/\/vtsracing.de\/wp-content\/uploads\/2023\/09\/Elva-Mk7s-Spa03-600x400.jpg 600w\" sizes=\"auto, (max-width: 1000px) 100vw, 1000px\" \/><\/div>\t\t<\/div>\r\n\t\t\t<\/article>\r\n<\/div><div class=\"w-grid-preloader\">\t<div class=\"g-preloader type_1\">\r\n\t\t<div><\/div>\r\n\t<\/div>\r\n\t<\/div>\t<div class=\"w-grid-json hidden\" onclick='return {&quot;action&quot;:&quot;us_ajax_grid&quot;,&quot;infinite_scroll&quot;:0,&quot;max_num_pages&quot;:1,&quot;pagination&quot;:&quot;none&quot;,&quot;template_vars&quot;:{&quot;columns&quot;:&quot;4&quot;,&quot;exclude_items&quot;:&quot;none&quot;,&quot;img_size&quot;:&quot;default&quot;,&quot;ignore_items_size&quot;:0,&quot;items_layout&quot;:&quot;gallery_default&quot;,&quot;items_offset&quot;:&quot;1&quot;,&quot;load_animation&quot;:&quot;afc&quot;,&quot;overriding_link&quot;:&quot;%7B%22type%22%3A%22popup_image%22%7D&quot;,&quot;post_id&quot;:0,&quot;query_args&quot;:{&quot;post_type&quot;:[&quot;attachment&quot;],&quot;post__in&quot;:[&quot;2569&quot;,&quot;2566&quot;,&quot;2563&quot;,&quot;2582&quot;,&quot;2579&quot;,&quot;2560&quot;,&quot;2557&quot;,&quot;2550&quot;],&quot;post_status&quot;:&quot;inherit&quot;,&quot;post_mime_type&quot;:&quot;image&quot;,&quot;posts_per_page&quot;:&quot;10&quot;},&quot;orderby_query_args&quot;:{&quot;orderby&quot;:{&quot;post__in&quot;:&quot;ASC&quot;},&quot;order&quot;:&quot;ASC&quot;},&quot;type&quot;:&quot;masonry&quot;,&quot;us_grid_post_type&quot;:&quot;attachment&quot;,&quot;us_grid_ajax_index&quot;:1,&quot;us_grid_filter_query_string&quot;:null,&quot;us_grid_index&quot;:1,&quot;page_args&quot;:[],&quot;lang&quot;:&quot;fr&quot;}}'><\/div>\r\n\t<\/div><\/div><\/div><\/div><\/div><\/section><section class=\"l-section wpb_row height_medium\"><div class=\"l-section-h i-cf\"><div class=\"g-cols vc_row via_grid cols_1 laptops-cols_inherit tablets-cols_inherit mobiles-cols_1 valign_top type_default stacking_default\"><div class=\"wpb_column vc_column_container\"><div class=\"vc_column-inner\"><div class=\"w-video us_custom_e2377960 align_center ratio_16x9 has_iframe\"><div class=\"w-video-h\"><iframe title=\"Youtube video player\" src=\"\/\/www.youtube.com\/embed\/RhOyDmfJAvc?autoplay=0&controls=1&origin=https:\/\/vtsracing.de\/fr\/&loop=0&mute=0\" allowfullscreen=\"1\" loading=\"lazy\"><\/iframe><\/div><\/div><\/div><\/div><\/div><\/div><\/section>\n","protected":false},"excerpt":{"rendered":"VTS Racing by Vali - Elva Mk7s","protected":false},"author":1,"featured_media":0,"parent":0,"menu_order":0,"comment_status":"closed","ping_status":"closed","template":"","meta":{"footnotes":""},"class_list":["post-2691","page","type-page","status-publish","hentry"],"_links":{"self":[{"href":"https:\/\/vtsracing.de\/fr\/wp-json\/wp\/v2\/pages\/2691","targetHints":{"allow":["GET"]}}],"collection":[{"href":"https:\/\/vtsracing.de\/fr\/wp-json\/wp\/v2\/pages"}],"about":[{"href":"https:\/\/vtsracing.de\/fr\/wp-json\/wp\/v2\/types\/page"}],"author":[{"embeddable":true,"href":"https:\/\/vtsracing.de\/fr\/wp-json\/wp\/v2\/users\/1"}],"replies":[{"embeddable":true,"href":"https:\/\/vtsracing.de\/fr\/wp-json\/wp\/v2\/comments?post=2691"}],"version-history":[{"count":5,"href":"https:\/\/vtsracing.de\/fr\/wp-json\/wp\/v2\/pages\/2691\/revisions"}],"predecessor-version":[{"id":2696,"href":"https:\/\/vtsracing.de\/fr\/wp-json\/wp\/v2\/pages\/2691\/revisions\/2696"}],"wp:attachment":[{"href":"https:\/\/vtsracing.de\/fr\/wp-json\/wp\/v2\/media?parent=2691"}],"curies":[{"name":"wp","href":"https:\/\/api.w.org\/{rel}","templated":true}]}}