{"id":2644,"date":"2023-09-04T11:37:05","date_gmt":"2023-09-04T09:37:05","guid":{"rendered":"https:\/\/vtsracing.de\/actualites\/"},"modified":"2025-08-19T15:37:25","modified_gmt":"2025-08-19T13:37:25","slug":"actualites","status":"publish","type":"page","link":"https:\/\/vtsracing.de\/fr\/actualites\/","title":{"rendered":"Actualit\u00e9s"},"content":{"rendered":"<section class=\"l-section wpb_row height_medium\"><div class=\"l-section-h i-cf\"><div class=\"g-cols vc_row via_grid cols_1 laptops-cols_inherit tablets-cols_inherit mobiles-cols_1 valign_top type_default stacking_default\"><div class=\"wpb_column vc_column_container\"><div class=\"vc_column-inner\"><div class=\"wpb_text_column\"><div class=\"wpb_wrapper\"><h2 style=\"text-align: center;\">Actualit\u00e9s<\/h2>\n<\/div><\/div><\/div><\/div><\/div><\/div><\/section><section class=\"l-section wpb_row us_custom_e4eb24e1 height_small\"><div class=\"l-section-h i-cf\"><div class=\"g-cols vc_row via_grid cols_1 laptops-cols_inherit tablets-cols_inherit mobiles-cols_1 valign_top type_default stacking_default\"><div class=\"wpb_column vc_column_container\"><div class=\"vc_column-inner\"><div class=\"wpb_text_column\"><div class=\"wpb_wrapper\"><h1 style=\"text-align: center;\"><span style=\"font-size: 36pt;\">2025<\/span><\/h1>\n<\/div><\/div><\/div><\/div><\/div><\/div><\/section><section class=\"l-section wpb_row us_custom_b705c2c4 height_small\"><div class=\"l-section-h i-cf\"><div class=\"g-cols vc_row via_grid cols_1 laptops-cols_inherit tablets-cols_inherit mobiles-cols_1 valign_top type_default stacking_default\"><div class=\"wpb_column vc_column_container\"><div class=\"vc_column-inner\"><div class=\"g-cols wpb_row via_grid cols_2 laptops-cols_inherit tablets-cols_inherit mobiles-cols_1 valign_top type_default stacking_default\" style=\"--columns-gap:3rem;\"><div class=\"wpb_column vc_column_container\"><div class=\"vc_column-inner\"><div class=\"wpb_text_column\"><div class=\"wpb_wrapper\"><h2><span style=\"color: #000000;\">52e Grand Prix BELMOT de voitures anciennes<\/span><\/h2>\n<p>(N\u00fcrburgring, 01.08.-03.08.25)<\/p>\n<p>Voici le tour de qualification pour la pole de la premi\u00e8re course du 52th Oldtimer Grand Prix au N\u00fcrburgring. Ce n&rsquo;\u00e9tait pas un tour parfait, mais il a \u00e9tonnamment permis de d\u00e9crocher la pole position pour la premi\u00e8re course, avec environ 2 secondes d&rsquo;avance.<\/p>\n<\/div><\/div><\/div><\/div><div class=\"wpb_column vc_column_container\"><div class=\"vc_column-inner\"><div class=\"w-video align_none ratio_16x9 has_iframe\"><div class=\"w-video-h\"><iframe title=\"Youtube video player\" src=\"\/\/www.youtube.com\/embed\/dTH3NcEqy3M?autoplay=0&controls=1&origin=https:\/\/vtsracing.de\/fr\/&loop=0&mute=0\" allowfullscreen=\"1\" loading=\"lazy\"><\/iframe><\/div><\/div><\/div><\/div><\/div><div class=\"g-cols wpb_row us_custom_af6a9b6a via_grid cols_2 laptops-cols_inherit tablets-cols_inherit mobiles-cols_1 valign_top type_default stacking_default\" style=\"--columns-gap:3rem;\"><div class=\"wpb_column vc_column_container\"><div class=\"vc_column-inner\"><div class=\"wpb_text_column\"><div class=\"wpb_wrapper\"><p>Et voici la premi\u00e8re course depuis la pole, qui n&rsquo;a pas dur\u00e9 longtemps.<br \/>\nLa premi\u00e8re fois sous la pluie, c&rsquo;\u00e9tait tr\u00e8s instructif.<\/p>\n<p>En plus des pneus historiques Dunlop CR65, tous les pneus Avon \u00e9taient autoris\u00e9s pour les courses sur piste humide. J&rsquo;ai termin\u00e9 5e au g\u00e9n\u00e9ral avec les pneus historiques et premier avec les Dunlop.<\/p>\n<\/div><\/div><\/div><\/div><div class=\"wpb_column vc_column_container\"><div class=\"vc_column-inner\"><div class=\"w-video align_none ratio_16x9 has_iframe\"><div class=\"w-video-h\"><iframe title=\"Youtube video player\" src=\"\/\/www.youtube.com\/embed\/6KJAzfVx1Fk?autoplay=0&controls=1&origin=https:\/\/vtsracing.de\/fr\/&loop=0&mute=0\" allowfullscreen=\"1\" loading=\"lazy\"><\/iframe><\/div><\/div><\/div><\/div><\/div><div class=\"g-cols wpb_row us_custom_af6a9b6a via_grid cols_2 laptops-cols_inherit tablets-cols_inherit mobiles-cols_1 valign_top type_default stacking_default\" style=\"--columns-gap:3rem;\"><div class=\"wpb_column vc_column_container\"><div class=\"vc_column-inner\"><div class=\"wpb_text_column\"><div class=\"wpb_wrapper\"><p>La deuxi\u00e8me course, qui a \u00e9galement \u00e9t\u00e9 lanc\u00e9e sur le mouill\u00e9 malgr\u00e9 la s\u00e9cheresse.<\/p>\n<p>J&rsquo;avais \u00e0 nouveau pris la piste avec des Dunlops et malgr\u00e9 des probl\u00e8mes d&rsquo;allumage \u00e0 haut r\u00e9gime. J&rsquo;ai essay\u00e9 d&rsquo;\u00e9viter les probl\u00e8mes en passant plus t\u00f4t au rapport sup\u00e9rieur et en coupant bri\u00e8vement les gaz dans les longues lignes droites, ce qui n&rsquo;a bien s\u00fbr pas toujours fonctionn\u00e9.<\/p>\n<p>Il a tout de m\u00eame r\u00e9ussi \u00e0 obtenir une deuxi\u00e8me place au classement g\u00e9n\u00e9ral.<\/p>\n<\/div><\/div><\/div><\/div><div class=\"wpb_column vc_column_container\"><div class=\"vc_column-inner\"><div class=\"w-video align_none ratio_16x9 has_iframe\"><div class=\"w-video-h\"><iframe title=\"Youtube video player\" src=\"\/\/www.youtube.com\/embed\/T_3vIadXDrE?autoplay=0&controls=1&origin=https:\/\/vtsracing.de\/fr\/&loop=0&mute=0\" allowfullscreen=\"1\" loading=\"lazy\"><\/iframe><\/div><\/div><\/div><\/div><\/div><\/div><\/div><\/div><\/div><\/section><section class=\"l-section wpb_row us_custom_e4eb24e1 height_small\"><div class=\"l-section-h i-cf\"><div class=\"g-cols vc_row via_grid cols_1 laptops-cols_inherit tablets-cols_inherit mobiles-cols_1 valign_top type_default stacking_default\"><div class=\"wpb_column vc_column_container\"><div class=\"vc_column-inner\"><div class=\"wpb_text_column\"><div class=\"wpb_wrapper\"><h1 style=\"text-align: center;\"><span style=\"font-size: 36pt;\">2023<\/span><\/h1>\n<\/div><\/div><\/div><\/div><\/div><\/div><\/section><section class=\"l-section wpb_row us_custom_b705c2c4 height_small\"><div class=\"l-section-h i-cf\"><div class=\"g-cols vc_row via_grid cols_2 laptops-cols_inherit tablets-cols_inherit mobiles-cols_1 valign_top type_default stacking_default\"><div class=\"wpb_column vc_column_container\"><div class=\"vc_column-inner\"><div class=\"wpb_text_column\"><div class=\"wpb_wrapper\"><h2><span style=\"color: #000000;\">50e Grand Prix de voitures anciennes<\/span><\/h2>\n<p>(N\u00fcrburgring, 11.08.-13.08.23)<\/p>\n<p>La premi\u00e8re fois sur le circuit avec l&rsquo;Elva Mk7s. La premi\u00e8re fois que j&rsquo;ai particip\u00e9 \u00e0 une course.<br \/>\nVoici l&rsquo;int\u00e9gralit\u00e9 de la 2e course du \u00ab\u00a0Dunlop A Gentle Drivers Trophy &rsquo;65\u00a0\u00bb au 50th Oldtimer Grand Prix du N\u00fcrburgring.<br \/>\nEn raison d&rsquo;un probl\u00e8me technique dans la course 1, qui s&rsquo;est traduit par une DNF, j&rsquo;ai d\u00fb prendre le d\u00e9part de la course 2 plus loin, en 34e position. Jusqu&rsquo;\u00e0 la fin, j&rsquo;ai pu remonter jusqu&rsquo;\u00e0 la 5e place du classement g\u00e9n\u00e9ral malgr\u00e9 des probl\u00e8mes de bo\u00eete de vitesses et j&rsquo;ai remport\u00e9 la classe.<\/p>\n<p>Il s&rsquo;agit maintenant d&rsquo;optimiser les particularit\u00e9s \u00e9lectroniques (par exemple, le compte-tours ne fonctionne pas correctement), les r\u00e9glages, de v\u00e9rifier la bo\u00eete de vitesses et bien d&rsquo;autres choses encore, afin que la voiture soit encore bien mieux pr\u00e9par\u00e9e pour la prochaine course.<\/p>\n<\/div><\/div><\/div><\/div><div class=\"wpb_column vc_column_container\"><div class=\"vc_column-inner\"><div class=\"w-video align_none ratio_16x9 has_iframe\"><div class=\"w-video-h\"><iframe title=\"Youtube video player\" src=\"\/\/www.youtube.com\/embed\/RhOyDmfJAvc?autoplay=0&controls=1&origin=https:\/\/vtsracing.de\/fr\/&loop=0&mute=0\" allowfullscreen=\"1\" loading=\"lazy\"><\/iframe><\/div><\/div><\/div><\/div><\/div><\/div><\/section><section class=\"l-section wpb_row height_small\"><div class=\"l-section-h i-cf\"><div class=\"g-cols vc_row via_grid cols_2 laptops-cols_inherit tablets-cols_inherit mobiles-cols_1 valign_top type_default stacking_default\"><div class=\"wpb_column vc_column_container\"><div class=\"vc_column-inner\"><div class=\"wpb_text_column\"><div class=\"wpb_wrapper\"><p>Dans cette vid\u00e9o officielle de la premi\u00e8re course compl\u00e8te (le samedi), on me voit \u00e0 partir d&rsquo;environ 7:44:00.<\/p>\n<\/div><\/div><\/div><\/div><div class=\"wpb_column vc_column_container\"><div class=\"vc_column-inner\"><div class=\"w-video align_none ratio_16x9 has_iframe\"><div class=\"w-video-h\"><iframe title=\"Youtube video player\" src=\"\/\/www.youtube.com\/embed\/_OiUH0e0_E4?autoplay=0&controls=1&origin=https:\/\/vtsracing.de\/fr\/&loop=0&mute=0\" allowfullscreen=\"1\" loading=\"lazy\"><\/iframe><\/div><\/div><\/div><\/div><\/div><\/div><\/section><section class=\"l-section wpb_row height_small\"><div class=\"l-section-h i-cf\"><div class=\"g-cols vc_row via_grid cols_1 laptops-cols_inherit tablets-cols_inherit mobiles-cols_1 valign_top type_default stacking_default\"><div class=\"wpb_column vc_column_container\"><div class=\"vc_column-inner\"><div class=\"wpb_text_column us_custom_f40229a5\"><div class=\"wpb_wrapper\"><h3 style=\"text-align: center;\">Et voici encore quelques impressions<\/h3>\n<\/div><\/div><div class=\"w-grid type_masonry layout_gallery_default cols_5 with_isotope with_css_animation\" id=\"us_grid_1\" style=\"--columns:5;--gap:4px;\" data-filterable=\"true\"><style>@media (max-width:1280px){#us_grid_1{--columns:3!important}}@media (max-width:1024px){#us_grid_1{--columns:2!important}}@media (max-width:600px){#us_grid_1{--columns:1!important}}.layout_gallery_default .w-grid-item-h{}<\/style><div class=\"w-grid-list\">\t<article class=\"w-grid-item us_animate_afc off_autostart size_1x1 post-2618 attachment type-attachment status-inherit hentry\" data-id=\"2618\" style=\"animation-delay:0s\">\r\n\t\t<div class=\"w-grid-item-h\">\r\n\t\t\t\t\t\t\t<a ref=\"magnificPopupGrid\" href=\"https:\/\/vtsracing.de\/wp-content\/uploads\/VTS-Racing-by-Vali-50ter-Oldtimer-GrandPrix-Nuerburgring-2023-02.jpg\" class=\"w-grid-item-anchor\" aria-label=\"VTS Racing by Vali - 50ter Oldtimer GrandPrix Nuerburgring 2023\"><\/a>\r\n\t\t\t\t\t\t<div class=\"w-post-elm post_image usg_post_image_1 stretched\"><img loading=\"lazy\" decoding=\"async\" width=\"1000\" height=\"750\" src=\"https:\/\/vtsracing.de\/wp-content\/uploads\/VTS-Racing-by-Vali-50ter-Oldtimer-GrandPrix-Nuerburgring-2023-02.jpg\" class=\"attachment-full size-full\" alt=\"VTS Racing by Vali - 50ter Oldtimer GrandPrix Nuerburgring 2023\" srcset=\"https:\/\/vtsracing.de\/wp-content\/uploads\/VTS-Racing-by-Vali-50ter-Oldtimer-GrandPrix-Nuerburgring-2023-02.jpg 1000w, https:\/\/vtsracing.de\/wp-content\/uploads\/VTS-Racing-by-Vali-50ter-Oldtimer-GrandPrix-Nuerburgring-2023-02-450x338.jpg 450w, https:\/\/vtsracing.de\/wp-content\/uploads\/VTS-Racing-by-Vali-50ter-Oldtimer-GrandPrix-Nuerburgring-2023-02-600x450.jpg 600w\" sizes=\"auto, (max-width: 1000px) 100vw, 1000px\" \/><\/div>\t\t<\/div>\r\n\t\t\t<\/article>\r\n\t<article class=\"w-grid-item us_animate_afc off_autostart size_1x1 post-2606 attachment type-attachment status-inherit hentry\" data-id=\"2606\" style=\"animation-delay:0.1s\">\r\n\t\t<div class=\"w-grid-item-h\">\r\n\t\t\t\t\t\t\t<a ref=\"magnificPopupGrid\" href=\"https:\/\/vtsracing.de\/wp-content\/uploads\/VTS-Racing-by-Vali-50ter-Oldtimer-GrandPrix-Nuerburgring-2023-06.jpg\" class=\"w-grid-item-anchor\" aria-label=\"VTS Racing by Vali - 50ter Oldtimer GrandPrix Nuerburgring 2023\"><\/a>\r\n\t\t\t\t\t\t<div class=\"w-post-elm post_image usg_post_image_1 stretched\"><img loading=\"lazy\" decoding=\"async\" width=\"1000\" height=\"750\" src=\"https:\/\/vtsracing.de\/wp-content\/uploads\/VTS-Racing-by-Vali-50ter-Oldtimer-GrandPrix-Nuerburgring-2023-06.jpg\" class=\"attachment-full size-full\" alt=\"VTS Racing by Vali - 50ter Oldtimer GrandPrix Nuerburgring 2023\" srcset=\"https:\/\/vtsracing.de\/wp-content\/uploads\/VTS-Racing-by-Vali-50ter-Oldtimer-GrandPrix-Nuerburgring-2023-06.jpg 1000w, https:\/\/vtsracing.de\/wp-content\/uploads\/VTS-Racing-by-Vali-50ter-Oldtimer-GrandPrix-Nuerburgring-2023-06-450x338.jpg 450w, https:\/\/vtsracing.de\/wp-content\/uploads\/VTS-Racing-by-Vali-50ter-Oldtimer-GrandPrix-Nuerburgring-2023-06-600x450.jpg 600w\" sizes=\"auto, (max-width: 1000px) 100vw, 1000px\" \/><\/div>\t\t<\/div>\r\n\t\t\t<\/article>\r\n\t<article class=\"w-grid-item us_animate_afc off_autostart size_1x1 post-2609 attachment type-attachment status-inherit hentry\" data-id=\"2609\" style=\"animation-delay:0.2s\">\r\n\t\t<div class=\"w-grid-item-h\">\r\n\t\t\t\t\t\t\t<a ref=\"magnificPopupGrid\" href=\"https:\/\/vtsracing.de\/wp-content\/uploads\/VTS-Racing-by-Vali-50ter-Oldtimer-GrandPrix-Nuerburgring-2023-07.jpg\" class=\"w-grid-item-anchor\" aria-label=\"VTS Racing by Vali - 50ter Oldtimer GrandPrix Nuerburgring 2023\"><\/a>\r\n\t\t\t\t\t\t<div class=\"w-post-elm post_image usg_post_image_1 stretched\"><img loading=\"lazy\" decoding=\"async\" width=\"1000\" height=\"750\" src=\"https:\/\/vtsracing.de\/wp-content\/uploads\/VTS-Racing-by-Vali-50ter-Oldtimer-GrandPrix-Nuerburgring-2023-07.jpg\" class=\"attachment-full size-full\" alt=\"VTS Racing by Vali - 50ter Oldtimer GrandPrix Nuerburgring 2023\" srcset=\"https:\/\/vtsracing.de\/wp-content\/uploads\/VTS-Racing-by-Vali-50ter-Oldtimer-GrandPrix-Nuerburgring-2023-07.jpg 1000w, https:\/\/vtsracing.de\/wp-content\/uploads\/VTS-Racing-by-Vali-50ter-Oldtimer-GrandPrix-Nuerburgring-2023-07-450x338.jpg 450w, https:\/\/vtsracing.de\/wp-content\/uploads\/VTS-Racing-by-Vali-50ter-Oldtimer-GrandPrix-Nuerburgring-2023-07-600x450.jpg 600w\" sizes=\"auto, (max-width: 1000px) 100vw, 1000px\" \/><\/div>\t\t<\/div>\r\n\t\t\t<\/article>\r\n\t<article class=\"w-grid-item us_animate_afc off_autostart size_1x1 post-2615 attachment type-attachment status-inherit hentry\" data-id=\"2615\" style=\"animation-delay:0.3s\">\r\n\t\t<div class=\"w-grid-item-h\">\r\n\t\t\t\t\t\t\t<a ref=\"magnificPopupGrid\" href=\"https:\/\/vtsracing.de\/wp-content\/uploads\/VTS-Racing-by-Vali-50ter-Oldtimer-GrandPrix-Nuerburgring-2023-01.jpg\" class=\"w-grid-item-anchor\" aria-label=\"VTS Racing by Vali - 50ter Oldtimer GrandPrix Nuerburgring 2023\"><\/a>\r\n\t\t\t\t\t\t<div class=\"w-post-elm post_image usg_post_image_1 stretched\"><img loading=\"lazy\" decoding=\"async\" width=\"1000\" height=\"750\" src=\"https:\/\/vtsracing.de\/wp-content\/uploads\/VTS-Racing-by-Vali-50ter-Oldtimer-GrandPrix-Nuerburgring-2023-01.jpg\" class=\"attachment-full size-full\" alt=\"VTS Racing by Vali - 50ter Oldtimer GrandPrix Nuerburgring 2023\" srcset=\"https:\/\/vtsracing.de\/wp-content\/uploads\/VTS-Racing-by-Vali-50ter-Oldtimer-GrandPrix-Nuerburgring-2023-01.jpg 1000w, https:\/\/vtsracing.de\/wp-content\/uploads\/VTS-Racing-by-Vali-50ter-Oldtimer-GrandPrix-Nuerburgring-2023-01-450x338.jpg 450w, https:\/\/vtsracing.de\/wp-content\/uploads\/VTS-Racing-by-Vali-50ter-Oldtimer-GrandPrix-Nuerburgring-2023-01-600x450.jpg 600w\" sizes=\"auto, (max-width: 1000px) 100vw, 1000px\" \/><\/div>\t\t<\/div>\r\n\t\t\t<\/article>\r\n\t<article class=\"w-grid-item us_animate_afc off_autostart size_1x1 post-2612 attachment type-attachment status-inherit hentry\" data-id=\"2612\" style=\"animation-delay:0.4s\">\r\n\t\t<div class=\"w-grid-item-h\">\r\n\t\t\t\t\t\t\t<a ref=\"magnificPopupGrid\" href=\"https:\/\/vtsracing.de\/wp-content\/uploads\/VTS-Racing-by-Vali-50ter-Oldtimer-GrandPrix-Nuerburgring-2023-08.jpg\" class=\"w-grid-item-anchor\" aria-label=\"VTS Racing by Vali - 50ter Oldtimer GrandPrix Nuerburgring 2023\"><\/a>\r\n\t\t\t\t\t\t<div class=\"w-post-elm post_image usg_post_image_1 stretched\"><img loading=\"lazy\" decoding=\"async\" width=\"750\" height=\"1000\" src=\"https:\/\/vtsracing.de\/wp-content\/uploads\/VTS-Racing-by-Vali-50ter-Oldtimer-GrandPrix-Nuerburgring-2023-08.jpg\" class=\"attachment-full size-full\" alt=\"VTS Racing by Vali - 50ter Oldtimer GrandPrix Nuerburgring 2023\" srcset=\"https:\/\/vtsracing.de\/wp-content\/uploads\/VTS-Racing-by-Vali-50ter-Oldtimer-GrandPrix-Nuerburgring-2023-08.jpg 750w, https:\/\/vtsracing.de\/wp-content\/uploads\/VTS-Racing-by-Vali-50ter-Oldtimer-GrandPrix-Nuerburgring-2023-08-338x450.jpg 338w, https:\/\/vtsracing.de\/wp-content\/uploads\/VTS-Racing-by-Vali-50ter-Oldtimer-GrandPrix-Nuerburgring-2023-08-600x800.jpg 600w\" sizes=\"auto, (max-width: 750px) 100vw, 750px\" \/><\/div>\t\t<\/div>\r\n\t\t\t<\/article>\r\n\t<article class=\"w-grid-item us_animate_afc off_autostart size_1x1 post-2634 attachment type-attachment status-inherit hentry\" data-id=\"2634\" style=\"animation-delay:0.5s\">\r\n\t\t<div class=\"w-grid-item-h\">\r\n\t\t\t\t\t\t\t<a ref=\"magnificPopupGrid\" href=\"https:\/\/vtsracing.de\/wp-content\/uploads\/VTS-Racing-by-Vali-50ter-Oldtimer-GrandPrix-Nuerburgring-2023-09.jpg\" class=\"w-grid-item-anchor\" aria-label=\"VTS Racing by Vali - 50ter Oldtimer GrandPrix Nuerburgring 2023\"><\/a>\r\n\t\t\t\t\t\t<div class=\"w-post-elm post_image usg_post_image_1 stretched\"><img loading=\"lazy\" decoding=\"async\" width=\"1000\" height=\"750\" src=\"https:\/\/vtsracing.de\/wp-content\/uploads\/VTS-Racing-by-Vali-50ter-Oldtimer-GrandPrix-Nuerburgring-2023-09.jpg\" class=\"attachment-full size-full\" alt=\"VTS Racing by Vali - 50ter Oldtimer GrandPrix Nuerburgring 2023\" srcset=\"https:\/\/vtsracing.de\/wp-content\/uploads\/VTS-Racing-by-Vali-50ter-Oldtimer-GrandPrix-Nuerburgring-2023-09.jpg 1000w, https:\/\/vtsracing.de\/wp-content\/uploads\/VTS-Racing-by-Vali-50ter-Oldtimer-GrandPrix-Nuerburgring-2023-09-450x338.jpg 450w, https:\/\/vtsracing.de\/wp-content\/uploads\/VTS-Racing-by-Vali-50ter-Oldtimer-GrandPrix-Nuerburgring-2023-09-600x450.jpg 600w\" sizes=\"auto, (max-width: 1000px) 100vw, 1000px\" \/><\/div>\t\t<\/div>\r\n\t\t\t<\/article>\r\n\t<article class=\"w-grid-item us_animate_afc off_autostart size_1x1 post-2624 attachment type-attachment status-inherit hentry\" data-id=\"2624\" style=\"animation-delay:0.6s\">\r\n\t\t<div class=\"w-grid-item-h\">\r\n\t\t\t\t\t\t\t<a ref=\"magnificPopupGrid\" href=\"https:\/\/vtsracing.de\/wp-content\/uploads\/VTS-Racing-by-Vali-50ter-Oldtimer-GrandPrix-Nuerburgring-2023-04.jpg\" class=\"w-grid-item-anchor\" aria-label=\"VTS Racing by Vali - 50ter Oldtimer GrandPrix Nuerburgring 2023\"><\/a>\r\n\t\t\t\t\t\t<div class=\"w-post-elm post_image usg_post_image_1 stretched\"><img loading=\"lazy\" decoding=\"async\" width=\"1000\" height=\"750\" src=\"https:\/\/vtsracing.de\/wp-content\/uploads\/VTS-Racing-by-Vali-50ter-Oldtimer-GrandPrix-Nuerburgring-2023-04.jpg\" class=\"attachment-full size-full\" alt=\"VTS Racing by Vali - 50ter Oldtimer GrandPrix Nuerburgring 2023\" srcset=\"https:\/\/vtsracing.de\/wp-content\/uploads\/VTS-Racing-by-Vali-50ter-Oldtimer-GrandPrix-Nuerburgring-2023-04.jpg 1000w, https:\/\/vtsracing.de\/wp-content\/uploads\/VTS-Racing-by-Vali-50ter-Oldtimer-GrandPrix-Nuerburgring-2023-04-450x338.jpg 450w, https:\/\/vtsracing.de\/wp-content\/uploads\/VTS-Racing-by-Vali-50ter-Oldtimer-GrandPrix-Nuerburgring-2023-04-600x450.jpg 600w\" sizes=\"auto, (max-width: 1000px) 100vw, 1000px\" \/><\/div>\t\t<\/div>\r\n\t\t\t<\/article>\r\n\t<article class=\"w-grid-item us_animate_afc off_autostart size_1x1 post-2621 attachment type-attachment status-inherit hentry\" data-id=\"2621\" style=\"animation-delay:0.7s\">\r\n\t\t<div class=\"w-grid-item-h\">\r\n\t\t\t\t\t\t\t<a ref=\"magnificPopupGrid\" href=\"https:\/\/vtsracing.de\/wp-content\/uploads\/VTS-Racing-by-Vali-50ter-Oldtimer-GrandPrix-Nuerburgring-2023-03.jpg\" class=\"w-grid-item-anchor\" aria-label=\"VTS Racing by Vali - 50ter Oldtimer GrandPrix Nuerburgring 2023\"><\/a>\r\n\t\t\t\t\t\t<div class=\"w-post-elm post_image usg_post_image_1 stretched\"><img loading=\"lazy\" decoding=\"async\" width=\"1000\" height=\"750\" src=\"https:\/\/vtsracing.de\/wp-content\/uploads\/VTS-Racing-by-Vali-50ter-Oldtimer-GrandPrix-Nuerburgring-2023-03.jpg\" class=\"attachment-full size-full\" alt=\"VTS Racing by Vali - 50ter Oldtimer GrandPrix Nuerburgring 2023\" srcset=\"https:\/\/vtsracing.de\/wp-content\/uploads\/VTS-Racing-by-Vali-50ter-Oldtimer-GrandPrix-Nuerburgring-2023-03.jpg 1000w, https:\/\/vtsracing.de\/wp-content\/uploads\/VTS-Racing-by-Vali-50ter-Oldtimer-GrandPrix-Nuerburgring-2023-03-450x338.jpg 450w, https:\/\/vtsracing.de\/wp-content\/uploads\/VTS-Racing-by-Vali-50ter-Oldtimer-GrandPrix-Nuerburgring-2023-03-600x450.jpg 600w\" sizes=\"auto, (max-width: 1000px) 100vw, 1000px\" \/><\/div>\t\t<\/div>\r\n\t\t\t<\/article>\r\n\t<article class=\"w-grid-item us_animate_afc off_autostart size_1x1 post-2627 attachment type-attachment status-inherit hentry\" data-id=\"2627\" style=\"animation-delay:0.8s\">\r\n\t\t<div class=\"w-grid-item-h\">\r\n\t\t\t\t\t\t\t<a ref=\"magnificPopupGrid\" href=\"https:\/\/vtsracing.de\/wp-content\/uploads\/VTS-Racing-by-Vali-50ter-Oldtimer-GrandPrix-Nuerburgring-2023-05.jpg\" class=\"w-grid-item-anchor\" aria-label=\"VTS Racing by Vali - 50ter Oldtimer GrandPrix Nuerburgring 2023\"><\/a>\r\n\t\t\t\t\t\t<div class=\"w-post-elm post_image usg_post_image_1 stretched\"><img loading=\"lazy\" decoding=\"async\" width=\"750\" height=\"1000\" src=\"https:\/\/vtsracing.de\/wp-content\/uploads\/VTS-Racing-by-Vali-50ter-Oldtimer-GrandPrix-Nuerburgring-2023-05.jpg\" class=\"attachment-full size-full\" alt=\"VTS Racing by Vali - 50ter Oldtimer GrandPrix Nuerburgring 2023\" srcset=\"https:\/\/vtsracing.de\/wp-content\/uploads\/VTS-Racing-by-Vali-50ter-Oldtimer-GrandPrix-Nuerburgring-2023-05.jpg 750w, https:\/\/vtsracing.de\/wp-content\/uploads\/VTS-Racing-by-Vali-50ter-Oldtimer-GrandPrix-Nuerburgring-2023-05-338x450.jpg 338w, https:\/\/vtsracing.de\/wp-content\/uploads\/VTS-Racing-by-Vali-50ter-Oldtimer-GrandPrix-Nuerburgring-2023-05-600x800.jpg 600w\" sizes=\"auto, (max-width: 750px) 100vw, 750px\" \/><\/div>\t\t<\/div>\r\n\t\t\t<\/article>\r\n<\/div><div class=\"w-grid-preloader\">\t<div class=\"g-preloader type_1\">\r\n\t\t<div><\/div>\r\n\t<\/div>\r\n\t<\/div>\t<div class=\"w-grid-json hidden\" onclick='return {&quot;action&quot;:&quot;us_ajax_grid&quot;,&quot;infinite_scroll&quot;:0,&quot;max_num_pages&quot;:1,&quot;pagination&quot;:&quot;none&quot;,&quot;template_vars&quot;:{&quot;columns&quot;:&quot;5&quot;,&quot;exclude_items&quot;:&quot;none&quot;,&quot;img_size&quot;:&quot;full&quot;,&quot;ignore_items_size&quot;:0,&quot;items_layout&quot;:&quot;gallery_default&quot;,&quot;items_offset&quot;:&quot;1&quot;,&quot;load_animation&quot;:&quot;afc&quot;,&quot;overriding_link&quot;:&quot;%7B%22type%22%3A%22popup_image%22%7D&quot;,&quot;post_id&quot;:0,&quot;query_args&quot;:{&quot;post_type&quot;:[&quot;attachment&quot;],&quot;post__in&quot;:[&quot;2616&quot;,&quot;2604&quot;,&quot;2607&quot;,&quot;2613&quot;,&quot;2610&quot;,&quot;2632&quot;,&quot;2622&quot;,&quot;2619&quot;,&quot;2625&quot;],&quot;post_status&quot;:&quot;inherit&quot;,&quot;post_mime_type&quot;:&quot;image&quot;,&quot;posts_per_page&quot;:&quot;10&quot;},&quot;orderby_query_args&quot;:{&quot;orderby&quot;:{&quot;post__in&quot;:&quot;ASC&quot;},&quot;order&quot;:&quot;ASC&quot;},&quot;type&quot;:&quot;masonry&quot;,&quot;us_grid_post_type&quot;:&quot;attachment&quot;,&quot;us_grid_ajax_index&quot;:1,&quot;us_grid_filter_query_string&quot;:null,&quot;us_grid_index&quot;:1,&quot;page_args&quot;:[],&quot;lang&quot;:&quot;fr&quot;}}'><\/div>\r\n\t<\/div><\/div><\/div><\/div><\/div><\/section>\n","protected":false},"excerpt":{"rendered":"VTS Racing by Vali - 50ter Oldtimer GrandPrix Nuerburgring 2023","protected":false},"author":1,"featured_media":0,"parent":0,"menu_order":0,"comment_status":"closed","ping_status":"closed","template":"","meta":{"footnotes":""},"class_list":["post-2644","page","type-page","status-publish","hentry"],"_links":{"self":[{"href":"https:\/\/vtsracing.de\/fr\/wp-json\/wp\/v2\/pages\/2644","targetHints":{"allow":["GET"]}}],"collection":[{"href":"https:\/\/vtsracing.de\/fr\/wp-json\/wp\/v2\/pages"}],"about":[{"href":"https:\/\/vtsracing.de\/fr\/wp-json\/wp\/v2\/types\/page"}],"author":[{"embeddable":true,"href":"https:\/\/vtsracing.de\/fr\/wp-json\/wp\/v2\/users\/1"}],"replies":[{"embeddable":true,"href":"https:\/\/vtsracing.de\/fr\/wp-json\/wp\/v2\/comments?post=2644"}],"version-history":[{"count":4,"href":"https:\/\/vtsracing.de\/fr\/wp-json\/wp\/v2\/pages\/2644\/revisions"}],"predecessor-version":[{"id":2742,"href":"https:\/\/vtsracing.de\/fr\/wp-json\/wp\/v2\/pages\/2644\/revisions\/2742"}],"wp:attachment":[{"href":"https:\/\/vtsracing.de\/fr\/wp-json\/wp\/v2\/media?parent=2644"}],"curies":[{"name":"wp","href":"https:\/\/api.w.org\/{rel}","templated":true}]}}