{"id":2336,"date":"2023-04-14T09:54:18","date_gmt":"2023-04-14T07:54:18","guid":{"rendered":"https:\/\/vtsracing.de\/lotus-evora-s\/"},"modified":"2023-04-25T11:48:19","modified_gmt":"2023-04-25T09:48:19","slug":"lotus-evora-s","status":"publish","type":"page","link":"https:\/\/vtsracing.de\/fr\/lotus-evora-s\/","title":{"rendered":"Lotus Evora S"},"content":{"rendered":"<section class=\"l-section wpb_row height_medium\"><div class=\"l-section-h i-cf\"><div class=\"g-cols vc_row via_grid cols_2 laptops-cols_inherit tablets-cols_inherit mobiles-cols_1 valign_top type_default stacking_default\"><div class=\"wpb_column vc_column_container\"><div class=\"vc_column-inner\"><div class=\"w-image align_center\"><div class=\"w-image-h\"><img decoding=\"async\" width=\"600\" height=\"450\" src=\"https:\/\/vtsracing.de\/wp-content\/uploads\/2023\/04\/LotusEvoraS_1-600x450.jpg\" class=\"attachment-woocommerce_single size-woocommerce_single\" alt=\"VTS Racing by Vali - Lotus Evora S\" loading=\"lazy\" srcset=\"https:\/\/vtsracing.de\/wp-content\/uploads\/2023\/04\/LotusEvoraS_1-600x450.jpg 600w, https:\/\/vtsracing.de\/wp-content\/uploads\/2023\/04\/LotusEvoraS_1-300x225.jpg 300w, https:\/\/vtsracing.de\/wp-content\/uploads\/2023\/04\/LotusEvoraS_1.jpg 1000w\" sizes=\"auto, (max-width: 600px) 100vw, 600px\" \/><\/div><\/div><\/div><\/div><div class=\"wpb_column vc_column_container\"><div class=\"vc_column-inner\"><div class=\"wpb_text_column\"><div class=\"wpb_wrapper\"><h2><span style=\"text-decoration: underline;\">Lotus Evora S<\/span><\/h2>\n<p>Ann\u00e9e de construction : 2011<br \/>\nCV : 450<br \/>\nPoids du v\u00e9hicule : 1395 kg<\/p>\n<p>La Lotus Evora S, affectueusement surnomm\u00e9e \u00ab\u00a0la grosse\u00a0\u00bb ou \u00ab\u00a0le char\u00a0\u00bb, une voiture parfaite pour le pilote amateur qui ne veut pas renoncer aux aides \u00e0 la conduite \u00e9lectriques modernes.<\/p>\n<p>Principalement utilis\u00e9e sur les routes de campagne, l&rsquo;Evora trouve parfois le chemin des circuits du N\u00fcrburgring ou de Spa et ne cesse d&rsquo;\u00e9tonner.<br \/>\nApr\u00e8s de nombreux tests, des r\u00e9glages de g\u00e9om\u00e9trie d&rsquo;essieu et des pi\u00e8ces de suspension sp\u00e9ciales, l&rsquo;Evora est pass\u00e9e du statut de voiture moqu\u00e9e \u00e0 celui de participante s\u00e9rieuse aux Track Days.<\/p>\n<\/div><\/div><\/div><\/div><\/div><\/div><\/section><section class=\"l-section wpb_row us_custom_e4eb24e1 height_small\"><div class=\"l-section-h i-cf\"><div class=\"g-cols vc_row via_grid cols_1 laptops-cols_inherit tablets-cols_inherit mobiles-cols_1 valign_top type_default stacking_default\"><div class=\"wpb_column vc_column_container\"><div class=\"vc_column-inner\"><div class=\"w-grid type_masonry layout_gallery_default cols_4 with_isotope with_css_animation\" id=\"us_grid_1\" style=\"--columns:4;--gap:1.5rem;\" data-filterable=\"true\"><style>@media (max-width:1280px){#us_grid_1{--columns:3!important}}@media (max-width:1024px){#us_grid_1{--columns:2!important}}@media (max-width:600px){#us_grid_1{--columns:1!important}}.layout_gallery_default .w-grid-item-h{}<\/style><div class=\"w-grid-list\">\t<article class=\"w-grid-item us_animate_afc off_autostart size_1x1 post-2296 attachment type-attachment status-inherit hentry\" data-id=\"2296\" style=\"animation-delay:0s\">\r\n\t\t<div class=\"w-grid-item-h\">\r\n\t\t\t\t\t\t\t<a ref=\"magnificPopupGrid\" href=\"https:\/\/vtsracing.de\/wp-content\/uploads\/2023\/04\/IMG_1386.jpg\" class=\"w-grid-item-anchor\" aria-label=\"VTS Racing by Vali - Lotus Evora S\"><\/a>\r\n\t\t\t\t\t\t<div class=\"w-post-elm post_image usg_post_image_1 stretched\"><img loading=\"lazy\" decoding=\"async\" width=\"1000\" height=\"750\" src=\"https:\/\/vtsracing.de\/wp-content\/uploads\/2023\/04\/IMG_1386.jpg\" class=\"attachment-large size-large\" alt=\"VTS Racing by Vali - Lotus Evora S\" srcset=\"https:\/\/vtsracing.de\/wp-content\/uploads\/2023\/04\/IMG_1386.jpg 1000w, https:\/\/vtsracing.de\/wp-content\/uploads\/2023\/04\/IMG_1386-300x225.jpg 300w, https:\/\/vtsracing.de\/wp-content\/uploads\/2023\/04\/IMG_1386-600x450.jpg 600w\" sizes=\"auto, (max-width: 1000px) 100vw, 1000px\" \/><\/div>\t\t<\/div>\r\n\t\t\t<\/article>\r\n\t<article class=\"w-grid-item us_animate_afc off_autostart size_1x1 post-2287 attachment type-attachment status-inherit hentry\" data-id=\"2287\" style=\"animation-delay:0.1s\">\r\n\t\t<div class=\"w-grid-item-h\">\r\n\t\t\t\t\t\t\t<a ref=\"magnificPopupGrid\" href=\"https:\/\/vtsracing.de\/wp-content\/uploads\/2023\/04\/LotusEvoraS_4.jpg\" class=\"w-grid-item-anchor\" aria-label=\"VTS Racing by Vali - Lotus Evora S\"><\/a>\r\n\t\t\t\t\t\t<div class=\"w-post-elm post_image usg_post_image_1 stretched\"><img loading=\"lazy\" decoding=\"async\" width=\"1000\" height=\"750\" src=\"https:\/\/vtsracing.de\/wp-content\/uploads\/2023\/04\/LotusEvoraS_4.jpg\" class=\"attachment-large size-large\" alt=\"VTS Racing by Vali - Lotus Evora S\" srcset=\"https:\/\/vtsracing.de\/wp-content\/uploads\/2023\/04\/LotusEvoraS_4.jpg 1000w, https:\/\/vtsracing.de\/wp-content\/uploads\/2023\/04\/LotusEvoraS_4-300x225.jpg 300w, https:\/\/vtsracing.de\/wp-content\/uploads\/2023\/04\/LotusEvoraS_4-600x450.jpg 600w\" sizes=\"auto, (max-width: 1000px) 100vw, 1000px\" \/><\/div>\t\t<\/div>\r\n\t\t\t<\/article>\r\n\t<article class=\"w-grid-item us_animate_afc off_autostart size_1x1 post-2293 attachment type-attachment status-inherit hentry\" data-id=\"2293\" style=\"animation-delay:0.2s\">\r\n\t\t<div class=\"w-grid-item-h\">\r\n\t\t\t\t\t\t\t<a ref=\"magnificPopupGrid\" href=\"https:\/\/vtsracing.de\/wp-content\/uploads\/2023\/04\/LotusEvoraS_6.jpg\" class=\"w-grid-item-anchor\" aria-label=\"VTS Racing by Vali - Lotus Evora S\"><\/a>\r\n\t\t\t\t\t\t<div class=\"w-post-elm post_image usg_post_image_1 stretched\"><img loading=\"lazy\" decoding=\"async\" width=\"1000\" height=\"750\" src=\"https:\/\/vtsracing.de\/wp-content\/uploads\/2023\/04\/LotusEvoraS_6.jpg\" class=\"attachment-large size-large\" alt=\"VTS Racing by Vali - Lotus Evora S\" srcset=\"https:\/\/vtsracing.de\/wp-content\/uploads\/2023\/04\/LotusEvoraS_6.jpg 1000w, https:\/\/vtsracing.de\/wp-content\/uploads\/2023\/04\/LotusEvoraS_6-300x225.jpg 300w, https:\/\/vtsracing.de\/wp-content\/uploads\/2023\/04\/LotusEvoraS_6-600x450.jpg 600w\" sizes=\"auto, (max-width: 1000px) 100vw, 1000px\" \/><\/div>\t\t<\/div>\r\n\t\t\t<\/article>\r\n\t<article class=\"w-grid-item us_animate_afc off_autostart size_1x1 post-2290 attachment type-attachment status-inherit hentry\" data-id=\"2290\" style=\"animation-delay:0.3s\">\r\n\t\t<div class=\"w-grid-item-h\">\r\n\t\t\t\t\t\t\t<a ref=\"magnificPopupGrid\" href=\"https:\/\/vtsracing.de\/wp-content\/uploads\/2023\/04\/LotusEvoraS_5.jpg\" class=\"w-grid-item-anchor\" aria-label=\"VTS Racing by Vali - Lotus Evora S\"><\/a>\r\n\t\t\t\t\t\t<div class=\"w-post-elm post_image usg_post_image_1 stretched\"><img loading=\"lazy\" decoding=\"async\" width=\"1000\" height=\"562\" src=\"https:\/\/vtsracing.de\/wp-content\/uploads\/2023\/04\/LotusEvoraS_5.jpg\" class=\"attachment-large size-large\" alt=\"VTS Racing by Vali - Lotus Evora S\" srcset=\"https:\/\/vtsracing.de\/wp-content\/uploads\/2023\/04\/LotusEvoraS_5.jpg 1000w, https:\/\/vtsracing.de\/wp-content\/uploads\/2023\/04\/LotusEvoraS_5-300x169.jpg 300w, https:\/\/vtsracing.de\/wp-content\/uploads\/2023\/04\/LotusEvoraS_5-600x337.jpg 600w\" sizes=\"auto, (max-width: 1000px) 100vw, 1000px\" \/><\/div>\t\t<\/div>\r\n\t\t\t<\/article>\r\n\t<article class=\"w-grid-item us_animate_afc off_autostart size_1x1 post-2302 attachment type-attachment status-inherit hentry\" data-id=\"2302\" style=\"animation-delay:0.4s\">\r\n\t\t<div class=\"w-grid-item-h\">\r\n\t\t\t\t\t\t\t<a ref=\"magnificPopupGrid\" href=\"https:\/\/vtsracing.de\/wp-content\/uploads\/2023\/04\/LotusEvoraS_2.jpg\" class=\"w-grid-item-anchor\" aria-label=\"VTS Racing by Vali - Lotus Evora S\"><\/a>\r\n\t\t\t\t\t\t<div class=\"w-post-elm post_image usg_post_image_1 stretched\"><img loading=\"lazy\" decoding=\"async\" width=\"1000\" height=\"668\" src=\"https:\/\/vtsracing.de\/wp-content\/uploads\/2023\/04\/LotusEvoraS_2.jpg\" class=\"attachment-large size-large\" alt=\"VTS Racing by Vali - Lotus Evora S\" srcset=\"https:\/\/vtsracing.de\/wp-content\/uploads\/2023\/04\/LotusEvoraS_2.jpg 1000w, https:\/\/vtsracing.de\/wp-content\/uploads\/2023\/04\/LotusEvoraS_2-300x200.jpg 300w, https:\/\/vtsracing.de\/wp-content\/uploads\/2023\/04\/LotusEvoraS_2-600x401.jpg 600w\" sizes=\"auto, (max-width: 1000px) 100vw, 1000px\" \/><\/div>\t\t<\/div>\r\n\t\t\t<\/article>\r\n\t<article class=\"w-grid-item us_animate_afc off_autostart size_1x1 post-2284 attachment type-attachment status-inherit hentry\" data-id=\"2284\" style=\"animation-delay:0.5s\">\r\n\t\t<div class=\"w-grid-item-h\">\r\n\t\t\t\t\t\t\t<a ref=\"magnificPopupGrid\" href=\"https:\/\/vtsracing.de\/wp-content\/uploads\/2023\/04\/LotusEvoraS_3.jpg\" class=\"w-grid-item-anchor\" aria-label=\"VTS Racing by Vali - Lotus Evora S\"><\/a>\r\n\t\t\t\t\t\t<div class=\"w-post-elm post_image usg_post_image_1 stretched\"><img loading=\"lazy\" decoding=\"async\" width=\"1000\" height=\"667\" src=\"https:\/\/vtsracing.de\/wp-content\/uploads\/2023\/04\/LotusEvoraS_3.jpg\" class=\"attachment-large size-large\" alt=\"VTS Racing by Vali - Lotus Evora S\" srcset=\"https:\/\/vtsracing.de\/wp-content\/uploads\/2023\/04\/LotusEvoraS_3.jpg 1000w, https:\/\/vtsracing.de\/wp-content\/uploads\/2023\/04\/LotusEvoraS_3-300x200.jpg 300w, https:\/\/vtsracing.de\/wp-content\/uploads\/2023\/04\/LotusEvoraS_3-600x400.jpg 600w\" sizes=\"auto, (max-width: 1000px) 100vw, 1000px\" \/><\/div>\t\t<\/div>\r\n\t\t\t<\/article>\r\n\t<article class=\"w-grid-item us_animate_afc off_autostart size_1x1 post-2299 attachment type-attachment status-inherit hentry\" data-id=\"2299\" style=\"animation-delay:0.6s\">\r\n\t\t<div class=\"w-grid-item-h\">\r\n\t\t\t\t\t\t\t<a ref=\"magnificPopupGrid\" href=\"https:\/\/vtsracing.de\/wp-content\/uploads\/2023\/04\/LotusEvoraS_1.jpg\" class=\"w-grid-item-anchor\" aria-label=\"VTS Racing by Vali - Lotus Evora S\"><\/a>\r\n\t\t\t\t\t\t<div class=\"w-post-elm post_image usg_post_image_1 stretched\"><img loading=\"lazy\" decoding=\"async\" width=\"1000\" height=\"750\" src=\"https:\/\/vtsracing.de\/wp-content\/uploads\/2023\/04\/LotusEvoraS_1.jpg\" class=\"attachment-large size-large\" alt=\"VTS Racing by Vali - Lotus Evora S\" srcset=\"https:\/\/vtsracing.de\/wp-content\/uploads\/2023\/04\/LotusEvoraS_1.jpg 1000w, https:\/\/vtsracing.de\/wp-content\/uploads\/2023\/04\/LotusEvoraS_1-300x225.jpg 300w, https:\/\/vtsracing.de\/wp-content\/uploads\/2023\/04\/LotusEvoraS_1-600x450.jpg 600w\" sizes=\"auto, (max-width: 1000px) 100vw, 1000px\" \/><\/div>\t\t<\/div>\r\n\t\t\t<\/article>\r\n<\/div><div class=\"w-grid-preloader\">\t<div class=\"g-preloader type_1\">\r\n\t\t<div><\/div>\r\n\t<\/div>\r\n\t<\/div>\t<div class=\"w-grid-json hidden\" onclick='return {&quot;action&quot;:&quot;us_ajax_grid&quot;,&quot;infinite_scroll&quot;:0,&quot;max_num_pages&quot;:1,&quot;pagination&quot;:&quot;none&quot;,&quot;template_vars&quot;:{&quot;columns&quot;:&quot;4&quot;,&quot;exclude_items&quot;:&quot;none&quot;,&quot;img_size&quot;:&quot;default&quot;,&quot;ignore_items_size&quot;:0,&quot;items_layout&quot;:&quot;gallery_default&quot;,&quot;items_offset&quot;:&quot;1&quot;,&quot;load_animation&quot;:&quot;afc&quot;,&quot;overriding_link&quot;:&quot;%7B%22type%22%3A%22popup_image%22%7D&quot;,&quot;post_id&quot;:0,&quot;query_args&quot;:{&quot;post_type&quot;:[&quot;attachment&quot;],&quot;post__in&quot;:[&quot;2294&quot;,&quot;2285&quot;,&quot;2291&quot;,&quot;2288&quot;,&quot;2300&quot;,&quot;2282&quot;,&quot;2297&quot;],&quot;post_status&quot;:&quot;inherit&quot;,&quot;post_mime_type&quot;:&quot;image&quot;,&quot;posts_per_page&quot;:&quot;10&quot;},&quot;orderby_query_args&quot;:{&quot;orderby&quot;:{&quot;post__in&quot;:&quot;ASC&quot;},&quot;order&quot;:&quot;ASC&quot;},&quot;type&quot;:&quot;masonry&quot;,&quot;us_grid_post_type&quot;:&quot;attachment&quot;,&quot;us_grid_ajax_index&quot;:1,&quot;us_grid_filter_query_string&quot;:null,&quot;us_grid_index&quot;:1,&quot;page_args&quot;:[],&quot;lang&quot;:&quot;fr&quot;}}'><\/div>\r\n\t<\/div><\/div><\/div><\/div><\/div><\/section><section class=\"l-section wpb_row height_medium\"><div class=\"l-section-h i-cf\"><div class=\"g-cols vc_row via_grid cols_1 laptops-cols_inherit tablets-cols_inherit mobiles-cols_1 valign_top type_default stacking_default\"><div class=\"wpb_column vc_column_container\"><div class=\"vc_column-inner\"><div class=\"w-video us_custom_e2377960 align_center ratio_16x9 has_iframe\"><div class=\"w-video-h\"><iframe title=\"Youtube video player\" src=\"\/\/www.youtube.com\/embed\/n5zvJpBgBo0?autoplay=0&controls=1&origin=https:\/\/vtsracing.de\/fr\/&loop=0&mute=0\" allowfullscreen=\"1\" loading=\"lazy\"><\/iframe><\/div><\/div><\/div><\/div><\/div><\/div><\/section>\n","protected":false},"excerpt":{"rendered":"VTS Racing by Vali - Lotus Evora S","protected":false},"author":1,"featured_media":0,"parent":0,"menu_order":0,"comment_status":"closed","ping_status":"closed","template":"","meta":{"footnotes":""},"class_list":["post-2336","page","type-page","status-publish","hentry"],"_links":{"self":[{"href":"https:\/\/vtsracing.de\/fr\/wp-json\/wp\/v2\/pages\/2336","targetHints":{"allow":["GET"]}}],"collection":[{"href":"https:\/\/vtsracing.de\/fr\/wp-json\/wp\/v2\/pages"}],"about":[{"href":"https:\/\/vtsracing.de\/fr\/wp-json\/wp\/v2\/types\/page"}],"author":[{"embeddable":true,"href":"https:\/\/vtsracing.de\/fr\/wp-json\/wp\/v2\/users\/1"}],"replies":[{"embeddable":true,"href":"https:\/\/vtsracing.de\/fr\/wp-json\/wp\/v2\/comments?post=2336"}],"version-history":[{"count":5,"href":"https:\/\/vtsracing.de\/fr\/wp-json\/wp\/v2\/pages\/2336\/revisions"}],"predecessor-version":[{"id":2371,"href":"https:\/\/vtsracing.de\/fr\/wp-json\/wp\/v2\/pages\/2336\/revisions\/2371"}],"wp:attachment":[{"href":"https:\/\/vtsracing.de\/fr\/wp-json\/wp\/v2\/media?parent=2336"}],"curies":[{"name":"wp","href":"https:\/\/api.w.org\/{rel}","templated":true}]}}