{"id":2330,"date":"2023-04-14T09:52:01","date_gmt":"2023-04-14T07:52:01","guid":{"rendered":"https:\/\/vtsracing.de\/lotus-elise-rr\/"},"modified":"2023-04-25T11:47:32","modified_gmt":"2023-04-25T09:47:32","slug":"lotus-elise-rr","status":"publish","type":"page","link":"https:\/\/vtsracing.de\/fr\/lotus-elise-rr\/","title":{"rendered":"Lotus Elise RR"},"content":{"rendered":"<section class=\"l-section wpb_row height_medium\"><div class=\"l-section-h i-cf\"><div class=\"g-cols vc_row via_grid cols_2 laptops-cols_inherit tablets-cols_inherit mobiles-cols_1 valign_top type_default stacking_default\"><div class=\"wpb_column vc_column_container\"><div class=\"vc_column-inner\"><div class=\"w-image align_center\"><div class=\"w-image-h\"><img decoding=\"async\" width=\"600\" height=\"450\" src=\"https:\/\/vtsracing.de\/wp-content\/uploads\/2023\/04\/LotusEliseRR-BilsterBerg-1-600x450.jpg\" class=\"attachment-woocommerce_single size-woocommerce_single\" alt=\"VTS Racing by Vali - Lotus Elise RR - Front\" loading=\"lazy\" srcset=\"https:\/\/vtsracing.de\/wp-content\/uploads\/2023\/04\/LotusEliseRR-BilsterBerg-1-600x450.jpg 600w, https:\/\/vtsracing.de\/wp-content\/uploads\/2023\/04\/LotusEliseRR-BilsterBerg-1-300x225.jpg 300w, https:\/\/vtsracing.de\/wp-content\/uploads\/2023\/04\/LotusEliseRR-BilsterBerg-1.jpg 1000w\" sizes=\"auto, (max-width: 600px) 100vw, 600px\" \/><\/div><\/div><\/div><\/div><div class=\"wpb_column vc_column_container\"><div class=\"vc_column-inner\"><div class=\"wpb_text_column\"><div class=\"wpb_wrapper\"><h2><span style=\"text-decoration: underline;\">Lotus Elise RR<\/span><\/h2>\n<p>Ann\u00e9e de construction : 2006<br \/>\nCV : 280<br \/>\nPoids du v\u00e9hicule : 845 kg, y compris l&rsquo;\u00e9quipement tous les liquides et 60l d&rsquo;essence<\/p>\n<p>Cette Lotus Elise RR, \u00e0 l&rsquo;origine une 111R, a fait l&rsquo;objet de nombreuses mises \u00e0 jour continues et d&rsquo;un r\u00e9glage m\u00e9ticuleux pour le pilote depuis 2011 jusqu&rsquo;\u00e0 sa mise en vente en 2020.<\/p>\n<p>Ont suivi diverses optimisations du ch\u00e2ssis, diff\u00e9rents r\u00e9glages de la g\u00e9om\u00e9trie des essieux, un tuning moteur avec un compresseur Rotrex jusqu&rsquo;\u00e0 280 CV, des pi\u00e8ces a\u00e9rodynamiques tr\u00e8s efficaces, etc.<br \/>\nMais le plus important, fid\u00e8le \u00e0 l&rsquo;adage du fondateur de Lotus Colin Chapman \u00ab\u00a0Adding power makes you faster on the straights. Subtracting weight makes you faster everywhere\u00a0\u00bb (soustraire du poids vous rend plus rapide partout).<\/p>\n<p>Le r\u00e9sultat \u00e9tait impressionnant.<br \/>\nMalgr\u00e9 l&rsquo;absence d&rsquo;aides \u00e9lectroniques \u00e0 la conduite autres que l&rsquo;ABS, il s&rsquo;agit d&rsquo;une machine haute performance docile et tr\u00e8s facile \u00e0 contr\u00f4ler, qui se classe r\u00e9guli\u00e8rement parmi les v\u00e9hicules les plus rapides lors des Track Days.<\/p>\n<\/div><\/div><\/div><\/div><\/div><\/div><\/section><section class=\"l-section wpb_row us_custom_e4eb24e1 height_small\"><div class=\"l-section-h i-cf\"><div class=\"g-cols vc_row via_grid cols_1 laptops-cols_inherit tablets-cols_inherit mobiles-cols_1 valign_top type_default stacking_default\"><div class=\"wpb_column vc_column_container\"><div class=\"vc_column-inner\"><div class=\"w-grid type_masonry layout_gallery_default cols_4 with_isotope with_css_animation\" id=\"us_grid_1\" style=\"--columns:4;--gap:1.5rem;\" data-filterable=\"true\"><style>@media (max-width:1280px){#us_grid_1{--columns:3!important}}@media (max-width:1024px){#us_grid_1{--columns:2!important}}@media (max-width:600px){#us_grid_1{--columns:1!important}}.layout_gallery_default .w-grid-item-h{}<\/style><div class=\"w-grid-list\">\t<article class=\"w-grid-item us_animate_afc off_autostart size_1x1 post-2186 attachment type-attachment status-inherit hentry\" data-id=\"2186\" style=\"animation-delay:0s\">\r\n\t\t<div class=\"w-grid-item-h\">\r\n\t\t\t\t\t\t\t<a ref=\"magnificPopupGrid\" href=\"https:\/\/vtsracing.de\/wp-content\/uploads\/2023\/04\/LotusEliseRR-Schaltung-1.jpg\" class=\"w-grid-item-anchor\" aria-label=\"VTS Racing by Vali - Lotus Elise RR - Schaltung\"><\/a>\r\n\t\t\t\t\t\t<div class=\"w-post-elm post_image usg_post_image_1 stretched\"><img loading=\"lazy\" decoding=\"async\" width=\"1000\" height=\"750\" src=\"https:\/\/vtsracing.de\/wp-content\/uploads\/2023\/04\/LotusEliseRR-Schaltung-1.jpg\" class=\"attachment-large size-large\" alt=\"VTS Racing by Vali -Lotus Elan GTS\" srcset=\"https:\/\/vtsracing.de\/wp-content\/uploads\/2023\/04\/LotusEliseRR-Schaltung-1.jpg 1000w, https:\/\/vtsracing.de\/wp-content\/uploads\/2023\/04\/LotusEliseRR-Schaltung-1-300x225.jpg 300w, https:\/\/vtsracing.de\/wp-content\/uploads\/2023\/04\/LotusEliseRR-Schaltung-1-600x450.jpg 600w\" sizes=\"auto, (max-width: 1000px) 100vw, 1000px\" \/><\/div>\t\t<\/div>\r\n\t\t\t<\/article>\r\n\t<article class=\"w-grid-item us_animate_afc off_autostart size_1x1 post-2183 attachment type-attachment status-inherit hentry\" data-id=\"2183\" style=\"animation-delay:0.1s\">\r\n\t\t<div class=\"w-grid-item-h\">\r\n\t\t\t\t\t\t\t<a ref=\"magnificPopupGrid\" href=\"https:\/\/vtsracing.de\/wp-content\/uploads\/2023\/04\/LotusEliseRR-Nuerburgring-1.jpg\" class=\"w-grid-item-anchor\" aria-label=\"VTS Racing by Vali - Lotus Elise RR - Nuerburgring\"><\/a>\r\n\t\t\t\t\t\t<div class=\"w-post-elm post_image usg_post_image_1 stretched\"><img loading=\"lazy\" decoding=\"async\" width=\"1000\" height=\"667\" src=\"https:\/\/vtsracing.de\/wp-content\/uploads\/2023\/04\/LotusEliseRR-Nuerburgring-1.jpg\" class=\"attachment-large size-large\" alt=\"VTS Racing by Vali - Lotus Elise RR - Schaltung\" srcset=\"https:\/\/vtsracing.de\/wp-content\/uploads\/2023\/04\/LotusEliseRR-Nuerburgring-1.jpg 1000w, https:\/\/vtsracing.de\/wp-content\/uploads\/2023\/04\/LotusEliseRR-Nuerburgring-1-300x200.jpg 300w, https:\/\/vtsracing.de\/wp-content\/uploads\/2023\/04\/LotusEliseRR-Nuerburgring-1-600x400.jpg 600w\" sizes=\"auto, (max-width: 1000px) 100vw, 1000px\" \/><\/div>\t\t<\/div>\r\n\t\t\t<\/article>\r\n\t<article class=\"w-grid-item us_animate_afc off_autostart size_1x1 post-2180 attachment type-attachment status-inherit hentry\" data-id=\"2180\" style=\"animation-delay:0.2s\">\r\n\t\t<div class=\"w-grid-item-h\">\r\n\t\t\t\t\t\t\t<a ref=\"magnificPopupGrid\" href=\"https:\/\/vtsracing.de\/wp-content\/uploads\/2023\/04\/LotusEliseRR-Innenraum-1.jpg\" class=\"w-grid-item-anchor\" aria-label=\"VTS Racing by Vali - Lotus Elise RR - Innenraum\"><\/a>\r\n\t\t\t\t\t\t<div class=\"w-post-elm post_image usg_post_image_1 stretched\"><img loading=\"lazy\" decoding=\"async\" width=\"1000\" height=\"750\" src=\"https:\/\/vtsracing.de\/wp-content\/uploads\/2023\/04\/LotusEliseRR-Innenraum-1.jpg\" class=\"attachment-large size-large\" alt=\"VTS Racing by Vali - Lotus Elise RR - Nuerburgring\" srcset=\"https:\/\/vtsracing.de\/wp-content\/uploads\/2023\/04\/LotusEliseRR-Innenraum-1.jpg 1000w, https:\/\/vtsracing.de\/wp-content\/uploads\/2023\/04\/LotusEliseRR-Innenraum-1-300x225.jpg 300w, https:\/\/vtsracing.de\/wp-content\/uploads\/2023\/04\/LotusEliseRR-Innenraum-1-600x450.jpg 600w\" sizes=\"auto, (max-width: 1000px) 100vw, 1000px\" \/><\/div>\t\t<\/div>\r\n\t\t\t<\/article>\r\n\t<article class=\"w-grid-item us_animate_afc off_autostart size_1x1 post-2177 attachment type-attachment status-inherit hentry\" data-id=\"2177\" style=\"animation-delay:0.3s\">\r\n\t\t<div class=\"w-grid-item-h\">\r\n\t\t\t\t\t\t\t<a ref=\"magnificPopupGrid\" href=\"https:\/\/vtsracing.de\/wp-content\/uploads\/2023\/04\/LotusEliseRR-Frontclam-1.jpg\" class=\"w-grid-item-anchor\" aria-label=\"VTS Racing by Vali - Lotus Elise RR - Frontclam\"><\/a>\r\n\t\t\t\t\t\t<div class=\"w-post-elm post_image usg_post_image_1 stretched\"><img loading=\"lazy\" decoding=\"async\" width=\"1000\" height=\"750\" src=\"https:\/\/vtsracing.de\/wp-content\/uploads\/2023\/04\/LotusEliseRR-Frontclam-1.jpg\" class=\"attachment-large size-large\" alt=\"VTS Racing by Vali - Lotus Elise RR - Innenraum\" srcset=\"https:\/\/vtsracing.de\/wp-content\/uploads\/2023\/04\/LotusEliseRR-Frontclam-1.jpg 1000w, https:\/\/vtsracing.de\/wp-content\/uploads\/2023\/04\/LotusEliseRR-Frontclam-1-300x225.jpg 300w, https:\/\/vtsracing.de\/wp-content\/uploads\/2023\/04\/LotusEliseRR-Frontclam-1-600x450.jpg 600w\" sizes=\"auto, (max-width: 1000px) 100vw, 1000px\" \/><\/div>\t\t<\/div>\r\n\t\t\t<\/article>\r\n\t<article class=\"w-grid-item us_animate_afc off_autostart size_1x1 post-2174 attachment type-attachment status-inherit hentry\" data-id=\"2174\" style=\"animation-delay:0.4s\">\r\n\t\t<div class=\"w-grid-item-h\">\r\n\t\t\t\t\t\t\t<a ref=\"magnificPopupGrid\" href=\"https:\/\/vtsracing.de\/wp-content\/uploads\/2023\/04\/LotusEliseRR-Front-1.jpg\" class=\"w-grid-item-anchor\" aria-label=\"VTS Racing by Vali - Lotus Elise RR - Front\"><\/a>\r\n\t\t\t\t\t\t<div class=\"w-post-elm post_image usg_post_image_1 stretched\"><img loading=\"lazy\" decoding=\"async\" width=\"1000\" height=\"750\" src=\"https:\/\/vtsracing.de\/wp-content\/uploads\/2023\/04\/LotusEliseRR-Front-1.jpg\" class=\"attachment-large size-large\" alt=\"VTS Racing by Vali - Lotus Elise RR - Front\" srcset=\"https:\/\/vtsracing.de\/wp-content\/uploads\/2023\/04\/LotusEliseRR-Front-1.jpg 1000w, https:\/\/vtsracing.de\/wp-content\/uploads\/2023\/04\/LotusEliseRR-Front-1-300x225.jpg 300w, https:\/\/vtsracing.de\/wp-content\/uploads\/2023\/04\/LotusEliseRR-Front-1-600x450.jpg 600w\" sizes=\"auto, (max-width: 1000px) 100vw, 1000px\" \/><\/div>\t\t<\/div>\r\n\t\t\t<\/article>\r\n\t<article class=\"w-grid-item us_animate_afc off_autostart size_1x1 post-2171 attachment type-attachment status-inherit hentry\" data-id=\"2171\" style=\"animation-delay:0.5s\">\r\n\t\t<div class=\"w-grid-item-h\">\r\n\t\t\t\t\t\t\t<a ref=\"magnificPopupGrid\" href=\"https:\/\/vtsracing.de\/wp-content\/uploads\/2023\/04\/LotusEliseRR-BilsterBerg-1.jpg\" class=\"w-grid-item-anchor\" aria-label=\"VTS Racing by Vali - Lotus Elise RR - BilsterBerg\"><\/a>\r\n\t\t\t\t\t\t<div class=\"w-post-elm post_image usg_post_image_1 stretched\"><img loading=\"lazy\" decoding=\"async\" width=\"1000\" height=\"750\" src=\"https:\/\/vtsracing.de\/wp-content\/uploads\/2023\/04\/LotusEliseRR-BilsterBerg-1.jpg\" class=\"attachment-large size-large\" alt=\"VTS Racing by Vali - Lotus Elise RR - Front\" srcset=\"https:\/\/vtsracing.de\/wp-content\/uploads\/2023\/04\/LotusEliseRR-BilsterBerg-1.jpg 1000w, https:\/\/vtsracing.de\/wp-content\/uploads\/2023\/04\/LotusEliseRR-BilsterBerg-1-300x225.jpg 300w, https:\/\/vtsracing.de\/wp-content\/uploads\/2023\/04\/LotusEliseRR-BilsterBerg-1-600x450.jpg 600w\" sizes=\"auto, (max-width: 1000px) 100vw, 1000px\" \/><\/div>\t\t<\/div>\r\n\t\t\t<\/article>\r\n\t<article class=\"w-grid-item us_animate_afc off_autostart size_1x1 post-2168 attachment type-attachment status-inherit hentry\" data-id=\"2168\" style=\"animation-delay:0.6s\">\r\n\t\t<div class=\"w-grid-item-h\">\r\n\t\t\t\t\t\t\t<a ref=\"magnificPopupGrid\" href=\"https:\/\/vtsracing.de\/wp-content\/uploads\/2023\/04\/LotusEliseRR-Aussen-1.jpg\" class=\"w-grid-item-anchor\" aria-label=\"VTS Racing by Vali - Lotus Elise RR - Aussen\"><\/a>\r\n\t\t\t\t\t\t<div class=\"w-post-elm post_image usg_post_image_1 stretched\"><img loading=\"lazy\" decoding=\"async\" width=\"1000\" height=\"750\" src=\"https:\/\/vtsracing.de\/wp-content\/uploads\/2023\/04\/LotusEliseRR-Aussen-1.jpg\" class=\"attachment-large size-large\" alt=\"VTS Racing by Vali - Lotus Elise RR - BilsterBerg\" srcset=\"https:\/\/vtsracing.de\/wp-content\/uploads\/2023\/04\/LotusEliseRR-Aussen-1.jpg 1000w, https:\/\/vtsracing.de\/wp-content\/uploads\/2023\/04\/LotusEliseRR-Aussen-1-300x225.jpg 300w, https:\/\/vtsracing.de\/wp-content\/uploads\/2023\/04\/LotusEliseRR-Aussen-1-600x450.jpg 600w\" sizes=\"auto, (max-width: 1000px) 100vw, 1000px\" \/><\/div>\t\t<\/div>\r\n\t\t\t<\/article>\r\n\t<article class=\"w-grid-item us_animate_afc off_autostart size_1x1 post-2165 attachment type-attachment status-inherit hentry\" data-id=\"2165\" style=\"animation-delay:0.7s\">\r\n\t\t<div class=\"w-grid-item-h\">\r\n\t\t\t\t\t\t\t<a ref=\"magnificPopupGrid\" href=\"https:\/\/vtsracing.de\/wp-content\/uploads\/2023\/04\/LotusEliseRR_Hauptfoto-1.jpg\" class=\"w-grid-item-anchor\" aria-label=\"VTS Racing by Vali - Lotus Elise RR - Totale\"><\/a>\r\n\t\t\t\t\t\t<div class=\"w-post-elm post_image usg_post_image_1 stretched\"><img loading=\"lazy\" decoding=\"async\" width=\"1000\" height=\"750\" src=\"https:\/\/vtsracing.de\/wp-content\/uploads\/2023\/04\/LotusEliseRR_Hauptfoto-1.jpg\" class=\"attachment-large size-large\" alt=\"VTS Racing by Vali - Lotus Elise RR - Totale\" srcset=\"https:\/\/vtsracing.de\/wp-content\/uploads\/2023\/04\/LotusEliseRR_Hauptfoto-1.jpg 1000w, https:\/\/vtsracing.de\/wp-content\/uploads\/2023\/04\/LotusEliseRR_Hauptfoto-1-300x225.jpg 300w, https:\/\/vtsracing.de\/wp-content\/uploads\/2023\/04\/LotusEliseRR_Hauptfoto-1-600x450.jpg 600w\" sizes=\"auto, (max-width: 1000px) 100vw, 1000px\" \/><\/div>\t\t<\/div>\r\n\t\t\t<\/article>\r\n<\/div><div class=\"w-grid-preloader\">\t<div class=\"g-preloader type_1\">\r\n\t\t<div><\/div>\r\n\t<\/div>\r\n\t<\/div>\t<div class=\"w-grid-json hidden\" onclick='return {&quot;action&quot;:&quot;us_ajax_grid&quot;,&quot;infinite_scroll&quot;:0,&quot;max_num_pages&quot;:1,&quot;pagination&quot;:&quot;none&quot;,&quot;template_vars&quot;:{&quot;columns&quot;:&quot;4&quot;,&quot;exclude_items&quot;:&quot;none&quot;,&quot;img_size&quot;:&quot;default&quot;,&quot;ignore_items_size&quot;:0,&quot;items_layout&quot;:&quot;gallery_default&quot;,&quot;items_offset&quot;:&quot;1&quot;,&quot;load_animation&quot;:&quot;afc&quot;,&quot;overriding_link&quot;:&quot;%7B%22type%22%3A%22popup_image%22%7D&quot;,&quot;post_id&quot;:0,&quot;query_args&quot;:{&quot;post_type&quot;:[&quot;attachment&quot;],&quot;post__in&quot;:[&quot;2184&quot;,&quot;2181&quot;,&quot;2178&quot;,&quot;2175&quot;,&quot;2172&quot;,&quot;2169&quot;,&quot;2166&quot;,&quot;2163&quot;],&quot;post_status&quot;:&quot;inherit&quot;,&quot;post_mime_type&quot;:&quot;image&quot;,&quot;posts_per_page&quot;:&quot;10&quot;},&quot;orderby_query_args&quot;:{&quot;orderby&quot;:{&quot;post__in&quot;:&quot;ASC&quot;},&quot;order&quot;:&quot;ASC&quot;},&quot;type&quot;:&quot;masonry&quot;,&quot;us_grid_post_type&quot;:&quot;attachment&quot;,&quot;us_grid_ajax_index&quot;:1,&quot;us_grid_filter_query_string&quot;:null,&quot;us_grid_index&quot;:1,&quot;page_args&quot;:[],&quot;lang&quot;:&quot;fr&quot;}}'><\/div>\r\n\t<\/div><\/div><\/div><\/div><\/div><\/section><section class=\"l-section wpb_row height_medium\"><div class=\"l-section-h i-cf\"><div class=\"g-cols vc_row via_grid cols_1 laptops-cols_inherit tablets-cols_inherit mobiles-cols_1 valign_top type_default stacking_default\"><div class=\"wpb_column vc_column_container\"><div class=\"vc_column-inner\"><div class=\"w-video us_custom_e2377960 align_center ratio_16x9 has_iframe\"><div class=\"w-video-h\"><iframe title=\"Youtube video player\" src=\"\/\/www.youtube.com\/embed\/R0DAsUgZKTc?autoplay=0&controls=1&origin=https:\/\/vtsracing.de\/fr\/&loop=0&mute=0\" allowfullscreen=\"1\" loading=\"lazy\"><\/iframe><\/div><\/div><\/div><\/div><\/div><\/div><\/section>\n","protected":false},"excerpt":{"rendered":"VTS Racing by Vali - Lotus Elise RR - Totale","protected":false},"author":1,"featured_media":0,"parent":0,"menu_order":0,"comment_status":"closed","ping_status":"closed","template":"","meta":{"footnotes":""},"class_list":["post-2330","page","type-page","status-publish","hentry"],"_links":{"self":[{"href":"https:\/\/vtsracing.de\/fr\/wp-json\/wp\/v2\/pages\/2330","targetHints":{"allow":["GET"]}}],"collection":[{"href":"https:\/\/vtsracing.de\/fr\/wp-json\/wp\/v2\/pages"}],"about":[{"href":"https:\/\/vtsracing.de\/fr\/wp-json\/wp\/v2\/types\/page"}],"author":[{"embeddable":true,"href":"https:\/\/vtsracing.de\/fr\/wp-json\/wp\/v2\/users\/1"}],"replies":[{"embeddable":true,"href":"https:\/\/vtsracing.de\/fr\/wp-json\/wp\/v2\/comments?post=2330"}],"version-history":[{"count":5,"href":"https:\/\/vtsracing.de\/fr\/wp-json\/wp\/v2\/pages\/2330\/revisions"}],"predecessor-version":[{"id":2365,"href":"https:\/\/vtsracing.de\/fr\/wp-json\/wp\/v2\/pages\/2330\/revisions\/2365"}],"wp:attachment":[{"href":"https:\/\/vtsracing.de\/fr\/wp-json\/wp\/v2\/media?parent=2330"}],"curies":[{"name":"wp","href":"https:\/\/api.w.org\/{rel}","templated":true}]}}