{"id":2324,"date":"2023-04-14T09:53:01","date_gmt":"2023-04-14T07:53:01","guid":{"rendered":"https:\/\/vtsracing.de\/lotus-elan-s4-se\/"},"modified":"2023-04-25T11:46:02","modified_gmt":"2023-04-25T09:46:02","slug":"lotus-elan-s4-se","status":"publish","type":"page","link":"https:\/\/vtsracing.de\/fr\/lotus-elan-s4-se\/","title":{"rendered":"Lotus Elan S4 SE"},"content":{"rendered":"<section class=\"l-section wpb_row height_medium\"><div class=\"l-section-h i-cf\"><div class=\"g-cols vc_row via_grid cols_2 laptops-cols_inherit tablets-cols_inherit mobiles-cols_1 valign_top type_default stacking_default\"><div class=\"wpb_column vc_column_container\"><div class=\"vc_column-inner\"><div class=\"w-image align_center\"><div class=\"w-image-h\"><img decoding=\"async\" width=\"600\" height=\"450\" src=\"https:\/\/vtsracing.de\/wp-content\/uploads\/2023\/04\/IMG_1329-1-600x450.jpeg\" class=\"attachment-woocommerce_single size-woocommerce_single\" alt=\"VTS Racing by Vali - Lotus Elan S4 - Totale\" loading=\"lazy\" srcset=\"https:\/\/vtsracing.de\/wp-content\/uploads\/2023\/04\/IMG_1329-1-600x450.jpeg 600w, https:\/\/vtsracing.de\/wp-content\/uploads\/2023\/04\/IMG_1329-1-300x225.jpeg 300w, https:\/\/vtsracing.de\/wp-content\/uploads\/2023\/04\/IMG_1329-1.jpeg 1000w\" sizes=\"auto, (max-width: 600px) 100vw, 600px\" \/><\/div><\/div><\/div><\/div><div class=\"wpb_column vc_column_container\"><div class=\"vc_column-inner\"><div class=\"wpb_text_column\"><div class=\"wpb_wrapper\"><h2><span style=\"text-decoration: underline;\">Lotus Elan S4 SE<\/span><\/h2>\n<p>Restaur\u00e9 : 2016 &#8211; 2019<br \/>\nAnn\u00e9e de construction : 1969<br \/>\nCV : 120<br \/>\nPoids du v\u00e9hicule : 685 kg<\/p>\n<p>La Lotus Elan S4 SE a fait l&rsquo;objet d&rsquo;une r\u00e9vision compl\u00e8te sur une p\u00e9riode de quatre ans.<br \/>\nIl s&rsquo;agissait notamment de d\u00e9caper \u00e0 la glace carbonique et de peindre tous les composants m\u00e9talliques tels que le ch\u00e2ssis, les pi\u00e8ces du train d&rsquo;atterrissage, etc.<br \/>\nComme il s&rsquo;agit d&rsquo;une importation am\u00e9ricaine, la voiture poss\u00e8de un moteur Lotus Twincam avec une culasse Stromberg.<br \/>\nLe moteur a \u00e9t\u00e9 r\u00e9vis\u00e9 de fond en comble et a subi un l\u00e9ger tuning avec des arbres \u00e0 cames un peu plus pointus.<br \/>\nLa carrosserie a d\u00fb \u00eatre enti\u00e8rement ponc\u00e9e jusqu&rsquo;au gelcoat.<br \/>\nIci, jusqu&rsquo;\u00e0 4 couches de peinture diff\u00e9rentes (vert, rouge, rouge, jaune d&rsquo;origine) ont \u00e9t\u00e9 ponc\u00e9es afin de cr\u00e9er une base raisonnable pour une nouvelle peinture.<br \/>\nIl a \u00e9t\u00e9 d\u00e9cid\u00e9 de redonner \u00e0 la carrosserie la teinte Lotus Yellow telle qu&rsquo;elle a \u00e9t\u00e9 livr\u00e9e en 1969.<br \/>\nUn tout nouveau faisceau de c\u00e2bles a \u00e9t\u00e9 r\u00e9alis\u00e9, car les anciens c\u00e2bles \u00e9taient d\u00e9j\u00e0 durs, partiellement coup\u00e9s ou cach\u00e9s sans \u00eatre isol\u00e9s.<br \/>\nDans la foul\u00e9e, davantage de fusibles ont \u00e9t\u00e9 mis en place.<br \/>\nCette voiture &gt; a une particularit\u00e9 : elle a \u00e9t\u00e9 livr\u00e9e d&rsquo;usine en 1969 avec des l\u00e8ve-vitres \u00e9lectriques !<br \/>\nEnfin, une mesure m\u00e9ticuleuse de l&rsquo;essieu et un r\u00e9glage du carburateur ont \u00e9t\u00e9 effectu\u00e9s pour des heures de plaisir sur les routes de campagne.<\/p>\n<\/div><\/div><\/div><\/div><\/div><\/div><\/section><section class=\"l-section wpb_row us_custom_e4eb24e1 height_small\"><div class=\"l-section-h i-cf\"><div class=\"g-cols vc_row via_grid cols_1 laptops-cols_inherit tablets-cols_inherit mobiles-cols_1 valign_top type_default stacking_default\"><div class=\"wpb_column vc_column_container\"><div class=\"vc_column-inner\"><div class=\"w-grid type_masonry layout_gallery_default cols_4 with_isotope with_css_animation\" id=\"us_grid_1\" style=\"--columns:4;--gap:1.5rem;\" data-filterable=\"true\"><style>@media (max-width:1280px){#us_grid_1{--columns:3!important}}@media (max-width:1024px){#us_grid_1{--columns:2!important}}@media (max-width:600px){#us_grid_1{--columns:1!important}}.layout_gallery_default .w-grid-item-h{}<\/style><div class=\"w-grid-list\">\t<article class=\"w-grid-item us_animate_afc off_autostart size_1x1 post-2262 attachment type-attachment status-inherit hentry\" data-id=\"2262\" style=\"animation-delay:0s\">\r\n\t\t<div class=\"w-grid-item-h\">\r\n\t\t\t\t\t\t\t<a ref=\"magnificPopupGrid\" href=\"https:\/\/vtsracing.de\/wp-content\/uploads\/2023\/04\/LotusElanS4-Vorzustand.jpg\" class=\"w-grid-item-anchor\" aria-label=\"VTS Racing by Vali - Lotus Elan S4 - Vorzustand\"><\/a>\r\n\t\t\t\t\t\t<div class=\"w-post-elm post_image usg_post_image_1 stretched\"><img loading=\"lazy\" decoding=\"async\" width=\"1000\" height=\"750\" src=\"https:\/\/vtsracing.de\/wp-content\/uploads\/2023\/04\/LotusElanS4-Vorzustand.jpg\" class=\"attachment-large size-large\" alt=\"VTS Racing by Vali - Lotus Elan S4 - Vorzustand\" srcset=\"https:\/\/vtsracing.de\/wp-content\/uploads\/2023\/04\/LotusElanS4-Vorzustand.jpg 1000w, https:\/\/vtsracing.de\/wp-content\/uploads\/2023\/04\/LotusElanS4-Vorzustand-300x225.jpg 300w, https:\/\/vtsracing.de\/wp-content\/uploads\/2023\/04\/LotusElanS4-Vorzustand-600x450.jpg 600w\" sizes=\"auto, (max-width: 1000px) 100vw, 1000px\" \/><\/div>\t\t<\/div>\r\n\t\t\t<\/article>\r\n\t<article class=\"w-grid-item us_animate_afc off_autostart size_1x1 post-2224 attachment type-attachment status-inherit hentry\" data-id=\"2224\" style=\"animation-delay:0.1s\">\r\n\t\t<div class=\"w-grid-item-h\">\r\n\t\t\t\t\t\t\t<a ref=\"magnificPopupGrid\" href=\"https:\/\/vtsracing.de\/wp-content\/uploads\/2023\/04\/LotusElanS4-Chassis-1.jpg\" class=\"w-grid-item-anchor\" aria-label=\"VTS Racing by Vali - Lotus Elan S4 - Chassis\"><\/a>\r\n\t\t\t\t\t\t<div class=\"w-post-elm post_image usg_post_image_1 stretched\"><img loading=\"lazy\" decoding=\"async\" width=\"1000\" height=\"750\" src=\"https:\/\/vtsracing.de\/wp-content\/uploads\/2023\/04\/LotusElanS4-Chassis-1.jpg\" class=\"attachment-large size-large\" alt=\"VTS Racing by Vali - Lotus Elan S4 - Chassis\" srcset=\"https:\/\/vtsracing.de\/wp-content\/uploads\/2023\/04\/LotusElanS4-Chassis-1.jpg 1000w, https:\/\/vtsracing.de\/wp-content\/uploads\/2023\/04\/LotusElanS4-Chassis-1-300x225.jpg 300w, https:\/\/vtsracing.de\/wp-content\/uploads\/2023\/04\/LotusElanS4-Chassis-1-600x450.jpg 600w\" sizes=\"auto, (max-width: 1000px) 100vw, 1000px\" \/><\/div>\t\t<\/div>\r\n\t\t\t<\/article>\r\n\t<article class=\"w-grid-item us_animate_afc off_autostart size_1x1 post-2233 attachment type-attachment status-inherit hentry\" data-id=\"2233\" style=\"animation-delay:0.2s\">\r\n\t\t<div class=\"w-grid-item-h\">\r\n\t\t\t\t\t\t\t<a ref=\"magnificPopupGrid\" href=\"https:\/\/vtsracing.de\/wp-content\/uploads\/2023\/04\/LotusElanS4-Roh-1.jpg\" class=\"w-grid-item-anchor\" aria-label=\"VTS Racing by Vali - Lotus Elan S4 - Roh\"><\/a>\r\n\t\t\t\t\t\t<div class=\"w-post-elm post_image usg_post_image_1 stretched\"><img loading=\"lazy\" decoding=\"async\" width=\"1000\" height=\"669\" src=\"https:\/\/vtsracing.de\/wp-content\/uploads\/2023\/04\/LotusElanS4-Roh-1.jpg\" class=\"attachment-large size-large\" alt=\"VTS Racing by Vali - Lotus Elan S4 - Roh\" srcset=\"https:\/\/vtsracing.de\/wp-content\/uploads\/2023\/04\/LotusElanS4-Roh-1.jpg 1000w, https:\/\/vtsracing.de\/wp-content\/uploads\/2023\/04\/LotusElanS4-Roh-1-300x201.jpg 300w, https:\/\/vtsracing.de\/wp-content\/uploads\/2023\/04\/LotusElanS4-Roh-1-600x401.jpg 600w\" sizes=\"auto, (max-width: 1000px) 100vw, 1000px\" \/><\/div>\t\t<\/div>\r\n\t\t\t<\/article>\r\n\t<article class=\"w-grid-item us_animate_afc off_autostart size_1x1 post-2236 attachment type-attachment status-inherit hentry\" data-id=\"2236\" style=\"animation-delay:0.3s\">\r\n\t\t<div class=\"w-grid-item-h\">\r\n\t\t\t\t\t\t\t<a ref=\"magnificPopupGrid\" href=\"https:\/\/vtsracing.de\/wp-content\/uploads\/2023\/04\/LotusElanS4-Verkabelung-1.jpg\" class=\"w-grid-item-anchor\" aria-label=\"LotusElanS4-Verkabelung\"><\/a>\r\n\t\t\t\t\t\t<div class=\"w-post-elm post_image usg_post_image_1 stretched\"><img loading=\"lazy\" decoding=\"async\" width=\"1\" height=\"1\" src=\"https:\/\/vtsracing.de\/wp-content\/uploads\/2023\/04\/LotusElanS4-Verkabelung-1.jpg\" class=\"attachment-large size-large\" alt=\"\" \/><\/div>\t\t<\/div>\r\n\t\t\t<\/article>\r\n\t<article class=\"w-grid-item us_animate_afc off_autostart size_1x1 post-2230 attachment type-attachment status-inherit hentry\" data-id=\"2230\" style=\"animation-delay:0.4s\">\r\n\t\t<div class=\"w-grid-item-h\">\r\n\t\t\t\t\t\t\t<a ref=\"magnificPopupGrid\" href=\"https:\/\/vtsracing.de\/wp-content\/uploads\/2023\/04\/LotusElanS4-Karosserie-1.jpg\" class=\"w-grid-item-anchor\" aria-label=\"VTS Racing by Vali - Lotus Elan S4 - Karosserie\"><\/a>\r\n\t\t\t\t\t\t<div class=\"w-post-elm post_image usg_post_image_1 stretched\"><img loading=\"lazy\" decoding=\"async\" width=\"1000\" height=\"750\" src=\"https:\/\/vtsracing.de\/wp-content\/uploads\/2023\/04\/LotusElanS4-Karosserie-1.jpg\" class=\"attachment-large size-large\" alt=\"VTS Racing by Vali - Lotus Elan S4 - Roh\" srcset=\"https:\/\/vtsracing.de\/wp-content\/uploads\/2023\/04\/LotusElanS4-Karosserie-1.jpg 1000w, https:\/\/vtsracing.de\/wp-content\/uploads\/2023\/04\/LotusElanS4-Karosserie-1-300x225.jpg 300w, https:\/\/vtsracing.de\/wp-content\/uploads\/2023\/04\/LotusElanS4-Karosserie-1-600x450.jpg 600w\" sizes=\"auto, (max-width: 1000px) 100vw, 1000px\" \/><\/div>\t\t<\/div>\r\n\t\t\t<\/article>\r\n\t<article class=\"w-grid-item us_animate_afc off_autostart size_1x1 post-2227 attachment type-attachment status-inherit hentry\" data-id=\"2227\" style=\"animation-delay:0.5s\">\r\n\t\t<div class=\"w-grid-item-h\">\r\n\t\t\t\t\t\t\t<a ref=\"magnificPopupGrid\" href=\"https:\/\/vtsracing.de\/wp-content\/uploads\/2023\/04\/LotusElanS4-Innenraum-1.jpeg\" class=\"w-grid-item-anchor\" aria-label=\"VTS Racing by Vali - Lotus Elan S4 - Innenraum\"><\/a>\r\n\t\t\t\t\t\t<div class=\"w-post-elm post_image usg_post_image_1 stretched\"><img loading=\"lazy\" decoding=\"async\" width=\"1000\" height=\"750\" src=\"https:\/\/vtsracing.de\/wp-content\/uploads\/2023\/04\/LotusElanS4-Innenraum-1.jpeg\" class=\"attachment-large size-large\" alt=\"VTS Racing by Vali - Lotus Elan S4 - Karosserie\" srcset=\"https:\/\/vtsracing.de\/wp-content\/uploads\/2023\/04\/LotusElanS4-Innenraum-1.jpeg 1000w, https:\/\/vtsracing.de\/wp-content\/uploads\/2023\/04\/LotusElanS4-Innenraum-1-300x225.jpeg 300w, https:\/\/vtsracing.de\/wp-content\/uploads\/2023\/04\/LotusElanS4-Innenraum-1-600x450.jpeg 600w\" sizes=\"auto, (max-width: 1000px) 100vw, 1000px\" \/><\/div>\t\t<\/div>\r\n\t\t\t<\/article>\r\n\t<article class=\"w-grid-item us_animate_afc off_autostart size_1x1 post-2221 attachment type-attachment status-inherit hentry\" data-id=\"2221\" style=\"animation-delay:0.6s\">\r\n\t\t<div class=\"w-grid-item-h\">\r\n\t\t\t\t\t\t\t<a ref=\"magnificPopupGrid\" href=\"https:\/\/vtsracing.de\/wp-content\/uploads\/2023\/04\/LotusElanS4-Aussen-1.jpeg\" class=\"w-grid-item-anchor\" aria-label=\"VTS Racing by Vali - Lotus Elan S4 - Aussen\"><\/a>\r\n\t\t\t\t\t\t<div class=\"w-post-elm post_image usg_post_image_1 stretched\"><img loading=\"lazy\" decoding=\"async\" width=\"1000\" height=\"750\" src=\"https:\/\/vtsracing.de\/wp-content\/uploads\/2023\/04\/LotusElanS4-Aussen-1.jpeg\" class=\"attachment-large size-large\" alt=\"VTS Racing by Vali - Lotus Elan S4 - Aussen\" srcset=\"https:\/\/vtsracing.de\/wp-content\/uploads\/2023\/04\/LotusElanS4-Aussen-1.jpeg 1000w, https:\/\/vtsracing.de\/wp-content\/uploads\/2023\/04\/LotusElanS4-Aussen-1-300x225.jpeg 300w, https:\/\/vtsracing.de\/wp-content\/uploads\/2023\/04\/LotusElanS4-Aussen-1-600x450.jpeg 600w\" sizes=\"auto, (max-width: 1000px) 100vw, 1000px\" \/><\/div>\t\t<\/div>\r\n\t\t\t<\/article>\r\n\t<article class=\"w-grid-item us_animate_afc off_autostart size_1x1 post-2256 attachment type-attachment status-inherit hentry\" data-id=\"2256\" style=\"animation-delay:0.7s\">\r\n\t\t<div class=\"w-grid-item-h\">\r\n\t\t\t\t\t\t\t<a ref=\"magnificPopupGrid\" href=\"https:\/\/vtsracing.de\/wp-content\/uploads\/2023\/04\/IMG_1329-1.jpeg\" class=\"w-grid-item-anchor\" aria-label=\"VTS Racing by Vali - Lotus Elan S4 - Totale\"><\/a>\r\n\t\t\t\t\t\t<div class=\"w-post-elm post_image usg_post_image_1 stretched\"><img loading=\"lazy\" decoding=\"async\" width=\"1000\" height=\"750\" src=\"https:\/\/vtsracing.de\/wp-content\/uploads\/2023\/04\/IMG_1329-1.jpeg\" class=\"attachment-large size-large\" alt=\"VTS Racing by Vali - Lotus Elan S4 - Totale\" srcset=\"https:\/\/vtsracing.de\/wp-content\/uploads\/2023\/04\/IMG_1329-1.jpeg 1000w, https:\/\/vtsracing.de\/wp-content\/uploads\/2023\/04\/IMG_1329-1-300x225.jpeg 300w, https:\/\/vtsracing.de\/wp-content\/uploads\/2023\/04\/IMG_1329-1-600x450.jpeg 600w\" sizes=\"auto, (max-width: 1000px) 100vw, 1000px\" \/><\/div>\t\t<\/div>\r\n\t\t\t<\/article>\r\n<\/div><div class=\"w-grid-preloader\">\t<div class=\"g-preloader type_1\">\r\n\t\t<div><\/div>\r\n\t<\/div>\r\n\t<\/div>\t<div class=\"w-grid-json hidden\" onclick='return {&quot;action&quot;:&quot;us_ajax_grid&quot;,&quot;infinite_scroll&quot;:0,&quot;max_num_pages&quot;:1,&quot;pagination&quot;:&quot;none&quot;,&quot;template_vars&quot;:{&quot;columns&quot;:&quot;4&quot;,&quot;exclude_items&quot;:&quot;none&quot;,&quot;img_size&quot;:&quot;default&quot;,&quot;ignore_items_size&quot;:0,&quot;items_layout&quot;:&quot;gallery_default&quot;,&quot;items_offset&quot;:&quot;1&quot;,&quot;load_animation&quot;:&quot;afc&quot;,&quot;overriding_link&quot;:&quot;%7B%22type%22%3A%22popup_image%22%7D&quot;,&quot;post_id&quot;:0,&quot;query_args&quot;:{&quot;post_type&quot;:[&quot;attachment&quot;],&quot;post__in&quot;:[&quot;2260&quot;,&quot;2222&quot;,&quot;2231&quot;,&quot;2234&quot;,&quot;2228&quot;,&quot;2225&quot;,&quot;2219&quot;,&quot;2254&quot;],&quot;post_status&quot;:&quot;inherit&quot;,&quot;post_mime_type&quot;:&quot;image&quot;,&quot;posts_per_page&quot;:&quot;10&quot;},&quot;orderby_query_args&quot;:{&quot;orderby&quot;:{&quot;post__in&quot;:&quot;ASC&quot;},&quot;order&quot;:&quot;ASC&quot;},&quot;type&quot;:&quot;masonry&quot;,&quot;us_grid_post_type&quot;:&quot;attachment&quot;,&quot;us_grid_ajax_index&quot;:1,&quot;us_grid_filter_query_string&quot;:null,&quot;us_grid_index&quot;:1,&quot;page_args&quot;:[],&quot;lang&quot;:&quot;fr&quot;}}'><\/div>\r\n\t<\/div><\/div><\/div><\/div><\/div><\/section><section class=\"l-section wpb_row height_medium\"><div class=\"l-section-h i-cf\"><div class=\"g-cols vc_row via_grid cols_1 laptops-cols_inherit tablets-cols_inherit mobiles-cols_1 valign_top type_default stacking_default\"><div class=\"wpb_column vc_column_container\"><div class=\"vc_column-inner\"><\/div><\/div><\/div><\/div><\/section>\n","protected":false},"excerpt":{"rendered":"VTS Racing by Vali - Lotus Elan S4 - Totale","protected":false},"author":1,"featured_media":0,"parent":0,"menu_order":0,"comment_status":"closed","ping_status":"closed","template":"","meta":{"footnotes":""},"class_list":["post-2324","page","type-page","status-publish","hentry"],"_links":{"self":[{"href":"https:\/\/vtsracing.de\/fr\/wp-json\/wp\/v2\/pages\/2324","targetHints":{"allow":["GET"]}}],"collection":[{"href":"https:\/\/vtsracing.de\/fr\/wp-json\/wp\/v2\/pages"}],"about":[{"href":"https:\/\/vtsracing.de\/fr\/wp-json\/wp\/v2\/types\/page"}],"author":[{"embeddable":true,"href":"https:\/\/vtsracing.de\/fr\/wp-json\/wp\/v2\/users\/1"}],"replies":[{"embeddable":true,"href":"https:\/\/vtsracing.de\/fr\/wp-json\/wp\/v2\/comments?post=2324"}],"version-history":[{"count":5,"href":"https:\/\/vtsracing.de\/fr\/wp-json\/wp\/v2\/pages\/2324\/revisions"}],"predecessor-version":[{"id":2356,"href":"https:\/\/vtsracing.de\/fr\/wp-json\/wp\/v2\/pages\/2324\/revisions\/2356"}],"wp:attachment":[{"href":"https:\/\/vtsracing.de\/fr\/wp-json\/wp\/v2\/media?parent=2324"}],"curies":[{"name":"wp","href":"https:\/\/api.w.org\/{rel}","templated":true}]}}