{"id":2318,"date":"2023-04-05T11:43:14","date_gmt":"2023-04-05T09:43:14","guid":{"rendered":"https:\/\/vtsracing.de\/lotus-elan-gts\/"},"modified":"2023-04-25T11:44:22","modified_gmt":"2023-04-25T09:44:22","slug":"lotus-elan-gts","status":"publish","type":"page","link":"https:\/\/vtsracing.de\/fr\/lotus-elan-gts\/","title":{"rendered":"Lotus Elan GTS"},"content":{"rendered":"<section class=\"l-section wpb_row height_medium\"><div class=\"l-section-h i-cf\"><div class=\"g-cols vc_row via_grid cols_2 laptops-cols_inherit tablets-cols_inherit mobiles-cols_1 valign_top type_default stacking_default\"><div class=\"wpb_column vc_column_container\"><div class=\"vc_column-inner\"><div class=\"w-image align_center\"><div class=\"w-image-h\"><img decoding=\"async\" width=\"600\" height=\"450\" src=\"https:\/\/vtsracing.de\/wp-content\/uploads\/2023\/04\/LotusElanGTS.jpg\" class=\"attachment-woocommerce_single size-woocommerce_single\" alt=\"VTS Racing by Vali -LotusElanGTS - Fahrerlager\" loading=\"lazy\" srcset=\"https:\/\/vtsracing.de\/wp-content\/uploads\/2023\/04\/LotusElanGTS.jpg 600w, https:\/\/vtsracing.de\/wp-content\/uploads\/2023\/04\/LotusElanGTS-300x225.jpg 300w\" sizes=\"auto, (max-width: 600px) 100vw, 600px\" \/><\/div><\/div><\/div><\/div><div class=\"wpb_column vc_column_container\"><div class=\"vc_column-inner\"><div class=\"wpb_text_column\"><div class=\"wpb_wrapper\"><h2><span style=\"text-decoration: underline;\">Lotus Elan GTS<\/span><\/h2>\n<p>Restaur\u00e9 : 2021 &#8211; 2022<br \/>\nAnn\u00e9e de construction : 1965<br \/>\nCV : 171<br \/>\nPoids du v\u00e9hicule : 595 kg<\/p>\n<p>Reconstruction en voiture de course historique selon l&rsquo;annexe K de la FIA (sp\u00e9cification de la p\u00e9riode).<\/p>\n<p>La Lotus Elan S2 a \u00e9t\u00e9 enti\u00e8rement reconstruite pour devenir une voiture de course comp\u00e9titive de la classe GTS selon l&rsquo;annexe K de la FIA, p\u00e9riode F, selon les normes les plus \u00e9lev\u00e9es, notamment avec des pi\u00e8ces de Tony Thompson Racing.<br \/>\nOutre un moteur Lotus Twincam de 171 ch conforme \u00e0 la FIA, il comprend des pi\u00e8ces de course sp\u00e9cifiques \u00e0 la p\u00e9riode, comme des jantes en magn\u00e9sium, un syst\u00e8me de freinage, un ch\u00e2ssis, un syst\u00e8me d&rsquo;essence ou une carrosserie l\u00e9g\u00e8re.<\/p>\n<\/div><\/div><\/div><\/div><\/div><\/div><\/section><section class=\"l-section wpb_row us_custom_e4eb24e1 height_small\"><div class=\"l-section-h i-cf\"><div class=\"g-cols vc_row via_grid cols_1 laptops-cols_inherit tablets-cols_inherit mobiles-cols_1 valign_top type_default stacking_default\"><div class=\"wpb_column vc_column_container\"><div class=\"vc_column-inner\"><div class=\"w-grid type_masonry layout_gallery_default cols_4 with_isotope with_css_animation\" id=\"us_grid_1\" style=\"--columns:4;--gap:1.5rem;\" data-filterable=\"true\"><style>@media (max-width:1280px){#us_grid_1{--columns:3!important}}@media (max-width:1024px){#us_grid_1{--columns:2!important}}@media (max-width:600px){#us_grid_1{--columns:1!important}}.layout_gallery_default .w-grid-item-h{}<\/style><div class=\"w-grid-list\">\t<article class=\"w-grid-item us_animate_afc off_autostart size_1x1 post-2144 attachment type-attachment status-inherit hentry\" data-id=\"2144\" style=\"animation-delay:0s\">\r\n\t\t<div class=\"w-grid-item-h\">\r\n\t\t\t\t\t\t\t<a ref=\"magnificPopupGrid\" href=\"https:\/\/vtsracing.de\/wp-content\/uploads\/2023\/04\/LotusElanGTS-Raw.jpg\" class=\"w-grid-item-anchor\" aria-label=\"VTS Racing by Vali - LotusElanGTS-Raw\"><\/a>\r\n\t\t\t\t\t\t<div class=\"w-post-elm post_image usg_post_image_1 stretched\"><img loading=\"lazy\" decoding=\"async\" width=\"1000\" height=\"750\" src=\"https:\/\/vtsracing.de\/wp-content\/uploads\/2023\/04\/LotusElanGTS-Raw.jpg\" class=\"attachment-large size-large\" alt=\"VTS Racing by Vali -LotusElanGTS-Tour\" srcset=\"https:\/\/vtsracing.de\/wp-content\/uploads\/2023\/04\/LotusElanGTS-Raw.jpg 1000w, https:\/\/vtsracing.de\/wp-content\/uploads\/2023\/04\/LotusElanGTS-Raw-300x225.jpg 300w, https:\/\/vtsracing.de\/wp-content\/uploads\/2023\/04\/LotusElanGTS-Raw-600x450.jpg 600w\" sizes=\"auto, (max-width: 1000px) 100vw, 1000px\" \/><\/div>\t\t<\/div>\r\n\t\t\t<\/article>\r\n\t<article class=\"w-grid-item us_animate_afc off_autostart size_1x1 post-2132 attachment type-attachment status-inherit hentry\" data-id=\"2132\" style=\"animation-delay:0.1s\">\r\n\t\t<div class=\"w-grid-item-h\">\r\n\t\t\t\t\t\t\t<a ref=\"magnificPopupGrid\" href=\"https:\/\/vtsracing.de\/wp-content\/uploads\/2023\/04\/LotusElanGTS-ChassisEngine-1.jpg\" class=\"w-grid-item-anchor\" aria-label=\"VTS Racing by Vali - LotusElanGTS - ChassisEngine\"><\/a>\r\n\t\t\t\t\t\t<div class=\"w-post-elm post_image usg_post_image_1 stretched\"><img loading=\"lazy\" decoding=\"async\" width=\"1000\" height=\"750\" src=\"https:\/\/vtsracing.de\/wp-content\/uploads\/2023\/04\/LotusElanGTS-ChassisEngine-1.jpg\" class=\"attachment-large size-large\" alt=\"VTS Racing by Vali - LotusElanGTS - Engine\" srcset=\"https:\/\/vtsracing.de\/wp-content\/uploads\/2023\/04\/LotusElanGTS-ChassisEngine-1.jpg 1000w, https:\/\/vtsracing.de\/wp-content\/uploads\/2023\/04\/LotusElanGTS-ChassisEngine-1-300x225.jpg 300w, https:\/\/vtsracing.de\/wp-content\/uploads\/2023\/04\/LotusElanGTS-ChassisEngine-1-600x450.jpg 600w\" sizes=\"auto, (max-width: 1000px) 100vw, 1000px\" \/><\/div>\t\t<\/div>\r\n\t\t\t<\/article>\r\n\t<article class=\"w-grid-item us_animate_afc off_autostart size_1x1 post-2138 attachment type-attachment status-inherit hentry\" data-id=\"2138\" style=\"animation-delay:0.2s\">\r\n\t\t<div class=\"w-grid-item-h\">\r\n\t\t\t\t\t\t\t<a ref=\"magnificPopupGrid\" href=\"https:\/\/vtsracing.de\/wp-content\/uploads\/2023\/04\/LotusElanGTS-Inside-1.jpg\" class=\"w-grid-item-anchor\" aria-label=\"VTS Racing by Vali - LotusElanGTS - Inside\"><\/a>\r\n\t\t\t\t\t\t<div class=\"w-post-elm post_image usg_post_image_1 stretched\"><img loading=\"lazy\" decoding=\"async\" width=\"1000\" height=\"750\" src=\"https:\/\/vtsracing.de\/wp-content\/uploads\/2023\/04\/LotusElanGTS-Inside-1.jpg\" class=\"attachment-large size-large\" alt=\"VTS Racing by Vali -LotusElanGTS - Mausefalle\" srcset=\"https:\/\/vtsracing.de\/wp-content\/uploads\/2023\/04\/LotusElanGTS-Inside-1.jpg 1000w, https:\/\/vtsracing.de\/wp-content\/uploads\/2023\/04\/LotusElanGTS-Inside-1-300x225.jpg 300w, https:\/\/vtsracing.de\/wp-content\/uploads\/2023\/04\/LotusElanGTS-Inside-1-600x450.jpg 600w\" sizes=\"auto, (max-width: 1000px) 100vw, 1000px\" \/><\/div>\t\t<\/div>\r\n\t\t\t<\/article>\r\n\t<article class=\"w-grid-item us_animate_afc off_autostart size_1x1 post-2147 attachment type-attachment status-inherit hentry\" data-id=\"2147\" style=\"animation-delay:0.3s\">\r\n\t\t<div class=\"w-grid-item-h\">\r\n\t\t\t\t\t\t\t<a ref=\"magnificPopupGrid\" href=\"https:\/\/vtsracing.de\/wp-content\/uploads\/2023\/04\/LotusElanGTS-Tour-1.jpg\" class=\"w-grid-item-anchor\" aria-label=\"VTS Racing by Vali -LotusElanGTS-Tour\"><\/a>\r\n\t\t\t\t\t\t<div class=\"w-post-elm post_image usg_post_image_1 stretched\"><img loading=\"lazy\" decoding=\"async\" width=\"1000\" height=\"750\" src=\"https:\/\/vtsracing.de\/wp-content\/uploads\/2023\/04\/LotusElanGTS-Tour-1.jpg\" class=\"attachment-large size-large\" alt=\"VTS Racing by Vali -LotusElanGTS-Tour\" srcset=\"https:\/\/vtsracing.de\/wp-content\/uploads\/2023\/04\/LotusElanGTS-Tour-1.jpg 1000w, https:\/\/vtsracing.de\/wp-content\/uploads\/2023\/04\/LotusElanGTS-Tour-1-300x225.jpg 300w, https:\/\/vtsracing.de\/wp-content\/uploads\/2023\/04\/LotusElanGTS-Tour-1-600x450.jpg 600w\" sizes=\"auto, (max-width: 1000px) 100vw, 1000px\" \/><\/div>\t\t<\/div>\r\n\t\t\t<\/article>\r\n\t<article class=\"w-grid-item us_animate_afc off_autostart size_1x1 post-2135 attachment type-attachment status-inherit hentry\" data-id=\"2135\" style=\"animation-delay:0.4s\">\r\n\t\t<div class=\"w-grid-item-h\">\r\n\t\t\t\t\t\t\t<a ref=\"magnificPopupGrid\" href=\"https:\/\/vtsracing.de\/wp-content\/uploads\/2023\/04\/LotusElanGTS-Engine-1.jpg\" class=\"w-grid-item-anchor\" aria-label=\"VTS Racing by Vali - LotusElanGTS - Engine\"><\/a>\r\n\t\t\t\t\t\t<div class=\"w-post-elm post_image usg_post_image_1 stretched\"><img loading=\"lazy\" decoding=\"async\" width=\"1000\" height=\"750\" src=\"https:\/\/vtsracing.de\/wp-content\/uploads\/2023\/04\/LotusElanGTS-Engine-1.jpg\" class=\"attachment-large size-large\" alt=\"VTS Racing by Vali - LotusElanGTS - Inside\" srcset=\"https:\/\/vtsracing.de\/wp-content\/uploads\/2023\/04\/LotusElanGTS-Engine-1.jpg 1000w, https:\/\/vtsracing.de\/wp-content\/uploads\/2023\/04\/LotusElanGTS-Engine-1-300x225.jpg 300w, https:\/\/vtsracing.de\/wp-content\/uploads\/2023\/04\/LotusElanGTS-Engine-1-600x450.jpg 600w\" sizes=\"auto, (max-width: 1000px) 100vw, 1000px\" \/><\/div>\t\t<\/div>\r\n\t\t\t<\/article>\r\n\t<article class=\"w-grid-item us_animate_afc off_autostart size_1x1 post-2141 attachment type-attachment status-inherit hentry\" data-id=\"2141\" style=\"animation-delay:0.5s\">\r\n\t\t<div class=\"w-grid-item-h\">\r\n\t\t\t\t\t\t\t<a ref=\"magnificPopupGrid\" href=\"https:\/\/vtsracing.de\/wp-content\/uploads\/2023\/04\/LotusElanGTS-Mausefalle-1.jpg\" class=\"w-grid-item-anchor\" aria-label=\"VTS Racing by Vali -LotusElanGTS - Mausefalle\"><\/a>\r\n\t\t\t\t\t\t<div class=\"w-post-elm post_image usg_post_image_1 stretched\"><img loading=\"lazy\" decoding=\"async\" width=\"1000\" height=\"667\" src=\"https:\/\/vtsracing.de\/wp-content\/uploads\/2023\/04\/LotusElanGTS-Mausefalle-1.jpg\" class=\"attachment-large size-large\" alt=\"VTS Racing by Vali - LotusElanGTS-Raw\" srcset=\"https:\/\/vtsracing.de\/wp-content\/uploads\/2023\/04\/LotusElanGTS-Mausefalle-1.jpg 1000w, https:\/\/vtsracing.de\/wp-content\/uploads\/2023\/04\/LotusElanGTS-Mausefalle-1-300x200.jpg 300w, https:\/\/vtsracing.de\/wp-content\/uploads\/2023\/04\/LotusElanGTS-Mausefalle-1-600x400.jpg 600w\" sizes=\"auto, (max-width: 1000px) 100vw, 1000px\" \/><\/div>\t\t<\/div>\r\n\t\t\t<\/article>\r\n\t<article class=\"w-grid-item us_animate_afc off_autostart size_1x1 post-2126 attachment type-attachment status-inherit hentry\" data-id=\"2126\" style=\"animation-delay:0.6s\">\r\n\t\t<div class=\"w-grid-item-h\">\r\n\t\t\t\t\t\t\t<a ref=\"magnificPopupGrid\" href=\"https:\/\/vtsracing.de\/wp-content\/uploads\/2023\/04\/LotusElanGTS_Fahrerlager-1.jpg\" class=\"w-grid-item-anchor\" aria-label=\"VTS Racing by Vali -LotusElanGTS - Fahrerlager\"><\/a>\r\n\t\t\t\t\t\t<div class=\"w-post-elm post_image usg_post_image_1 stretched\"><img loading=\"lazy\" decoding=\"async\" width=\"1000\" height=\"750\" src=\"https:\/\/vtsracing.de\/wp-content\/uploads\/2023\/04\/LotusElanGTS_Fahrerlager-1.jpg\" class=\"attachment-large size-large\" alt=\"VTS Racing by Vali - LotusElanGTS - BilsterBerg\" srcset=\"https:\/\/vtsracing.de\/wp-content\/uploads\/2023\/04\/LotusElanGTS_Fahrerlager-1.jpg 1000w, https:\/\/vtsracing.de\/wp-content\/uploads\/2023\/04\/LotusElanGTS_Fahrerlager-1-300x225.jpg 300w, https:\/\/vtsracing.de\/wp-content\/uploads\/2023\/04\/LotusElanGTS_Fahrerlager-1-600x450.jpg 600w\" sizes=\"auto, (max-width: 1000px) 100vw, 1000px\" \/><\/div>\t\t<\/div>\r\n\t\t\t<\/article>\r\n\t<article class=\"w-grid-item us_animate_afc off_autostart size_1x1 post-2129 attachment type-attachment status-inherit hentry\" data-id=\"2129\" style=\"animation-delay:0.7s\">\r\n\t\t<div class=\"w-grid-item-h\">\r\n\t\t\t\t\t\t\t<a ref=\"magnificPopupGrid\" href=\"https:\/\/vtsracing.de\/wp-content\/uploads\/2023\/04\/LotusElanGTS-BilsterBerg.jpg\" class=\"w-grid-item-anchor\" aria-label=\"VTS Racing by Vali - LotusElanGTS - BilsterBerg\"><\/a>\r\n\t\t\t\t\t\t<div class=\"w-post-elm post_image usg_post_image_1 stretched\"><img loading=\"lazy\" decoding=\"async\" width=\"1000\" height=\"750\" src=\"https:\/\/vtsracing.de\/wp-content\/uploads\/2023\/04\/LotusElanGTS-BilsterBerg.jpg\" class=\"attachment-large size-large\" alt=\"VTS Racing by Vali - LotusElanGTS - ChassisEngine\" srcset=\"https:\/\/vtsracing.de\/wp-content\/uploads\/2023\/04\/LotusElanGTS-BilsterBerg.jpg 1000w, https:\/\/vtsracing.de\/wp-content\/uploads\/2023\/04\/LotusElanGTS-BilsterBerg-300x225.jpg 300w, https:\/\/vtsracing.de\/wp-content\/uploads\/2023\/04\/LotusElanGTS-BilsterBerg-600x450.jpg 600w\" sizes=\"auto, (max-width: 1000px) 100vw, 1000px\" \/><\/div>\t\t<\/div>\r\n\t\t\t<\/article>\r\n<\/div><div class=\"w-grid-preloader\">\t<div class=\"g-preloader type_1\">\r\n\t\t<div><\/div>\r\n\t<\/div>\r\n\t<\/div>\t<div class=\"w-grid-json hidden\" onclick='return {&quot;action&quot;:&quot;us_ajax_grid&quot;,&quot;infinite_scroll&quot;:0,&quot;max_num_pages&quot;:1,&quot;pagination&quot;:&quot;none&quot;,&quot;template_vars&quot;:{&quot;columns&quot;:&quot;4&quot;,&quot;exclude_items&quot;:&quot;none&quot;,&quot;img_size&quot;:&quot;default&quot;,&quot;ignore_items_size&quot;:0,&quot;items_layout&quot;:&quot;gallery_default&quot;,&quot;items_offset&quot;:&quot;1&quot;,&quot;load_animation&quot;:&quot;afc&quot;,&quot;overriding_link&quot;:&quot;%7B%22type%22%3A%22popup_image%22%7D&quot;,&quot;post_id&quot;:0,&quot;query_args&quot;:{&quot;post_type&quot;:[&quot;attachment&quot;],&quot;post__in&quot;:[&quot;2142&quot;,&quot;2130&quot;,&quot;2136&quot;,&quot;2145&quot;,&quot;2133&quot;,&quot;2139&quot;,&quot;2124&quot;,&quot;2127&quot;],&quot;post_status&quot;:&quot;inherit&quot;,&quot;post_mime_type&quot;:&quot;image&quot;,&quot;posts_per_page&quot;:&quot;10&quot;},&quot;orderby_query_args&quot;:{&quot;orderby&quot;:{&quot;post__in&quot;:&quot;ASC&quot;},&quot;order&quot;:&quot;ASC&quot;},&quot;type&quot;:&quot;masonry&quot;,&quot;us_grid_post_type&quot;:&quot;attachment&quot;,&quot;us_grid_ajax_index&quot;:1,&quot;us_grid_filter_query_string&quot;:null,&quot;us_grid_index&quot;:1,&quot;page_args&quot;:[],&quot;lang&quot;:&quot;fr&quot;}}'><\/div>\r\n\t<\/div><\/div><\/div><\/div><\/div><\/section><section class=\"l-section wpb_row height_medium\"><div class=\"l-section-h i-cf\"><div class=\"g-cols vc_row via_grid cols_1 laptops-cols_inherit tablets-cols_inherit mobiles-cols_1 valign_top type_default stacking_default\"><div class=\"wpb_column vc_column_container\"><div class=\"vc_column-inner\"><div class=\"w-video us_custom_e2377960 align_center ratio_16x9 has_iframe\"><div class=\"w-video-h\"><iframe title=\"Youtube video player\" src=\"\/\/www.youtube.com\/embed\/3asMr1WHL48?autoplay=0&controls=1&origin=https:\/\/vtsracing.de\/fr\/&loop=0&mute=0\" allowfullscreen=\"1\" loading=\"lazy\"><\/iframe><\/div><\/div><\/div><\/div><\/div><\/div><\/section>\n","protected":false},"excerpt":{"rendered":"VTS Racing by Vali - LotusElanGTS - BilsterBerg","protected":false},"author":1,"featured_media":0,"parent":0,"menu_order":0,"comment_status":"closed","ping_status":"closed","template":"","meta":{"footnotes":""},"class_list":["post-2318","page","type-page","status-publish","hentry"],"_links":{"self":[{"href":"https:\/\/vtsracing.de\/fr\/wp-json\/wp\/v2\/pages\/2318","targetHints":{"allow":["GET"]}}],"collection":[{"href":"https:\/\/vtsracing.de\/fr\/wp-json\/wp\/v2\/pages"}],"about":[{"href":"https:\/\/vtsracing.de\/fr\/wp-json\/wp\/v2\/types\/page"}],"author":[{"embeddable":true,"href":"https:\/\/vtsracing.de\/fr\/wp-json\/wp\/v2\/users\/1"}],"replies":[{"embeddable":true,"href":"https:\/\/vtsracing.de\/fr\/wp-json\/wp\/v2\/comments?post=2318"}],"version-history":[{"count":5,"href":"https:\/\/vtsracing.de\/fr\/wp-json\/wp\/v2\/pages\/2318\/revisions"}],"predecessor-version":[{"id":2347,"href":"https:\/\/vtsracing.de\/fr\/wp-json\/wp\/v2\/pages\/2318\/revisions\/2347"}],"wp:attachment":[{"href":"https:\/\/vtsracing.de\/fr\/wp-json\/wp\/v2\/media?parent=2318"}],"curies":[{"name":"wp","href":"https:\/\/api.w.org\/{rel}","templated":true}]}}