{"id":2272,"date":"2023-04-14T11:16:19","date_gmt":"2023-04-14T09:16:19","guid":{"rendered":"https:\/\/vtsracing.de\/references\/"},"modified":"2023-09-18T13:04:22","modified_gmt":"2023-09-18T11:04:22","slug":"references","status":"publish","type":"page","link":"https:\/\/vtsracing.de\/fr\/references\/","title":{"rendered":"R\u00e9f\u00e9rences"},"content":{"rendered":"<section class=\"l-section wpb_row height_medium\"><div class=\"l-section-h i-cf\"><div class=\"g-cols vc_row via_grid cols_1 laptops-cols_inherit tablets-cols_inherit mobiles-cols_1 valign_top type_default stacking_default\"><div class=\"wpb_column vc_column_container\"><div class=\"vc_column-inner\"><div class=\"wpb_text_column\"><div class=\"wpb_wrapper\"><h2 style=\"text-align: center;\">R\u00e9f\u00e9rences<\/h2>\n<\/div><\/div><\/div><\/div><\/div><\/div><\/section><section class=\"l-section wpb_row us_custom_b705c2c4 height_small\"><div class=\"l-section-h i-cf\"><div class=\"g-cols vc_row via_grid cols_3 laptops-cols_inherit tablets-cols_inherit mobiles-cols_1 valign_top type_default stacking_default\"><div class=\"wpb_column vc_column_container\"><div class=\"vc_column-inner\"><div class=\"w-image has_ratio align_none\"><a title=\"Lotus Elan GTS\" href=\"https:\/\/vtsracing.de\/fr\/lotus-elan-gts\/\" aria-label=\"VTS Racing by Vali - LotusElanGTS - BilsterBerg\" class=\"w-image-h\"><div style=\"padding-bottom:100%\"><\/div><img decoding=\"async\" width=\"1000\" height=\"750\" src=\"https:\/\/vtsracing.de\/wp-content\/uploads\/2023\/04\/LotusElanGTS-BilsterBerg.jpg\" class=\"attachment-full size-full\" alt=\"VTS Racing by Vali - LotusElanGTS - ChassisEngine\" loading=\"lazy\" \/><\/a><\/div><div class=\"wpb_text_column us_custom_d2199d32\"><div class=\"wpb_wrapper\"><h3 style=\"text-align: center;\"><a href=\"https:\/\/vtsracing.de\/fr\/lotus-elan-gts\/\"><span style=\"text-decoration: underline; color: #008000;\">Lotus Elan GTS<\/span><\/a><\/h3>\n<p style=\"text-align: center;\">Structure de course selon l&rsquo;annexe K de la FIA (historique)<\/p>\n<\/div><\/div><\/div><\/div><div class=\"wpb_column vc_column_container\"><div class=\"vc_column-inner\"><div class=\"w-image has_ratio align_none\"><a title=\"Lotus Elan GTS\" href=\"https:\/\/vtsracing.de\/lotus-elise-rr\/\" aria-label=\"VTS Racing by Vali - Lotus Elise RR - Totale\" class=\"w-image-h\"><div style=\"padding-bottom:100%\"><\/div><img decoding=\"async\" width=\"1000\" height=\"750\" src=\"https:\/\/vtsracing.de\/wp-content\/uploads\/2023\/04\/LotusEliseRR_Hauptfoto-1.jpg\" class=\"attachment-full size-full\" alt=\"VTS Racing by Vali - Lotus Elise RR - Totale\" loading=\"lazy\" \/><\/a><\/div><div class=\"wpb_text_column us_custom_d2199d32\"><div class=\"wpb_wrapper\"><h3 style=\"text-align: center;\"><a href=\"https:\/\/vtsracing.de\/lotus-elise-rr\/\"><span style=\"text-decoration: underline; color: #008000;\">Lotus Elise RR<\/span><\/a><\/h3>\n<p style=\"text-align: center;\">Optimiert f\u00fcr Track Days mit Stra\u00dfenzulassung und Service<\/p>\n<\/div><\/div><\/div><\/div><div class=\"wpb_column vc_column_container\"><div class=\"vc_column-inner\"><div class=\"w-image has_ratio align_none\"><a title=\"Lotus Elan GTS\" href=\"https:\/\/vtsracing.de\/westfield-xi\/\" aria-label=\"VTS Racing by Vali - WestfieldEleven - Nordschleife\" class=\"w-image-h\"><div style=\"padding-bottom:100%\"><\/div><img decoding=\"async\" width=\"1000\" height=\"669\" src=\"https:\/\/vtsracing.de\/wp-content\/uploads\/2023\/04\/WestfieldEleven-Nordschleife-1.jpg\" class=\"attachment-full size-full\" alt=\"VTS Racing by Vali - WestfieldEleven - Nordschleife\" loading=\"lazy\" \/><\/a><\/div><div class=\"wpb_text_column us_custom_d2199d32\"><div class=\"wpb_wrapper\"><h3 style=\"text-align: center;\"><a href=\"https:\/\/vtsracing.de\/westfield-xi\/\"><span style=\"text-decoration: underline; color: #008000;\">Westfield XI<\/span><\/a><\/h3>\n<p style=\"text-align: center;\">Track Day Betreuung und Service<\/p>\n<\/div><\/div><\/div><\/div><\/div><\/div><\/section><section class=\"l-section wpb_row us_custom_4de3ce74 height_small\"><div class=\"l-section-h i-cf\"><div class=\"g-cols vc_row via_grid cols_3 laptops-cols_inherit tablets-cols_inherit mobiles-cols_1 valign_top type_default stacking_default\"><div class=\"wpb_column vc_column_container\"><div class=\"vc_column-inner\"><div class=\"w-image has_ratio align_none\"><a title=\"Lotus Elan GTS\" href=\"https:\/\/vtsracing.de\/lotus-elan-s4-se\/\" aria-label=\"VTS Racing by Vali - Lotus Elan S4 - Totale\" class=\"w-image-h\"><div style=\"padding-bottom:100%\"><\/div><img decoding=\"async\" width=\"1000\" height=\"750\" src=\"https:\/\/vtsracing.de\/wp-content\/uploads\/2023\/04\/IMG_1329-1.jpeg\" class=\"attachment-full size-full\" alt=\"VTS Racing by Vali - Lotus Elan S4 - Totale\" loading=\"lazy\" \/><\/a><\/div><div class=\"wpb_text_column us_custom_d2199d32\"><div class=\"wpb_wrapper\"><h3 style=\"text-align: center;\"><a href=\"https:\/\/vtsracing.de\/lotus-elan-s4-se\/\"><span style=\"text-decoration: underline; color: #008000;\">Lotus Elan S4 SE<\/span><\/a><\/h3>\n<p style=\"text-align: center;\">Vollumf\u00e4ngliche Restauration und Service<\/p>\n<\/div><\/div><\/div><\/div><div class=\"wpb_column vc_column_container\"><div class=\"vc_column-inner\"><div class=\"w-image has_ratio align_none\"><a title=\"Lotus Elan GTS\" href=\"https:\/\/vtsracing.de\/lotus-evora-s\/\" aria-label=\"VTS Racing by Vali - Lotus Evora S\" class=\"w-image-h\"><div style=\"padding-bottom:100%\"><\/div><img decoding=\"async\" width=\"1000\" height=\"750\" src=\"https:\/\/vtsracing.de\/wp-content\/uploads\/2023\/04\/LotusEvoraS_1.jpg\" class=\"attachment-full size-full\" alt=\"VTS Racing by Vali - Lotus Evora S\" loading=\"lazy\" \/><\/a><\/div><div class=\"wpb_text_column us_custom_d2199d32\"><div class=\"wpb_wrapper\"><h3 style=\"text-align: center;\"><a href=\"https:\/\/vtsracing.de\/lotus-evora-s\/\"><span style=\"text-decoration: underline; color: #008000;\">Lotus Evora S<\/span><\/a><\/h3>\n<p style=\"text-align: center;\">Track Day Betreuung und Service<\/p>\n<\/div><\/div><\/div><\/div><div class=\"wpb_column vc_column_container\"><div class=\"vc_column-inner\"><div class=\"w-image has_ratio align_none\"><a title=\"Elva Mk7s\" href=\"https:\/\/vtsracing.de\/elva-mk7s\/\" aria-label=\"VTS Racing by Vali - Elva Mk7s\" class=\"w-image-h\"><div style=\"padding-bottom:100%\"><\/div><img decoding=\"async\" width=\"1000\" height=\"750\" src=\"https:\/\/vtsracing.de\/wp-content\/uploads\/2023\/09\/Elva-Mk7s-06.jpg\" class=\"attachment-full size-full\" alt=\"VTS Racing by Vali - Elva Mk7s\" loading=\"lazy\" \/><\/a><\/div><div class=\"wpb_text_column us_custom_d2199d32\"><div class=\"wpb_wrapper\"><h3 style=\"text-align: center;\"><a href=\"https:\/\/vtsracing.de\/elva-mk7s\/\"><span style=\"text-decoration: underline; color: #008000;\">Elva Mk7s<\/span><\/a><\/h3>\n<p style=\"text-align: center;\">Vollumf\u00e4ngliche Restauration und Service<\/p>\n<\/div><\/div><\/div><\/div><\/div><\/div><\/section>\n","protected":false},"excerpt":{"rendered":"R\u00e9f\u00e9rences Lotus Elan GTS Structure de course selon l&rsquo;annexe K de la FIA (historique) Lotus Elise RR Optimiert f\u00fcr Track Days mit Stra\u00dfenzulassung und Service Westfield XI Track Day Betreuung und Service Lotus Elan S4 SE Vollumf\u00e4ngliche Restauration und Service Lotus Evora S Track Day Betreuung und Service Elva Mk7s Vollumf\u00e4ngliche Restauration und Service","protected":false},"author":1,"featured_media":0,"parent":0,"menu_order":0,"comment_status":"closed","ping_status":"closed","template":"","meta":{"footnotes":""},"class_list":["post-2272","page","type-page","status-publish","hentry"],"_links":{"self":[{"href":"https:\/\/vtsracing.de\/fr\/wp-json\/wp\/v2\/pages\/2272","targetHints":{"allow":["GET"]}}],"collection":[{"href":"https:\/\/vtsracing.de\/fr\/wp-json\/wp\/v2\/pages"}],"about":[{"href":"https:\/\/vtsracing.de\/fr\/wp-json\/wp\/v2\/types\/page"}],"author":[{"embeddable":true,"href":"https:\/\/vtsracing.de\/fr\/wp-json\/wp\/v2\/users\/1"}],"replies":[{"embeddable":true,"href":"https:\/\/vtsracing.de\/fr\/wp-json\/wp\/v2\/comments?post=2272"}],"version-history":[{"count":16,"href":"https:\/\/vtsracing.de\/fr\/wp-json\/wp\/v2\/pages\/2272\/revisions"}],"predecessor-version":[{"id":2712,"href":"https:\/\/vtsracing.de\/fr\/wp-json\/wp\/v2\/pages\/2272\/revisions\/2712"}],"wp:attachment":[{"href":"https:\/\/vtsracing.de\/fr\/wp-json\/wp\/v2\/media?parent=2272"}],"curies":[{"name":"wp","href":"https:\/\/api.w.org\/{rel}","templated":true}]}}