{"id":1038,"date":"2022-12-08T16:29:39","date_gmt":"2022-12-08T15:29:39","guid":{"rendered":"https:\/\/vtsracing.de\/expedition-et-modes-de-paiement\/"},"modified":"2023-04-25T11:48:38","modified_gmt":"2023-04-25T09:48:38","slug":"expedition-et-modes-de-paiement","status":"publish","type":"page","link":"https:\/\/vtsracing.de\/fr\/expedition-et-modes-de-paiement\/","title":{"rendered":"Exp\u00e9dition et modes de paiement"},"content":{"rendered":"<section class=\"l-section wpb_row us_custom_72fc42ef height_small\"><div class=\"l-section-h i-cf\"><div class=\"g-cols vc_row via_grid cols_1 laptops-cols_inherit tablets-cols_inherit mobiles-cols_1 valign_top type_default stacking_default\"><div class=\"wpb_column vc_column_container\"><div class=\"vc_column-inner\"><div class=\"wpb_text_column\"><div class=\"wpb_wrapper\"><h5>Frais de livraison :<\/h5>\n<p>&nbsp;<\/p>\n<table style=\"width: 90.8905%; border-collapse: collapse; border-style: solid; border-color: #828282; height: 93px;\" border=\"1px\">\n<tbody>\n<tr style=\"height: 24px;\">\n<th style=\"width: 38.5062%; background-color: #00463b; vertical-align: middle; height: 24px; text-align: left;\"><\/th>\n<td style=\"background-color: #00463b; vertical-align: middle; height: 24px; text-align: center; width: 8%;\"><span style=\"color: #ffffff;\">jusqu&rsquo;\u00e0 2kg<\/span><\/td>\n<td style=\"background-color: #00463b; vertical-align: middle; height: 24px; text-align: center; width: 8%;\"><span style=\"color: #ffffff;\">jusqu&rsquo;\u00e0 5kg<\/span><\/td>\n<td style=\"background-color: #00463b; vertical-align: middle; height: 24px; text-align: center; width: 8%;\"><span style=\"color: #ffffff;\">jusqu&rsquo;\u00e0 10kg<\/span><\/td>\n<td style=\"background-color: #00463b; vertical-align: middle; text-align: center; width: 8%; height: 24px;\"><span style=\"color: #ffffff;\">jusqu&rsquo;\u00e0 20kg<br \/>\n<\/span><\/td>\n<td style=\"background-color: #00463b; vertical-align: middle; height: 24px; text-align: center; width: 8%;\"><span style=\"color: #ffffff;\">jusqu&rsquo;\u00e0 31,5kg<\/span><\/td>\n<\/tr>\n<tr style=\"height: 45px;\">\n<td style=\"width: 38.5062%; text-align: left; height: 27px;\"><strong>Int\u00e9rieur<\/strong><\/td>\n<td style=\"text-align: center; width: 8%; height: 20px;\">9 EUR<\/td>\n<td style=\"text-align: center; width: 8%; height: 27px;\">12 EUR<\/td>\n<td style=\"text-align: center; width: 8%; height: 27px;\">15 EUR<\/td>\n<td style=\"text-align: center; width: 8%; height: 27px;\">&#8211;<\/td>\n<td style=\"text-align: center; width: 8%; height: 27px;\">25 EUR<\/td>\n<\/tr>\n<tr style=\"height: 45px;\">\n<td style=\"width: 38.5062%; background-color: #f2f2f2; text-align: left; height: 20px;\"><strong>Zone 1 <\/strong>&#8211; Au sein de l&rsquo;UE<strong><br \/>\n<\/strong><\/td>\n<td style=\"background-color: #f2f2f2; text-align: center; width: 8%; height: 20px;\">20 EUR<\/td>\n<td style=\"background-color: #f2f2f2; text-align: center; width: 8%; height: 20px;\">22 EUR<\/td>\n<td style=\"background-color: #f2f2f2; text-align: center; width: 8%; height: 20px;\">27 EUR<\/td>\n<td style=\"background-color: #f2f2f2; text-align: center; width: 8%; height: 20px;\">38 EUR<\/td>\n<td style=\"background-color: #f2f2f2; text-align: center; width: 8%; height: 20px;\">51 EUR<\/td>\n<\/tr>\n<tr style=\"height: 45px;\">\n<td style=\"width: 38.5062%; text-align: left; height: 27px;\"><strong>Zone 2 <\/strong>&#8211; Royaume-Uni, Suisse<\/td>\n<td style=\"text-align: center; width: 8%; height: 20px;\">&#8211;<\/td>\n<td style=\"text-align: center; width: 8%; height: 27px;\">38 EUR<\/td>\n<td style=\"text-align: center; width: 8%; height: 27px;\">46 EUR<\/td>\n<td style=\"text-align: center; width: 8%; height: 27px;\">60 EUR<\/td>\n<td style=\"text-align: center; width: 8%; height: 27px;\">67 EUR<\/td>\n<\/tr>\n<\/tbody>\n<\/table>\n<\/div><\/div><div class=\"wpb_text_column us_custom_d2199d32\"><div class=\"wpb_wrapper\"><p>Pour les marchandises encombrantes, nous facturons un suppl\u00e9ment de 40,00 EUR par colis.<\/p>\n<\/div><\/div><\/div><\/div><\/div><\/div><\/section><section class=\"l-section wpb_row us_custom_f029a2ba height_small\"><div class=\"l-section-h i-cf\"><div class=\"g-cols vc_row via_grid cols_1 laptops-cols_inherit tablets-cols_inherit mobiles-cols_1 valign_top type_default stacking_default\"><div class=\"wpb_column vc_column_container\"><div class=\"vc_column-inner\"><div class=\"wpb_text_column\"><div class=\"wpb_wrapper\"><h5>Modes de paiement :<\/h5>\n<div class=\"woocommerce woocommerce-gzd\">\n<ul class=\"payment_methods methods\">\n<li class=\"payment_method_bacs\"><label><br \/>\n  <strong>Paiement anticip\u00e9<\/strong><\/p>\n<p><\/label>Vire directement \u00e0 notre compte bancaire. Veuillez utiliser le num\u00e9ro de commande comme motif de paiement. Ta commande ne sera envoy\u00e9e qu&rsquo;apr\u00e8s r\u00e9ception de l&rsquo;argent sur notre compte.<\/li>\n<li class=\"payment_method_ppcp-gateway\"><label><br \/>\n  <strong>PayPal<\/strong><\/p>\n<p><\/label>Payer avec PayPal.<\/li>\n<\/ul>\n<\/div>\n<\/div><\/div><\/div><\/div><\/div><\/div><\/section>\n","protected":false},"excerpt":{"rendered":"Frais de livraison : &nbsp; jusqu&rsquo;\u00e0 2kg jusqu&rsquo;\u00e0 5kg jusqu&rsquo;\u00e0 10kg jusqu&rsquo;\u00e0 20kg jusqu&rsquo;\u00e0 31,5kg Int\u00e9rieur 9 EUR 12 EUR 15 EUR &#8211; 25 EUR Zone 1 &#8211; Au sein de l&rsquo;UE 20 EUR 22 EUR 27 EUR 38 EUR 51 EUR Zone 2 &#8211; Royaume-Uni, Suisse &#8211; 38 EUR 46 EUR 60 EUR 67...","protected":false},"author":1,"featured_media":0,"parent":0,"menu_order":0,"comment_status":"closed","ping_status":"closed","template":"","meta":{"footnotes":""},"class_list":["post-1038","page","type-page","status-publish","hentry"],"_links":{"self":[{"href":"https:\/\/vtsracing.de\/fr\/wp-json\/wp\/v2\/pages\/1038","targetHints":{"allow":["GET"]}}],"collection":[{"href":"https:\/\/vtsracing.de\/fr\/wp-json\/wp\/v2\/pages"}],"about":[{"href":"https:\/\/vtsracing.de\/fr\/wp-json\/wp\/v2\/types\/page"}],"author":[{"embeddable":true,"href":"https:\/\/vtsracing.de\/fr\/wp-json\/wp\/v2\/users\/1"}],"replies":[{"embeddable":true,"href":"https:\/\/vtsracing.de\/fr\/wp-json\/wp\/v2\/comments?post=1038"}],"version-history":[{"count":7,"href":"https:\/\/vtsracing.de\/fr\/wp-json\/wp\/v2\/pages\/1038\/revisions"}],"predecessor-version":[{"id":2374,"href":"https:\/\/vtsracing.de\/fr\/wp-json\/wp\/v2\/pages\/1038\/revisions\/2374"}],"wp:attachment":[{"href":"https:\/\/vtsracing.de\/fr\/wp-json\/wp\/v2\/media?parent=1038"}],"curies":[{"name":"wp","href":"https:\/\/api.w.org\/{rel}","templated":true}]}}