{"id":795,"date":"2022-12-08T16:29:39","date_gmt":"2022-12-08T15:29:39","guid":{"rendered":"https:\/\/vtsracing.de\/cancellation-policy\/"},"modified":"2023-02-20T12:57:45","modified_gmt":"2023-02-20T11:57:45","slug":"cancellation-policy","status":"publish","type":"page","link":"https:\/\/vtsracing.de\/en\/cancellation-policy\/","title":{"rendered":"Cancellation policy"},"content":{"rendered":"<section class=\"l-section wpb_row height_small\"><div class=\"l-section-h i-cf\"><div class=\"g-cols vc_row via_grid cols_1 laptops-cols_inherit tablets-cols_inherit mobiles-cols_1 valign_top type_default stacking_default\"><div class=\"wpb_column vc_column_container\"><div class=\"vc_column-inner\"><div class=\"wpb_text_column\"><div class=\"wpb_wrapper\"><h2><span style=\"color: #00463b;\">Widerrufsbelehrung<\/span><\/h2>\n<p>Soweit Sie beim Besuch unserer Homepage Waren bestellen m\u00f6chten, m\u00f6chten wir Sie auf Folgendes hinweisen:<\/p>\n<p><strong>\u00a7 1<\/strong> Die f\u00fcr den Vertragsschluss zur Verf\u00fcgung stehende Sprache ist ausschlie\u00dflich Deutsch.<\/p>\n<p><strong>\u00a7 2<\/strong> Die wesentlichen Merkmale der von uns angebotenen Waren sowie die G\u00fcltigkeitsdauer befristeter Angebote entnehmen Sie bitte den einzelnen Produktbeschreibungen im Rahmen unseres Internet-Angebots.<\/p>\n<p><strong>\u00a7 3<\/strong> Die Pr\u00e4sentation unserer Waren stellt kein bindendes Angebot unsererseits dar. Erst die Bestellung einer Ware durch Sie ist ein bindendes Angebot nach \u00a7 145 BGB. Im Falle der Annahme dieses Angebots versenden wir eine Auftragsbest\u00e4tigung per E-Mail. Damit kommt der Kaufvertrag zwischen Ihnen und uns zustande.<\/p>\n<p><strong>\u00a7 4<\/strong> Etwaige Eingabefehler bei Abgabe Ihrer Bestellung k\u00f6nnen Sie bei der abschlie\u00dfenden Best\u00e4tigung vor der Kasse erkennen und mit Hilfe der L\u00f6sch- und \u00c4nderungsfunktion vor Absendung der Bestellung jederzeit korrigieren.<\/p>\n<p><strong>\u00a7 5<\/strong> Die von uns angegebenen Preise verstehen sich als Endpreise inklusive Steuern innerhalb der Bundesrepublik Deutschland.<\/p>\n<p>5.1 <strong>Die Versendung der Artikel erfolgt versandkostenfrei innerhalb Deutschland (ausgenommen die deutschen Inseln).<\/strong><\/p>\n<p><strong>\u00a7 6<\/strong> Der Kaufpreis wird sofort nach Bestellung f\u00e4llig. Die Zahlung der Ware kann erfolgen:<\/p>\n<p>\u2022 Per Paypal<br \/>\n\u2022 Per Vorkasse<\/p>\n<p><strong>\u00a7 7<\/strong> Die f\u00fcr die Abwicklung des Vertrags zwischen Ihnen und uns ben\u00f6tigten Daten werden von uns gespeichert und sind f\u00fcr Sie jederzeit zug\u00e4nglich. Insoweit verweisen wir auf unsere Datenschutzbestimmungen.<\/p>\n<p><strong>\u00a7 8<\/strong> Zum Widerrufsrecht (gilt nur f\u00fcr Verbraucher)<\/p>\n<p><strong>\u00a7 9<\/strong> Widerrufsbelehrung und Hinweise zum Ausschluss des Widerrufsrechtes<\/p>\n<p>9.1 Dem Verbraucher steht bei Anwendbarkeit der Vorschriften \u00fcber Fernabsatzvertr\u00e4ge grunds\u00e4tzlich ein Widerrufsrecht nach Ma\u00dfgabe der folgenden Belehrung zu: (bitten beachten Sie aber Ziffer 10.2):<\/p>\n<p><strong>Widerrufsbelehrung<\/strong><\/p>\n<p><strong><span style=\"text-decoration: underline;\">Widerrufsrecht:<\/span><\/strong><\/p>\n<p><strong>Sie haben das Recht, binnen vierzehn Tagen ohne Angabe von Gr\u00fcnden diesen Vertrag zu widerrufen. <\/strong><br \/>\n<strong>Die Widerrufsfrist betr\u00e4gt vierzehn Tage ab dem Tag, an dem Sie oder ein von Ihnen benannter Dritter, der nicht der Bef\u00f6rderer ist, die Waren in Besitz genommen haben bzw. hat. <\/strong><br \/>\n<strong>Um Ihr Widerrufsrecht auszu\u00fcben, m\u00fcssen Sie uns<\/strong><\/p>\n<p><strong>Thomas Schuhmann Innenausbau GmbH<\/strong><br \/>\n<strong>gesetzlich vertreten durch den Gesch\u00e4ftsf\u00fchrer Thomas Schuhmann, <\/strong><br \/>\n<strong>Zum Ruhstein 7, <\/strong><br \/>\n<strong>96110 Sche\u00dflitz<\/strong><br \/>\n<strong>Tel: 09542\/7585, Fax 09542\/1648, E-Mail: <a href=\"mailto:info@vtsracing.de\">info@vtsracing.de<\/a><\/strong><\/p>\n<p>&nbsp;<\/p>\n<p><strong>mittels einer eindeutigen Erkl\u00e4rung (z.B. ein mit der Post versandter Brief, Telefax oder E-Mail) \u00fcber Ihren Entschluss, diesen Vertrag zu widerrufen, informieren. Sie k\u00f6nnen daf\u00fcr das beigef\u00fcgte Widerrufsformular verwenden, das jedoch nicht vorgeschrieben ist. <\/strong><br \/>\n<strong>Zur Wahrung der Widerrufsfrist reicht es aus, dass Sie die Mitteilung \u00fcber die Aus\u00fcbung des Widerrufsrechts vor Ablauf der Widerrufsfrist absenden.<\/strong><\/p>\n<p><strong><span style=\"text-decoration: underline;\">Folgen des Widerrufs: <\/span><\/strong><\/p>\n<p><strong>Wenn Sie diesen Vertrag widerrufen, haben wir Ihnen alle Zahlungen, die wir von Ihnen erhalten haben, einschlie\u00dflich der Lieferkosten (mit Ausnahme der zus\u00e4tzlichen Kosten, die sich daraus ergeben, dass Sie eine andere Art der Lieferung als die von uns angebotene, g\u00fcnstigste Standardlieferung gew\u00e4hlt haben), unverz\u00fcglich und sp\u00e4testens binnen vierzehn Tagen ab dem Tag zur\u00fcckzuzahlen, an dem die Mitteilung \u00fcber Ihren Widerruf dieses Vertrags bei uns eingegangen ist. F\u00fcr diese R\u00fcckzahlung verwenden wir dasselbe Zahlungsmittel, das Sie bei der urspr\u00fcnglichen Transaktion eingesetzt haben, es sei denn, mit Ihnen wurde ausdr\u00fccklich etwas anderes vereinbart; in keinem Fall werden Ihnen wegen dieser R\u00fcckzahlung Entgelte berechnet. Wir k\u00f6nnen die R\u00fcckzahlung verweigern, bis wir die Waren wieder zur\u00fcckerhalten haben oder bis Sie den Nachweis erbracht haben, dass Sie die Waren zur\u00fcckgesandt haben, je nachdem, welches der fr\u00fchere Zeitpunkt ist.<\/strong><br \/>\n<strong>Sie haben die Waren unverz\u00fcglich und in jedem Fall sp\u00e4testens binnen vierzehn Tagen ab dem Tag, an dem Sie uns \u00fcber den Widerruf dieses Vertrags unterrichten, an uns zur\u00fcckzusenden oder zu \u00fcbergeben. Die Frist ist gewahrt, wenn Sie die Waren vor Ablauf der Frist von vierzehn Tagen absenden. Sie tragen die unmittelbaren Kosten der R\u00fccksendung der Waren.<\/strong><br \/>\n<strong>Sie m\u00fcssen f\u00fcr einen etwaigen Wertverlust der Waren nur aufkommen, wenn dieser Wertverlust auf einen zur Pr\u00fcfung der Beschaffenheit, Eigenschaften und Funktionsweise der Waren nicht notwendigen Umgang mit ihnen zur\u00fcckzuf\u00fchren ist.<\/strong><\/p>\n<p><strong>-Ende der Widerrufsbelehrung-<\/strong><\/p>\n<p>9.2 Das Widerrufsrecht besteht gem\u00e4\u00df \u00a7 312 d Abs. 4 BGB n\u00e4mlich nicht bei Fernabsatzvertr\u00e4gen (keine abschlie\u00dfende Aufz\u00e4hlung):<\/p>\n<p>\u2022 zur Lieferung von Waren, <span style=\"text-decoration: underline;\">die nach Kundenspezifikation angefertigt werden<\/span> oder eindeutig auf die pers\u00f6nlichen Bed\u00fcrfnisse zugeschnitten sind oder die aufgrund ihrer Beschaffenheit nicht f\u00fcr eine R\u00fccksendung geeignet sind oder schnell verderben k\u00f6nnen oder deren Verfalldatum \u00fcberschritten wurde (\u00a7 312 d Abs. 4 Nr. 1 BGB).<\/p>\n<p><strong>\u00a7 10<\/strong> Im \u00dcbrigen verweisen wir auf unsere <a href=\"https:\/\/vtsracing.de\/en\/agb\/\" target=\"_self\" rel=\"noopener\">Allgemeinen Gesch\u00e4ftsbedingungen<\/a>.<\/p>\n<p>Ihre Thomas Schuhmann Innenausbau GmbH<\/p>\n<\/div><\/div><\/div><\/div><\/div><\/div><\/section>\n","protected":false},"excerpt":{"rendered":"Widerrufsbelehrung Soweit Sie beim Besuch unserer Homepage Waren bestellen m\u00f6chten, m\u00f6chten wir Sie auf Folgendes hinweisen: \u00a7 1 Die f\u00fcr den Vertragsschluss zur Verf\u00fcgung stehende Sprache ist ausschlie\u00dflich Deutsch. \u00a7 2 Die wesentlichen Merkmale der von uns angebotenen Waren sowie die G\u00fcltigkeitsdauer befristeter Angebote entnehmen Sie bitte den einzelnen Produktbeschreibungen im Rahmen unseres Internet-Angebots. \u00a7...","protected":false},"author":1,"featured_media":0,"parent":0,"menu_order":0,"comment_status":"closed","ping_status":"closed","template":"","meta":{"footnotes":""},"class_list":["post-795","page","type-page","status-publish","hentry"],"_links":{"self":[{"href":"https:\/\/vtsracing.de\/en\/wp-json\/wp\/v2\/pages\/795","targetHints":{"allow":["GET"]}}],"collection":[{"href":"https:\/\/vtsracing.de\/en\/wp-json\/wp\/v2\/pages"}],"about":[{"href":"https:\/\/vtsracing.de\/en\/wp-json\/wp\/v2\/types\/page"}],"author":[{"embeddable":true,"href":"https:\/\/vtsracing.de\/en\/wp-json\/wp\/v2\/users\/1"}],"replies":[{"embeddable":true,"href":"https:\/\/vtsracing.de\/en\/wp-json\/wp\/v2\/comments?post=795"}],"version-history":[{"count":11,"href":"https:\/\/vtsracing.de\/en\/wp-json\/wp\/v2\/pages\/795\/revisions"}],"predecessor-version":[{"id":832,"href":"https:\/\/vtsracing.de\/en\/wp-json\/wp\/v2\/pages\/795\/revisions\/832"}],"wp:attachment":[{"href":"https:\/\/vtsracing.de\/en\/wp-json\/wp\/v2\/media?parent=795"}],"curies":[{"name":"wp","href":"https:\/\/api.w.org\/{rel}","templated":true}]}}