{"id":784,"date":"2022-12-07T11:00:11","date_gmt":"2022-12-07T10:00:11","guid":{"rendered":"https:\/\/vtsracing.de\/imprint\/"},"modified":"2023-02-20T12:58:20","modified_gmt":"2023-02-20T11:58:20","slug":"imprint","status":"publish","type":"page","link":"https:\/\/vtsracing.de\/en\/imprint\/","title":{"rendered":"Imprint"},"content":{"rendered":"<section class=\"l-section wpb_row height_small\"><div class=\"l-section-h i-cf\"><div class=\"g-cols vc_row via_grid cols_1 laptops-cols_inherit tablets-cols_inherit mobiles-cols_1 valign_top type_default stacking_default\"><div class=\"wpb_column vc_column_container\"><div class=\"vc_column-inner\"><div class=\"wpb_text_column\"><div class=\"wpb_wrapper\"><div class=\" et_pb_row et_pb_row_1\">\n<div class=\"et_pb_column et_pb_column_4_4 et_pb_column_1\">\n<div class=\"et_pb_text et_pb_module et_pb_bg_layout_light et_pb_text_align_left et_pb_text_0\">\n<h1><span style=\"color: #00463b;\">Impressum<\/span><\/h1>\n<p><strong>Angaben gem\u00e4\u00df \u00a7 5 TMG:<br \/>\n<\/strong>Thomas Schuhmann Innenausbau GmbH<\/p>\n<p><strong>Postanschrift:<\/strong><br \/>\nZum Ruhstein 7<br \/>\n96110 Sche\u00dflitz<\/p>\n<p><strong>Kontakt:<br \/>\n<\/strong>Telefon: 09542 7585<br \/>\nTelefax: 09542 1648<br \/>\nE-Mail: <a href=\"mailto:info@thomasschuhmann.de\">info@thomasschuhmann.de<\/a><\/p>\n<p><strong>Vertreten durch:<br \/>\n<\/strong>Thomas Schuhmann<\/p>\n<p><strong>Eingetragen am<br \/>\n<\/strong>Amtsgericht Bamberg<br \/>\nAbt. B Nr. 2174<\/p>\n<p><strong>Umsatzsteuer-Identifikationsnummer<br \/>\n<\/strong>DE132277071<\/p>\n<p><strong>Urheberrechtliche Hinweise<br \/>\n<\/strong>Thomas Schuhmann Innenausbau GmbH<br \/>\nHOBA (Holzbau Schmid GmbH &amp; Co. KG)<\/p>\n<p>Alle Informationen und Erkl\u00e4rungen dieser Internetseiten sind unverbindlich. Die Firma Thomas Schuhmann Innenausbau GmbH \u00fcbernimmt f\u00fcr die Richtigkeit und Vollst\u00e4ndigkeit der Inhalte keine Gew\u00e4hr. Es wird keine Garantie \u00fcbernommen und keine Zusicherung von Produkteigenschaften gemacht. Aus den Inhalten der Internetseiten ergeben sich keine Rechtsanspr\u00fcche. Fehler im Inhalt werden bei Kenntnis dar\u00fcber unverz\u00fcglich korrigiert. Die Inhalte der Internetseiten k\u00f6nnen durch zeitverz\u00f6gerte Aktualisierung nicht permanent aktuell sein. Bitte fragen Sie uns daher zu dem Stand, technischen Details und Lieferbarkeit der Produkte und Dienstleistungen. Links auf andere Internetseiten werden nicht permanent kontrolliert. Somit \u00fcbernehmen wir keine Verantwortung f\u00fcr den Inhalt verlinkter Seiten.<\/p>\n<p><strong>Urheberrechte und sonstige Sonderschutzrechte<\/strong><br \/>\nDer Inhalt dieser Internetseiten ist urheberrechtlich gesch\u00fctzt. Es darf eine Kopie der Informationen der Internetseiten auf einem einzigen Computer f\u00fcr den nicht-kommerziellen und pers\u00f6nlichen internen Gebrauch gespeichert werden. Grafiken, Texte, Logos, Bilder usw. d\u00fcrfen nur nach schriftlicher Genehmigung durch die Firma Thomas Schuhmann Innenausbau GmbH heruntergeladen, vervielf\u00e4ltigt, kopiert, ge\u00e4ndert, ver\u00f6ffentlicht, versendet, \u00fcbertragen oder in sonstiger Form genutzt werden. Bei genannten Produkt- und Firmennamen kann es sich um eingetragene Warenzeichen oder Marken handeln. Die unberechtigte Verwendung kann zu Schadensersatzanspr\u00fcchen und Unterlassungsanspr\u00fcchen f\u00fchren.<\/p>\n<p><strong>Erl\u00e4uterungen zum Datenschutz<\/strong><br \/>\nWir verweisen hierzu auf unsere <a title=\"Datenschutzerkl\u00e4rung\" href=\"http:\/\/eichenfrau.info\/datenschutzhinweise\/\">Datenschutzerkl\u00e4rung<\/a>.<\/p>\n<p><strong>Bildmaterial<\/strong><br \/>\nThomas Schuhmann Innenausbau GmbH<\/p>\n<p><strong>Links zu anderen Websites<\/strong><br \/>\nDie Webseiten der Firma Thomas Schuhmann Innenausbau GmbH enthalten gegebenenfalls Links zu anderen Websites. Die Firma Thomas Schuhmann Innenausbau GmbH hat keinen Einfluss auf den redaktionellen Inhalt fremder Webseiten und darauf, dass deren Betreiber die Datenschutzbestimmungen einhalten.<\/p>\n<\/div>\n<\/div>\n<\/div>\n<\/div><\/div><\/div><\/div><\/div><\/div><\/section><section class=\"l-section wpb_row height_small\"><div class=\"l-section-h i-cf\"><div class=\"g-cols vc_row via_grid cols_1 laptops-cols_inherit tablets-cols_inherit mobiles-cols_1 valign_top type_default stacking_default\"><div class=\"wpb_column vc_column_container\"><div class=\"vc_column-inner\"><div class=\"wpb_text_column\"><div class=\"wpb_wrapper\"><div class=\"woocommerce woocommerce-gzd woocommerce-gzd-complaints-shortcode\">\n\t\t\t<h3>Alternative Dispute Resolution in accordance with Art. 14 (1) ODR-VO and \u00a7 36 VSBG:<\/h3>\n\t\n<\/div>\n<\/div><\/div><\/div><\/div><\/div><\/div><\/section>\n","protected":false},"excerpt":{"rendered":"Impressum Angaben gem\u00e4\u00df \u00a7 5 TMG: Thomas Schuhmann Innenausbau GmbH Postanschrift: Zum Ruhstein 7 96110 Sche\u00dflitz Kontakt: Telefon: 09542 7585 Telefax: 09542 1648 E-Mail: info@thomasschuhmann.de Vertreten durch: Thomas Schuhmann Eingetragen am Amtsgericht Bamberg Abt. B Nr. 2174 Umsatzsteuer-Identifikationsnummer DE132277071 Urheberrechtliche Hinweise Thomas Schuhmann Innenausbau GmbH HOBA (Holzbau Schmid GmbH &amp; Co. KG) Alle Informationen und...","protected":false},"author":1,"featured_media":0,"parent":0,"menu_order":0,"comment_status":"closed","ping_status":"closed","template":"","meta":{"footnotes":""},"class_list":["post-784","page","type-page","status-publish","hentry"],"_links":{"self":[{"href":"https:\/\/vtsracing.de\/en\/wp-json\/wp\/v2\/pages\/784","targetHints":{"allow":["GET"]}}],"collection":[{"href":"https:\/\/vtsracing.de\/en\/wp-json\/wp\/v2\/pages"}],"about":[{"href":"https:\/\/vtsracing.de\/en\/wp-json\/wp\/v2\/types\/page"}],"author":[{"embeddable":true,"href":"https:\/\/vtsracing.de\/en\/wp-json\/wp\/v2\/users\/1"}],"replies":[{"embeddable":true,"href":"https:\/\/vtsracing.de\/en\/wp-json\/wp\/v2\/comments?post=784"}],"version-history":[{"count":7,"href":"https:\/\/vtsracing.de\/en\/wp-json\/wp\/v2\/pages\/784\/revisions"}],"predecessor-version":[{"id":838,"href":"https:\/\/vtsracing.de\/en\/wp-json\/wp\/v2\/pages\/784\/revisions\/838"}],"wp:attachment":[{"href":"https:\/\/vtsracing.de\/en\/wp-json\/wp\/v2\/media?parent=784"}],"curies":[{"name":"wp","href":"https:\/\/api.w.org\/{rel}","templated":true}]}}